{"id":75812,"date":"2024-05-24T10:44:42","date_gmt":"2024-05-24T08:44:42","guid":{"rendered":"https:\/\/martehelgetun.no\/?post_type=product&#038;p=75812"},"modified":"2026-04-15T11:23:36","modified_gmt":"2026-04-15T09:23:36","slug":"redesigned-project-18-walnut-pinnemappe","status":"publish","type":"product","link":"https:\/\/martehelgetun.no\/en\/product\/redesigned-project-18-walnut-pinnemappe\/","title":{"rendered":"Re:Designed Project 18 Walnut Pinnemappe"},"content":{"rendered":"<div class=\"et_pb_tab clearfix et_pb_active_content et-pb-active-slide\">\n<div class=\"et_pb_tab_content\">\n<p>P\u00e5 innsiden av mappen finner du en verden av organisering med flere rom og lommer, som gj\u00f8r det enkelt \u00e5 finne den riktige n\u00e5len eller kroken. Fra kaos til enkel kreativitet!<\/p>\n<div class=\"flex flex-grow flex-col max-w-full\">\n<div class=\"min-h-[20px] text-message flex flex-col items-start whitespace-pre-wrap break-words [.text-message+&amp;]:mt-5 juice:w-full juice:items-end overflow-x-auto gap-2\" dir=\"auto\" data-message-author-role=\"assistant\" data-message-id=\"f59e43fa-fe51-44bc-b142-4379de83d2ce\">\n<div class=\"flex w-full flex-col gap-1 juice:empty:hidden juice:first:pt-[3px]\">\n<div class=\"markdown prose w-full break-words dark:prose-invert light\">\n<p>PROSJEKT 18 er laget av v\u00e5r Urban-kvalitet, som er naturlig farget kuskinn. F\u00f8r overflaten ferdigbehandles, behandles den med farge for \u00e5 bevare det originale m\u00f8nsteret i det r\u00e5 skinnet. Kvaliteten kjennetegnes av sitt naturlige utseende og myke f\u00f8lelse. Hvert produkt er unikt. Etter at skinnet er farget, p\u00e5f\u00f8res et lett vokslag manuelt p\u00e5 overflaten. Du kan eventuelt p\u00e5f\u00f8re RE:DESIGNED l\u00e6rbalsam p\u00e5 saken din for \u00e5 forbedre holdbarheten til l\u00e6ret og gj\u00f8re det mer motstandsdyktig mot skitt og vann.<\/p>\n<\/div>\n<\/div>\n<\/div>\n<\/div>\n<p>Farge: Walnut\/Gold<br \/>\nKvalitet: 100 % skinn<br \/>\nM\u00e5l: H:18 x B:26 x D:5 cm<\/p>\n<\/div>\n<\/div>\n","protected":false},"excerpt":{"rendered":"<p>Arkivmappe i skinn for strikkepinner, Prosjekt 18 \u2013 en perfekt for deg som liker h\u00e5ndarbeid! Denne mappen er skreddersydd for rundpinner, heklen\u00e5ler og tilbeh\u00f8r. Med en praktisk trykknapplukking holder den orden p\u00e5 pinene p\u00e5 en klassisk og veldig oversiktlig m\u00e5te. Inni finner du flere rom og lommer, noe som gj\u00f8r det enkelt \u00e5 finne riktig pinne eller heklen\u00e5l. Farvel til kaos \u2013 si hallo til enkel kreativitet!<\/p>\n","protected":false},"featured_media":75821,"template":"","meta":{"_acf_changed":false,"_relevanssi_hide_post":"","_relevanssi_hide_content":"","_relevanssi_pin_for_all":"","_relevanssi_pin_keywords":"","_relevanssi_unpin_keywords":"","_relevanssi_related_keywords":"","_relevanssi_related_include_ids":"","_relevanssi_related_exclude_ids":"","_relevanssi_related_no_append":"","_relevanssi_related_not_related":"","_relevanssi_related_posts":"","_relevanssi_noindex_reason":""},"product_brand":[],"product_cat":[745,671],"product_tag":[],"class_list":{"0":"post-75812","1":"product","2":"type-product","3":"status-publish","4":"has-post-thumbnail","6":"product_cat-re-designed-project","7":"product_cat-oppbevaring","9":"first","10":"instock","11":"taxable","12":"shipping-taxable","13":"purchasable","14":"product-type-simple"},"acf":[],"_links":{"self":[{"href":"https:\/\/martehelgetun.no\/en\/wp-json\/wp\/v2\/product\/75812","targetHints":{"allow":["GET"]}}],"collection":[{"href":"https:\/\/martehelgetun.no\/en\/wp-json\/wp\/v2\/product"}],"about":[{"href":"https:\/\/martehelgetun.no\/en\/wp-json\/wp\/v2\/types\/product"}],"wp:featuredmedia":[{"embeddable":true,"href":"https:\/\/martehelgetun.no\/en\/wp-json\/wp\/v2\/media\/75821"}],"wp:attachment":[{"href":"https:\/\/martehelgetun.no\/en\/wp-json\/wp\/v2\/media?parent=75812"}],"wp:term":[{"taxonomy":"product_brand","embeddable":true,"href":"https:\/\/martehelgetun.no\/en\/wp-json\/wp\/v2\/product_brand?post=75812"},{"taxonomy":"product_cat","embeddable":true,"href":"https:\/\/martehelgetun.no\/en\/wp-json\/wp\/v2\/product_cat?post=75812"},{"taxonomy":"product_tag","embeddable":true,"href":"https:\/\/martehelgetun.no\/en\/wp-json\/wp\/v2\/product_tag?post=75812"}],"curies":[{"name":"wp","href":"https:\/\/api.w.org\/{rel}","templated":true}]}}