{"id":75743,"date":"2024-05-23T16:16:06","date_gmt":"2024-05-23T14:16:06","guid":{"rendered":"https:\/\/martehelgetun.no\/?post_type=product&#038;p=75743"},"modified":"2026-04-22T14:37:33","modified_gmt":"2026-04-22T12:37:33","slug":"linkjole","status":"publish","type":"product","link":"https:\/\/martehelgetun.no\/en\/product\/linkjole\/","title":{"rendered":"Linkjole"},"content":{"rendered":"<p><strong>ST\u00d8RRELSER OG M\u00c5L<br \/>\n<\/strong>St\u00f8rrelser: (XS) S (M) L (XL) XXL<br \/>\nOvervidde: (92) 103 (115) 125 (136) 147cm<br \/>\nHel lengde: (80) 85 (90) 95 (100) 105 cm. M\u00e5l midt p\u00e5 skulderen<\/p>\n<p>&nbsp;<\/p>\n<p><strong>GARN OG GARNFORBRUK<br \/>\n<\/strong>Line fra Sandnes Garn<br \/>\n(8) 8 (9) 10 (11) 12 n\u00f8ster nr. 1015 Kitt<br \/>\n2 n\u00f8ster nr. 6061 M\u00f8rk gr\u00e5bl\u00e5<\/p>\n<p>&nbsp;<\/p>\n<p><strong>PINNE OG STRIKKEFASTHET<br \/>\n<\/strong>Rundpinne 80 og 40 cm nr. 4<br \/>\n22 masker glattstrikk p\u00e5 pinne nr. 4 = 10 cm i bredden<\/p>\n","protected":false},"excerpt":{"rendered":"<p>Lin har en svalende effekt og passer derfor fint til sommerplagg. Garnet Line har litt lin i seg sammen\u00a0med bomull og viskose. Jeg har laget en god og romslig sommerkjole med v b\u00e5de foran og bak.\u00a0Denne kan du bare trekke p\u00e5 deg, uten \u00e5 tenke p\u00e5 om det g\u00e5r inn her eller ut der. En kjole jeg flytter\u00a0inn i s\u00e5 snart v\u00e6ret tillater det. Her er det lett \u00e5 justere st\u00f8rrelsen b\u00e5de i lengde og bredde.\u00a0Kjolen er artig \u00e5 strikke, du starter med noen f\u00e5 masker bak i nakken.<\/p>\n<p>&nbsp;<\/p>\n<p>&nbsp;<\/p>\n<p><strong>Norsk og Engelsk oppskrift.<\/strong> Du f\u00e5r tilgang til alle spr\u00e5k som pdf fil ved kj\u00f8p.<\/p>\n<hr \/>\n<p data-start=\"0\" data-end=\"376\">Linen has a cooling effect, making it ideal for summer garments. The yarn Line contains a touch of linen along with cotton and viscose. I\u2019ve created a comfortable and roomy summer dress with a V-neck both in the front and the back. It\u2019s the kind of dress you can simply slip on without worrying about the fit here or there \u2013 one I\u2019ll move into as soon as the weather allows.<\/p>\n<p data-start=\"378\" data-end=\"516\">The size is easy to adjust in both length and width. It\u2019s also fun to knit \u2013 you start with just a few stitches at the back of the neck.<\/p>\n<p data-start=\"518\" data-end=\"626\" data-is-last-node=\"\" data-is-only-node=\"\"><strong>Norwegian and English pattern included.<\/strong> You will receive access to all languages as PDF files upon purchase.<\/p>\n","protected":false},"featured_media":75756,"template":"","meta":{"_acf_changed":false,"_relevanssi_hide_post":"","_relevanssi_hide_content":"","_relevanssi_pin_for_all":"","_relevanssi_pin_keywords":"","_relevanssi_unpin_keywords":"","_relevanssi_related_keywords":"","_relevanssi_related_include_ids":"","_relevanssi_related_exclude_ids":"","_relevanssi_related_no_append":"","_relevanssi_related_not_related":"","_relevanssi_related_posts":"","_relevanssi_noindex_reason":""},"product_brand":[],"product_cat":[60,201,734],"product_tag":[45,128,487,749,750,616,134,136],"class_list":{"0":"post-75743","1":"product","2":"type-product","3":"status-publish","4":"has-post-thumbnail","6":"product_cat-strikkeoppskrifter","7":"product_cat-kjoler-og-skjort","8":"product_cat-sommerstrikk","9":"product_tag-bomull","10":"product_tag-design-by-marte-helgetun","11":"product_tag-kjole-i-line","12":"product_tag-kjole-med-striper","13":"product_tag-line-sandnes-garn","14":"product_tag-linkjole","15":"product_tag-marte-helgetun","16":"product_tag-strikkeoppskrift","18":"first","19":"instock","20":"downloadable","21":"taxable","22":"shipping-taxable","23":"purchasable","24":"product-type-mht_bundle"},"acf":[],"_links":{"self":[{"href":"https:\/\/martehelgetun.no\/en\/wp-json\/wp\/v2\/product\/75743","targetHints":{"allow":["GET"]}}],"collection":[{"href":"https:\/\/martehelgetun.no\/en\/wp-json\/wp\/v2\/product"}],"about":[{"href":"https:\/\/martehelgetun.no\/en\/wp-json\/wp\/v2\/types\/product"}],"wp:featuredmedia":[{"embeddable":true,"href":"https:\/\/martehelgetun.no\/en\/wp-json\/wp\/v2\/media\/75756"}],"wp:attachment":[{"href":"https:\/\/martehelgetun.no\/en\/wp-json\/wp\/v2\/media?parent=75743"}],"wp:term":[{"taxonomy":"product_brand","embeddable":true,"href":"https:\/\/martehelgetun.no\/en\/wp-json\/wp\/v2\/product_brand?post=75743"},{"taxonomy":"product_cat","embeddable":true,"href":"https:\/\/martehelgetun.no\/en\/wp-json\/wp\/v2\/product_cat?post=75743"},{"taxonomy":"product_tag","embeddable":true,"href":"https:\/\/martehelgetun.no\/en\/wp-json\/wp\/v2\/product_tag?post=75743"}],"curies":[{"name":"wp","href":"https:\/\/api.w.org\/{rel}","templated":true}]}}