{"id":75482,"date":"2024-05-15T15:46:35","date_gmt":"2024-05-15T13:46:35","guid":{"rendered":"https:\/\/martehelgetun.no\/?post_type=product&#038;p=75482"},"modified":"2026-04-09T10:54:30","modified_gmt":"2026-04-09T08:54:30","slug":"svaberg-tee","status":"publish","type":"product","link":"https:\/\/martehelgetun.no\/en\/produkt\/svaberg-tee\/","title":{"rendered":"Svaberg Tee"},"content":{"rendered":"<p><strong>St\u00f8rrelser og m\u00e5l<\/strong><b><br \/>\n<\/b>St\u00f8rrelser: (XS) S (M) L (XL) XXL<br \/>\nOvervidde: (92) 100 (108) 116 (124) 132 cm<br \/>\nHel lengde: (56) 58 (60) 62 (64) 66 cm<\/p>\n<p>&nbsp;<\/p>\n<p><strong>Garn og garnforbruk<br \/>\n<\/strong>Line, Sandnes Garn og Lett by Marte Helgetun<br \/>\n(4) 4 (5) 6 (7) 8 n\u00f8ster Line, Kitt nr. 1015<br \/>\n(2) 2 (3) 3 (3) 4 n\u00f8ster Line, Skifer nr. 6080<span class=\"Apple-converted-space\"><br \/>\n<\/span>(2) 2 (3) 3 (4) 4 n\u00f8ster Lett nr. 01 Kitt<span class=\"Apple-converted-space\">\u00a0 <\/span><br \/>\n(1) 1 (2) 2 (2) 2 n\u00f8ster Lett nr. 06 Skifer<\/p>\n<p>&nbsp;<\/p>\n<p><strong>Pinne og strikkefasthet<\/strong><br \/>\nRundpinne 80 cm lang nr. 4,5 og 3.<br \/>\nHa gjerne en ekstra pinne eller vaier, slik at det blir lettere for deg \u00e5 strikke for- og bakstykkene.<span class=\"Apple-converted-space\"><br \/>\n<\/span>20 masker glattstrikk med en tr\u00e5d av hver kvalitet p\u00e5 pinne nr. 4,5 = 10 cm<span class=\"Apple-converted-space\">\u00a0<\/span><\/p>\n","protected":false},"excerpt":{"rendered":"<p>Sommer, sol og strikketid. Denne t-skjorten strikket jeg med en tr\u00e5d Line og en tr\u00e5d Lett og den ble akkurat passe varm til sene sommerkvelder p\u00e5 svaberget. Her g\u00e5r det fint an \u00e5 leke seg med farger og striper for slik \u00e5 lage din egen vri. T-skjorten strikkes ovenfra og ned med en tr\u00e5d av hver kvalitet.<\/p>\n<p>&nbsp;<\/p>\n<p>&nbsp;<\/p>\n<p><strong>Norsk og Engelsk oppskrift.<\/strong> Du f\u00e5r tilgang til alle spr\u00e5k som pdf fil ved kj\u00f8p.<\/p>\n","protected":false},"featured_media":75495,"template":"","meta":{"_acf_changed":false,"_relevanssi_hide_post":"","_relevanssi_hide_content":"","_relevanssi_pin_for_all":"","_relevanssi_pin_keywords":"","_relevanssi_unpin_keywords":"","_relevanssi_related_keywords":"","_relevanssi_related_include_ids":"","_relevanssi_related_exclude_ids":"","_relevanssi_related_no_append":"","_relevanssi_related_not_related":"","_relevanssi_related_posts":"","_relevanssi_noindex_reason":""},"product_cat":[60,734,279],"product_tag":[128,43,134,136,748,474,557,555],"class_list":{"0":"post-75482","1":"product","2":"type-product","3":"status-publish","4":"has-post-thumbnail","6":"product_cat-strikkeoppskrifter","7":"product_cat-sommerstrikk","8":"product_cat-topp","9":"product_tag-design-by-marte-helgetun","10":"product_tag-line","11":"product_tag-marte-helgetun","12":"product_tag-strikkeoppskrift","13":"product_tag-svaberg-tee","14":"product_tag-t-skjorte-i-line","15":"product_tag-tee-dame","16":"product_tag-tee-i-line","18":"first","19":"instock","20":"downloadable","21":"taxable","22":"shipping-taxable","23":"purchasable","24":"product-type-mht_bundle"},"acf":[],"_links":{"self":[{"href":"https:\/\/martehelgetun.no\/en\/wp-json\/wp\/v2\/product\/75482","targetHints":{"allow":["GET"]}}],"collection":[{"href":"https:\/\/martehelgetun.no\/en\/wp-json\/wp\/v2\/product"}],"about":[{"href":"https:\/\/martehelgetun.no\/en\/wp-json\/wp\/v2\/types\/product"}],"wp:featuredmedia":[{"embeddable":true,"href":"https:\/\/martehelgetun.no\/en\/wp-json\/wp\/v2\/media\/75495"}],"wp:attachment":[{"href":"https:\/\/martehelgetun.no\/en\/wp-json\/wp\/v2\/media?parent=75482"}],"wp:term":[{"taxonomy":"product_cat","embeddable":true,"href":"https:\/\/martehelgetun.no\/en\/wp-json\/wp\/v2\/product_cat?post=75482"},{"taxonomy":"product_tag","embeddable":true,"href":"https:\/\/martehelgetun.no\/en\/wp-json\/wp\/v2\/product_tag?post=75482"}],"curies":[{"name":"wp","href":"https:\/\/api.w.org\/{rel}","templated":true}]}}