{"id":74961,"date":"2024-04-24T16:01:00","date_gmt":"2024-04-24T14:01:00","guid":{"rendered":"https:\/\/martehelgetun.no\/?post_type=product&#038;p=74961"},"modified":"2025-06-10T13:09:42","modified_gmt":"2025-06-10T11:09:42","slug":"svabergsjal","status":"publish","type":"product","link":"https:\/\/martehelgetun.no\/en\/product\/svabergsjal\/","title":{"rendered":"Svabergsjal"},"content":{"rendered":"<p><strong>ST\u00d8RRELSER OG M\u00c5L<br \/>\n<\/strong>St\u00f8rrelser: En st\u00f8rrelse<br \/>\nVidde: ca 180 cm<br \/>\nH\u00f8yde: ca 50 cm<\/p>\n<p>&nbsp;<\/p>\n<p><strong>GARN OG GARNFORBRUK<br \/>\n<\/strong>Lunt Fargespill by Marte Helgetun<br \/>\n1 n\u00f8ste Lunt Fargespill nr. 03 Jeansbl\u00e5<\/p>\n<p>&nbsp;<\/p>\n<p><strong>PINNER OG STRIKKEFASTHET<br \/>\n<\/strong>80 cm rundpinne nr. 4 mm<br \/>\n1 liten flettepinne.<br \/>\n24 masker glattstrikk p\u00e5 pinne nr. 4 mm = 10 cm i bredden<\/p>\n","protected":false},"excerpt":{"rendered":"<p>Et nett lite sjal til \u00e5 legge over skuldrene n\u00e5r man nyter rolige dager ved sj\u00f8en. Med kun ett\u00a0n\u00f8ste Lunt Fargespill og noen rader med enkle fletter blir dette sjalet til, nesten helt av seg\u00a0selv. Du starter med noen f\u00e5 masker midt p\u00e5 langsiden oppe ved ansiktet og \u00f8ker deg utover\u00a0b\u00e5de i sidene og midt foran.<\/p>\n<p>&nbsp;<\/p>\n<p>&nbsp;<\/p>\n<p><strong>Norsk og Engelsk oppskrift.<\/strong> Du f\u00e5r tilgang til alle spr\u00e5k som pdf fil ved kj\u00f8p.<\/p>\n","protected":false},"featured_media":74968,"template":"","meta":{"_acf_changed":false,"_relevanssi_hide_post":"","_relevanssi_hide_content":"","_relevanssi_pin_for_all":"","_relevanssi_pin_keywords":"","_relevanssi_unpin_keywords":"","_relevanssi_related_keywords":"","_relevanssi_related_include_ids":"","_relevanssi_related_exclude_ids":"","_relevanssi_related_no_append":"","_relevanssi_related_not_related":"","_relevanssi_related_posts":"","_relevanssi_noindex_reason":""},"product_brand":[],"product_cat":[60,86,81],"product_tag":[128,26,28,134,130,136,747],"class_list":{"0":"post-74961","1":"product","2":"type-product","3":"status-publish","4":"has-post-thumbnail","6":"product_cat-strikkeoppskrifter","7":"product_cat-fargespill","8":"product_cat-skjerf-sjal-hals","9":"product_tag-design-by-marte-helgetun","10":"product_tag-fargespill","11":"product_tag-lunt-fargespill","12":"product_tag-marte-helgetun","13":"product_tag-sjal","14":"product_tag-strikkeoppskrift","15":"product_tag-svabergsjal","17":"first","18":"instock","19":"downloadable","20":"taxable","21":"shipping-taxable","22":"purchasable","23":"product-type-mht_bundle"},"acf":[],"_links":{"self":[{"href":"https:\/\/martehelgetun.no\/en\/wp-json\/wp\/v2\/product\/74961","targetHints":{"allow":["GET"]}}],"collection":[{"href":"https:\/\/martehelgetun.no\/en\/wp-json\/wp\/v2\/product"}],"about":[{"href":"https:\/\/martehelgetun.no\/en\/wp-json\/wp\/v2\/types\/product"}],"wp:featuredmedia":[{"embeddable":true,"href":"https:\/\/martehelgetun.no\/en\/wp-json\/wp\/v2\/media\/74968"}],"wp:attachment":[{"href":"https:\/\/martehelgetun.no\/en\/wp-json\/wp\/v2\/media?parent=74961"}],"wp:term":[{"taxonomy":"product_brand","embeddable":true,"href":"https:\/\/martehelgetun.no\/en\/wp-json\/wp\/v2\/product_brand?post=74961"},{"taxonomy":"product_cat","embeddable":true,"href":"https:\/\/martehelgetun.no\/en\/wp-json\/wp\/v2\/product_cat?post=74961"},{"taxonomy":"product_tag","embeddable":true,"href":"https:\/\/martehelgetun.no\/en\/wp-json\/wp\/v2\/product_tag?post=74961"}],"curies":[{"name":"wp","href":"https:\/\/api.w.org\/{rel}","templated":true}]}}