{"id":74849,"date":"2024-04-22T12:01:30","date_gmt":"2024-04-22T10:01:30","guid":{"rendered":"https:\/\/martehelgetun.no\/?post_type=product&#038;p=74849"},"modified":"2025-09-17T13:10:21","modified_gmt":"2025-09-17T11:10:21","slug":"redesigned-project-7-walnut-pinnemappe","status":"publish","type":"product","link":"https:\/\/martehelgetun.no\/en\/produkt\/redesigned-project-7-walnut-pinnemappe\/","title":{"rendered":"Re:Designed Project 7 Walnut Pinnemappe"},"content":{"rendered":"<p>PROSJEKT 7 er laget av v\u00e5r Urban kvalitet, som er naturlig farget ku-skinn. F\u00f8r overflaten er ferdig, behandles den med farge for \u00e5 bevare det opprinnelige m\u00f8nsteret til det r\u00e5e skinnet. Kvaliteten er definert av sitt naturlige og myke utseende og f\u00f8lelse, der hver veske er unik med individuelle egenskaper. Etter at vesken er farget, p\u00e5f\u00f8res en lett voks manuelt p\u00e5 overflaten. Du kan valgfritt p\u00e5f\u00f8re RE:DESIGNED skinnbalsam p\u00e5 vesken din for \u00e5 forbedre holdbarheten til skinnet og gj\u00f8re det mer motstandsdyktig mot smuss og vann.<\/p>\n<p>&nbsp;<\/p>\n<p>Farge: Valn\u00f8tt\/Gull<br \/>\nKvalitet: 100 % Skinn<br \/>\nDimensjoner: H:22 x B:15,5 x D:2 cm<\/p>\n","protected":false},"excerpt":{"rendered":"<p>PROSJEKT 7 er den perfekte pinnemappen for \u00e5 organisere dine rundpinner. Den har 6 lommer med trykknapper for \u00e5 sikre at de holder rundpinnene dine p\u00e5 plass. Bak disse lommene er det \u00e5pne rom hvor du kan oppbevare strikkeoppskrifter eller lignende. Et elastisk b\u00e5nd lar deg ha m\u00e5leb\u00e5ndet ditt lett tilgjengelig, og det er 6 hull i skinnet for \u00e5 romme 3 pinner. Til slutt er det en glidel\u00e5slomme hvor du kan oppbevare saks og andre l\u00f8se strikketilbeh\u00f8r. Hele pinnemappen folder seg elegant sammen og lukkes med en trykknapp, slik at du enkelt kan b\u00e6re med deg de viktigste strikkeverkt\u00f8yene dine.<\/p>\n","protected":false},"featured_media":74783,"template":"","meta":{"_acf_changed":false,"_relevanssi_hide_post":"","_relevanssi_hide_content":"","_relevanssi_pin_for_all":"","_relevanssi_pin_keywords":"","_relevanssi_unpin_keywords":"","_relevanssi_related_keywords":"","_relevanssi_related_include_ids":"","_relevanssi_related_exclude_ids":"","_relevanssi_related_no_append":"","_relevanssi_related_not_related":"","_relevanssi_related_posts":"","_relevanssi_noindex_reason":""},"product_cat":[745,671],"product_tag":[],"class_list":{"0":"post-74849","1":"product","2":"type-product","3":"status-publish","4":"has-post-thumbnail","6":"product_cat-re-designed-project","7":"product_cat-oppbevaring","9":"first","10":"instock","11":"taxable","12":"shipping-taxable","13":"purchasable","14":"product-type-simple"},"acf":[],"_links":{"self":[{"href":"https:\/\/martehelgetun.no\/en\/wp-json\/wp\/v2\/product\/74849","targetHints":{"allow":["GET"]}}],"collection":[{"href":"https:\/\/martehelgetun.no\/en\/wp-json\/wp\/v2\/product"}],"about":[{"href":"https:\/\/martehelgetun.no\/en\/wp-json\/wp\/v2\/types\/product"}],"wp:featuredmedia":[{"embeddable":true,"href":"https:\/\/martehelgetun.no\/en\/wp-json\/wp\/v2\/media\/74783"}],"wp:attachment":[{"href":"https:\/\/martehelgetun.no\/en\/wp-json\/wp\/v2\/media?parent=74849"}],"wp:term":[{"taxonomy":"product_cat","embeddable":true,"href":"https:\/\/martehelgetun.no\/en\/wp-json\/wp\/v2\/product_cat?post=74849"},{"taxonomy":"product_tag","embeddable":true,"href":"https:\/\/martehelgetun.no\/en\/wp-json\/wp\/v2\/product_tag?post=74849"}],"curies":[{"name":"wp","href":"https:\/\/api.w.org\/{rel}","templated":true}]}}