{"id":74847,"date":"2024-04-22T11:40:49","date_gmt":"2024-04-22T09:40:49","guid":{"rendered":"https:\/\/martehelgetun.no\/?post_type=product&#038;p=74847"},"modified":"2026-04-19T12:58:31","modified_gmt":"2026-04-19T10:58:31","slug":"redesigned-project-5-walnut-liten-clutch","status":"publish","type":"product","link":"https:\/\/martehelgetun.no\/en\/product\/redesigned-project-5-walnut-liten-clutch\/","title":{"rendered":"Re:Designed Project 5 Walnut liten clutch"},"content":{"rendered":"<p>PROSJEKT 5 er laget av v\u00e5r Urban kvalitet, som er naturlig farget ku-skinn. F\u00f8r overflaten er ferdig, behandles den med farge for \u00e5 bevare det opprinnelige m\u00f8nsteret til det r\u00e5e skinnet. Kvaliteten er definert av sitt naturlige og myke utseende og f\u00f8lelse, der hver veske er unik med individuelle egenskaper. Etter at vesken er farget, p\u00e5f\u00f8res en lett voks manuelt p\u00e5 overflaten. Du kan valgfritt p\u00e5f\u00f8re RE:DESIGNED skinnbalsam p\u00e5 vesken din for \u00e5 forbedre holdbarheten til skinnet og gj\u00f8re det mer motstandsdyktig mot smuss og vann.<\/p>\n<p>Farge: Valn\u00f8tt\/Gull<br \/>\nKvalitet: 100 % Skinn<br \/>\nDimensjoner: H:14 x B:22 cm<\/p>\n","protected":false},"excerpt":{"rendered":"<p>PROSJEKT 5 er en flat clutch laget av mykt skinn med plass til strikkepinner, saks og andre strikketilbeh\u00f8r. Clutchen har en liten lomme med glidel\u00e5s inni. Den lukkes med en metallglidel\u00e5s, og som et ekstra tilbeh\u00f8r inkluderer den en n\u00f8kkelring designet for \u00e5 oppbevare m\u00e5leb\u00e5ndet ditt s\u00e5 det ikke blir borte.<\/p>\n","protected":false},"featured_media":74747,"template":"","meta":{"_acf_changed":false,"_relevanssi_hide_post":"","_relevanssi_hide_content":"","_relevanssi_pin_for_all":"","_relevanssi_pin_keywords":"","_relevanssi_unpin_keywords":"","_relevanssi_related_keywords":"","_relevanssi_related_include_ids":"","_relevanssi_related_exclude_ids":"","_relevanssi_related_no_append":"","_relevanssi_related_not_related":"","_relevanssi_related_posts":"","_relevanssi_noindex_reason":""},"product_brand":[],"product_cat":[745,671],"product_tag":[],"class_list":{"0":"post-74847","1":"product","2":"type-product","3":"status-publish","4":"has-post-thumbnail","6":"product_cat-re-designed-project","7":"product_cat-oppbevaring","9":"first","10":"instock","11":"taxable","12":"shipping-taxable","13":"purchasable","14":"product-type-simple"},"acf":[],"_links":{"self":[{"href":"https:\/\/martehelgetun.no\/en\/wp-json\/wp\/v2\/product\/74847","targetHints":{"allow":["GET"]}}],"collection":[{"href":"https:\/\/martehelgetun.no\/en\/wp-json\/wp\/v2\/product"}],"about":[{"href":"https:\/\/martehelgetun.no\/en\/wp-json\/wp\/v2\/types\/product"}],"wp:featuredmedia":[{"embeddable":true,"href":"https:\/\/martehelgetun.no\/en\/wp-json\/wp\/v2\/media\/74747"}],"wp:attachment":[{"href":"https:\/\/martehelgetun.no\/en\/wp-json\/wp\/v2\/media?parent=74847"}],"wp:term":[{"taxonomy":"product_brand","embeddable":true,"href":"https:\/\/martehelgetun.no\/en\/wp-json\/wp\/v2\/product_brand?post=74847"},{"taxonomy":"product_cat","embeddable":true,"href":"https:\/\/martehelgetun.no\/en\/wp-json\/wp\/v2\/product_cat?post=74847"},{"taxonomy":"product_tag","embeddable":true,"href":"https:\/\/martehelgetun.no\/en\/wp-json\/wp\/v2\/product_tag?post=74847"}],"curies":[{"name":"wp","href":"https:\/\/api.w.org\/{rel}","templated":true}]}}