{"id":74843,"date":"2024-04-22T11:24:43","date_gmt":"2024-04-22T09:24:43","guid":{"rendered":"https:\/\/martehelgetun.no\/?post_type=product&#038;p=74843"},"modified":"2025-05-18T20:30:14","modified_gmt":"2025-05-18T18:30:14","slug":"redesigned-project-3-walnut-clutch-medium","status":"publish","type":"product","link":"https:\/\/martehelgetun.no\/en\/produkt\/redesigned-project-3-walnut-clutch-medium\/","title":{"rendered":"Re:Designed Project 3 Walnut prosjektveske medium"},"content":{"rendered":"<p>Clutchen lukkes med en metallglidel\u00e5s, slik at strikkeutstyret ditt alltid er i orden. Den har ogs\u00e5 en liten hank p\u00e5 siden, slik at den er lett \u00e5 b\u00e6re med seg. Et ekstra tilbeh\u00f8r inkludert er en n\u00f8kkelring designet for \u00e5 oppbevare m\u00e5leb\u00e5ndet ditt, slik at det ikke blir borte. Ditt kj\u00f8p inkluderer ogs\u00e5 en praktisk stoffnett pose.<\/p>\n<p>&nbsp;<\/p>\n<p>PROSJEKT 3 er laget av v\u00e5r Urban kvalitet, som er naturlig farget ku-skinn. F\u00f8r overflaten er ferdig, behandles den med farge for \u00e5 bevare det opprinnelige m\u00f8nsteret til det r\u00e5e skinnet. Kvaliteten er definert av sitt naturlige og myke utseende og f\u00f8lelse, der hver veske er unik med individuelle egenskaper. Etter at vesken er farget, p\u00e5f\u00f8res en lett voks manuelt p\u00e5 overflaten. Du kan valgfritt p\u00e5f\u00f8re RE:DESIGNED skinnbalsam p\u00e5 vesken din for \u00e5 forbedre holdbarheten til skinnet og gj\u00f8re det mer motstandsdyktig mot smuss og vann.<\/p>\n<p>&nbsp;<\/p>\n<p>Farge: Valn\u00f8tt\/Gull<br \/>\nKvalitet: 100 % Skinn<br \/>\nDimensjoner: H:20 x B:28 x D:7,5 cm<\/p>\n","protected":false},"excerpt":{"rendered":"<p>PROSJEKT 3 er en stor clutch laget av mykt skinn med plass til et lite strikkeprosjekt, noen garnn\u00f8ster og strikke tilbeh\u00f8r. Clutchen har 4 \u00e5pne lommer innvendig som er dype nok for strikkepinner og annet tilbeh\u00f8r, slik at du kan organisere tingene dine og enkelt finne dem igjen.<\/p>\n","protected":false},"featured_media":74733,"template":"","meta":{"_acf_changed":false,"_relevanssi_hide_post":"","_relevanssi_hide_content":"","_relevanssi_pin_for_all":"","_relevanssi_pin_keywords":"","_relevanssi_unpin_keywords":"","_relevanssi_related_keywords":"","_relevanssi_related_include_ids":"","_relevanssi_related_exclude_ids":"","_relevanssi_related_no_append":"","_relevanssi_related_not_related":"","_relevanssi_related_posts":"","_relevanssi_noindex_reason":""},"product_cat":[745,671],"product_tag":[],"acf":[],"_links":{"self":[{"href":"https:\/\/martehelgetun.no\/en\/wp-json\/wp\/v2\/product\/74843"}],"collection":[{"href":"https:\/\/martehelgetun.no\/en\/wp-json\/wp\/v2\/product"}],"about":[{"href":"https:\/\/martehelgetun.no\/en\/wp-json\/wp\/v2\/types\/product"}],"wp:featuredmedia":[{"embeddable":true,"href":"https:\/\/martehelgetun.no\/en\/wp-json\/wp\/v2\/media\/74733"}],"wp:attachment":[{"href":"https:\/\/martehelgetun.no\/en\/wp-json\/wp\/v2\/media?parent=74843"}],"wp:term":[{"taxonomy":"product_cat","embeddable":true,"href":"https:\/\/martehelgetun.no\/en\/wp-json\/wp\/v2\/product_cat?post=74843"},{"taxonomy":"product_tag","embeddable":true,"href":"https:\/\/martehelgetun.no\/en\/wp-json\/wp\/v2\/product_tag?post=74843"}],"curies":[{"name":"wp","href":"https:\/\/api.w.org\/{rel}","templated":true}]}}