{"id":74716,"date":"2024-04-22T11:11:12","date_gmt":"2024-04-22T09:11:12","guid":{"rendered":"https:\/\/martehelgetun.no\/?post_type=product&#038;p=74716"},"modified":"2026-02-18T20:46:11","modified_gmt":"2026-02-18T19:46:11","slug":"dkk-leather-care-nature","status":"publish","type":"product","link":"https:\/\/martehelgetun.no\/en\/produkt\/dkk-leather-care-nature\/","title":{"rendered":"DKK Leather Care &#8211; Nature"},"content":{"rendered":"","protected":false},"excerpt":{"rendered":"<p>Til vedlikehold av skinnprodukter. Vi anbefaler alltid \u00e5 bruke skinnfett f\u00f8r du tar i bruk skinnvarer. V\u00e5rt skinnfett er et naturprodukt som impregnerer og n\u00e6rer skinn. Det er et av de beste pleieproduktene p\u00e5 markedet. V\u00e5rt skinnfett er vannavst\u00f8tende og holder skinnet mykt og fleksibelt.<\/p>\n<p>Farge: Natur<br \/>\nKvalitet: 100% Skinnfett<\/p>\n","protected":false},"featured_media":74717,"template":"","meta":{"_acf_changed":false,"_relevanssi_hide_post":"","_relevanssi_hide_content":"","_relevanssi_pin_for_all":"","_relevanssi_pin_keywords":"","_relevanssi_unpin_keywords":"","_relevanssi_related_keywords":"","_relevanssi_related_include_ids":"","_relevanssi_related_exclude_ids":"","_relevanssi_related_no_append":"","_relevanssi_related_not_related":"","_relevanssi_related_posts":"","_relevanssi_noindex_reason":""},"product_cat":[745,671],"product_tag":[],"class_list":{"0":"post-74716","1":"product","2":"type-product","3":"status-publish","4":"has-post-thumbnail","6":"product_cat-re-designed-project","7":"product_cat-oppbevaring","9":"first","10":"instock","11":"taxable","12":"shipping-taxable","13":"purchasable","14":"product-type-simple"},"acf":[],"_links":{"self":[{"href":"https:\/\/martehelgetun.no\/en\/wp-json\/wp\/v2\/product\/74716","targetHints":{"allow":["GET"]}}],"collection":[{"href":"https:\/\/martehelgetun.no\/en\/wp-json\/wp\/v2\/product"}],"about":[{"href":"https:\/\/martehelgetun.no\/en\/wp-json\/wp\/v2\/types\/product"}],"wp:featuredmedia":[{"embeddable":true,"href":"https:\/\/martehelgetun.no\/en\/wp-json\/wp\/v2\/media\/74717"}],"wp:attachment":[{"href":"https:\/\/martehelgetun.no\/en\/wp-json\/wp\/v2\/media?parent=74716"}],"wp:term":[{"taxonomy":"product_cat","embeddable":true,"href":"https:\/\/martehelgetun.no\/en\/wp-json\/wp\/v2\/product_cat?post=74716"},{"taxonomy":"product_tag","embeddable":true,"href":"https:\/\/martehelgetun.no\/en\/wp-json\/wp\/v2\/product_tag?post=74716"}],"curies":[{"name":"wp","href":"https:\/\/api.w.org\/{rel}","templated":true}]}}