{"id":74557,"date":"2024-04-19T12:10:43","date_gmt":"2024-04-19T10:10:43","guid":{"rendered":"https:\/\/martehelgetun.no\/?post_type=product&#038;p=74557"},"modified":"2025-06-10T13:23:01","modified_gmt":"2025-06-10T11:23:01","slug":"lett-a-lage-genser-med-striper","status":"publish","type":"product","link":"https:\/\/martehelgetun.no\/en\/product\/lett-a-lage-genser-med-striper\/","title":{"rendered":"Lett \u00e5 lage Genser &#8211; med striper"},"content":{"rendered":"<p><strong>ST\u00d8RRELSER OG M\u00c5L<\/strong><br \/>\nSt\u00f8rrelser: (XS) S (M) L (XL) XXL<br \/>\nOvervidde: (90) 98 (106) 115 (123) 132 cm, og utvider seg i bruk<br \/>\nHel lengde: (51) 53 (55) 57 (59) 61 cm<\/p>\n<p>&nbsp;<\/p>\n<p><strong>GARN OG GARNFORBRUK<\/strong><br \/>\n4x Lett by Marte Helgetun<br \/>\n(8) 9 (10) 11 (12) 13 n\u00f8ster nr. 01 Kitt<br \/>\nTil striper satte jeg sammen<br \/>\n2 n\u00f8ster nr 09 Timotei<br \/>\n1 n\u00f8ste nr 06 Skifer<br \/>\n1 n\u00f8ste nr 07 Lys skifer<br \/>\nGenseren strikkes med 4 tr\u00e5der samtidig, b\u00e5de bunnfargen og stripene.<\/p>\n<p>&nbsp;<\/p>\n<p><strong>PINNER OG STRIKKEFASTHET<\/strong><br \/>\n80 cm rundpinne nr. 7 og 5<br \/>\n40 cm nr. 7<br \/>\nSettpinner nr. 5 hvis du ikke strikker magic loop<br \/>\n14 masker glattstrikk p\u00e5 pinne nr. 7 = 10 cm i bredden<\/p>\n","protected":false},"excerpt":{"rendered":"<p>Lett er et utrolig deilig og fint garn i mohair og silke. Genseren er strikket med 4 tr\u00e5der\u00a0Lett samtidig p\u00e5 tykke pinner. Denne genseren strikkes nedenfra og opp, og syes\u00a0sammen p\u00e5 skuldrene. Du strikker opp masker til ermene og strikker disse utover.\u00a0Denne oppskriften er enkel samtidig som jeg har skrevet den ekstra detaljert slik at\u00a0den passer fint til deg som ikke har strikket s\u00e5 mye f\u00f8r.<\/p>\n<p>&nbsp;<\/p>\n<p>&nbsp;<\/p>\n<p><strong>Norsk og Engelsk oppskrift.<\/strong> Du f\u00e5r tilgang til alle spr\u00e5k som pdf fil ved kj\u00f8p.<\/p>\n","protected":false},"featured_media":74578,"template":"","meta":{"_acf_changed":false,"_relevanssi_hide_post":"","_relevanssi_hide_content":"","_relevanssi_pin_for_all":"","_relevanssi_pin_keywords":"","_relevanssi_unpin_keywords":"","_relevanssi_related_keywords":"","_relevanssi_related_include_ids":"","_relevanssi_related_exclude_ids":"","_relevanssi_related_no_append":"","_relevanssi_related_not_related":"","_relevanssi_related_posts":"","_relevanssi_noindex_reason":""},"product_brand":[],"product_cat":[76,60],"product_tag":[128,77,37,742,741,134,136],"class_list":{"0":"post-74557","1":"product","2":"type-product","3":"status-publish","4":"has-post-thumbnail","6":"product_cat-genser","7":"product_cat-strikkeoppskrifter","8":"product_tag-design-by-marte-helgetun","9":"product_tag-genser","10":"product_tag-lett","11":"product_tag-lett-a-lage","12":"product_tag-lett-a-lage-genser","13":"product_tag-marte-helgetun","14":"product_tag-strikkeoppskrift","16":"first","17":"instock","18":"downloadable","19":"taxable","20":"shipping-taxable","21":"purchasable","22":"product-type-mht_bundle"},"acf":[],"_links":{"self":[{"href":"https:\/\/martehelgetun.no\/en\/wp-json\/wp\/v2\/product\/74557","targetHints":{"allow":["GET"]}}],"collection":[{"href":"https:\/\/martehelgetun.no\/en\/wp-json\/wp\/v2\/product"}],"about":[{"href":"https:\/\/martehelgetun.no\/en\/wp-json\/wp\/v2\/types\/product"}],"wp:featuredmedia":[{"embeddable":true,"href":"https:\/\/martehelgetun.no\/en\/wp-json\/wp\/v2\/media\/74578"}],"wp:attachment":[{"href":"https:\/\/martehelgetun.no\/en\/wp-json\/wp\/v2\/media?parent=74557"}],"wp:term":[{"taxonomy":"product_brand","embeddable":true,"href":"https:\/\/martehelgetun.no\/en\/wp-json\/wp\/v2\/product_brand?post=74557"},{"taxonomy":"product_cat","embeddable":true,"href":"https:\/\/martehelgetun.no\/en\/wp-json\/wp\/v2\/product_cat?post=74557"},{"taxonomy":"product_tag","embeddable":true,"href":"https:\/\/martehelgetun.no\/en\/wp-json\/wp\/v2\/product_tag?post=74557"}],"curies":[{"name":"wp","href":"https:\/\/api.w.org\/{rel}","templated":true}]}}