{"id":74383,"date":"2024-04-16T16:28:52","date_gmt":"2024-04-16T14:28:52","guid":{"rendered":"https:\/\/martehelgetun.no\/?post_type=product&#038;p=74383"},"modified":"2025-06-10T13:23:05","modified_gmt":"2025-06-10T11:23:05","slug":"cool-classic-swoncho","status":"publish","type":"product","link":"https:\/\/martehelgetun.no\/en\/product\/cool-classic-swoncho\/","title":{"rendered":"Cool Classic Swoncho"},"content":{"rendered":"<p><strong>ST\u00d8RRELSER OG M\u00c5L<\/strong><br \/>\nSt\u00f8rrelser: XS\/S (M\/L) XL\/XXL<br \/>\nLengde: 65 (75) 85 cm<br \/>\nHel lengde m\u00e5lt fra oppleggskanten midt bak i nakken.<br \/>\nBrystm\u00e5l: 100 (120) 140 cm m\u00e5lt tvers over<br \/>\nErmlengde: 8 (9) 10 cm<\/p>\n<p><strong>GARN OG GARNFORBRUK<\/strong><br \/>\nLuftig + Lett by Marte Helgetun<br \/>\n4 (5) 6 n\u00f8ster Luftig nr. 02 Lysegr\u00e5<br \/>\n4 (5) 6 n\u00f8ster Lett nr. 01 Kitt<\/p>\n<p><strong>PINNER OG STRIKKEFASTHET<\/strong><br \/>\n100, 60 og 40 cm rundpinne nr. 6<br \/>\nDersom du bruker magic loop til ermer trenger du ikke 40 cm.<br \/>\nPinne 5 til i-cordfelling<br \/>\n17 masker glattstrikk p\u00e5 pinne nr. 6 = 10 cm<\/p>\n","protected":false},"excerpt":{"rendered":"<p>Ikke helt en genser og ikke helt en poncho men en riktig Cool Classic Swoncho\u00a0som seiler rett inn i Cool Classic-serien v\u00e5r. Her starter du ved halsen og strikker deg nedover med enkle, artige teknikker.<\/p>\n<p>&nbsp;<\/p>\n<p>&nbsp;<\/p>\n<p><strong>Norsk og Engelsk oppskrift.<\/strong> Du f\u00e5r tilgang til alle spr\u00e5k som pdf fil ved kj\u00f8p.<\/p>\n","protected":false},"featured_media":74418,"template":"","meta":{"_acf_changed":false,"_relevanssi_hide_post":"","_relevanssi_hide_content":"","_relevanssi_pin_for_all":"","_relevanssi_pin_keywords":"","_relevanssi_unpin_keywords":"","_relevanssi_related_keywords":"","_relevanssi_related_include_ids":"","_relevanssi_related_exclude_ids":"","_relevanssi_related_no_append":"","_relevanssi_related_not_related":"","_relevanssi_related_posts":"","_relevanssi_noindex_reason":""},"product_brand":[],"product_cat":[76,60],"product_tag":[128,77,377,37,36,134,737],"class_list":{"0":"post-74383","1":"product","2":"type-product","3":"status-publish","4":"has-post-thumbnail","6":"product_cat-genser","7":"product_cat-strikkeoppskrifter","8":"product_tag-design-by-marte-helgetun","9":"product_tag-genser","10":"product_tag-genser-i-luftig-og-lett","11":"product_tag-lett","12":"product_tag-luftig","13":"product_tag-marte-helgetun","14":"product_tag-swonsho","16":"first","17":"instock","18":"downloadable","19":"taxable","20":"shipping-taxable","21":"purchasable","22":"product-type-mht_bundle"},"acf":[],"_links":{"self":[{"href":"https:\/\/martehelgetun.no\/en\/wp-json\/wp\/v2\/product\/74383","targetHints":{"allow":["GET"]}}],"collection":[{"href":"https:\/\/martehelgetun.no\/en\/wp-json\/wp\/v2\/product"}],"about":[{"href":"https:\/\/martehelgetun.no\/en\/wp-json\/wp\/v2\/types\/product"}],"wp:featuredmedia":[{"embeddable":true,"href":"https:\/\/martehelgetun.no\/en\/wp-json\/wp\/v2\/media\/74418"}],"wp:attachment":[{"href":"https:\/\/martehelgetun.no\/en\/wp-json\/wp\/v2\/media?parent=74383"}],"wp:term":[{"taxonomy":"product_brand","embeddable":true,"href":"https:\/\/martehelgetun.no\/en\/wp-json\/wp\/v2\/product_brand?post=74383"},{"taxonomy":"product_cat","embeddable":true,"href":"https:\/\/martehelgetun.no\/en\/wp-json\/wp\/v2\/product_cat?post=74383"},{"taxonomy":"product_tag","embeddable":true,"href":"https:\/\/martehelgetun.no\/en\/wp-json\/wp\/v2\/product_tag?post=74383"}],"curies":[{"name":"wp","href":"https:\/\/api.w.org\/{rel}","templated":true}]}}