{"id":74231,"date":"2024-04-11T13:06:49","date_gmt":"2024-04-11T11:06:49","guid":{"rendered":"https:\/\/martehelgetun.no\/?post_type=product&#038;p=74231"},"modified":"2026-04-09T10:56:37","modified_gmt":"2026-04-09T08:56:37","slug":"pa-rett-spor-topp","status":"publish","type":"product","link":"https:\/\/martehelgetun.no\/en\/produkt\/pa-rett-spor-topp\/","title":{"rendered":"P\u00e5 rett spor Topp"},"content":{"rendered":"<p><strong>ST\u00d8RRELSER OG M\u00c5L<br \/>\n<\/strong>St\u00f8rrelser: (XS) S (M) L (XL) XXL<br \/>\nOvervidde: (78) 90 (102) 114 (126) 138 cm<br \/>\nHel lengde: ca (54) 56 (58) 60 (62) 64 cm<\/p>\n<p>&nbsp;<\/p>\n<p><strong>GARN OG GARNFORBRUK<br \/>\n<\/strong>Line, Sandnes Garn + Lett by Marte Helgetun<br \/>\n(6) 7 (8) 9 (10) 11 n\u00f8ster Line nr. 4033 Ferskenblomst<br \/>\n(3) 4 (4) 5 (5) 6 n\u00f8ster Lett nr. 20 T\u00e5kerosa<\/p>\n<p>&nbsp;<\/p>\n<p><strong>PINNER OG STRIKKEFASTHET<br \/>\n<\/strong>Rundpinne 80 cm lang nr. 4,5 og 3,5 og 40 cm nr. 3,5<br \/>\nHa gjerne en ekstra pinne eller vaier, slik at det blir<br \/>\nlettere for deg \u00e5 strikke for- og bakstykkene.<br \/>\n20 masker glattstrikk med en tr\u00e5d av hver kvalitet<br \/>\np\u00e5 pinne nr. 4,5 = 10 cm<\/p>\n","protected":false},"excerpt":{"rendered":"<p>Denne toppen strikket jeg med en tr\u00e5d Line og en tr\u00e5d Lett og den\u00a0ble akkurat passe varm. Bruk den gjerne til kjole, med en skjorte\u00a0under, eller som her med kun en singlet under.\u00a0Toppen strikkes ovenfra og du starter med noen f\u00e5 masker\u00a0bak i nakken.<\/p>\n<p>&nbsp;<\/p>\n<p>&nbsp;<\/p>\n<p><strong>Norsk og Engelsk oppskrift.<\/strong> Du f\u00e5r tilgang til alle spr\u00e5k som pdf fil ved kj\u00f8p.<\/p>\n","protected":false},"featured_media":74238,"template":"","meta":{"_acf_changed":false,"_relevanssi_hide_post":"","_relevanssi_hide_content":"","_relevanssi_pin_for_all":"","_relevanssi_pin_keywords":"","_relevanssi_unpin_keywords":"","_relevanssi_related_keywords":"","_relevanssi_related_include_ids":"","_relevanssi_related_exclude_ids":"","_relevanssi_related_no_append":"","_relevanssi_related_not_related":"","_relevanssi_related_posts":"","_relevanssi_noindex_reason":""},"product_cat":[60,734,279],"product_tag":[128,37,43,134,736,136,551,293],"class_list":{"0":"post-74231","1":"product","2":"type-product","3":"status-publish","4":"has-post-thumbnail","6":"product_cat-strikkeoppskrifter","7":"product_cat-sommerstrikk","8":"product_cat-topp","9":"product_tag-design-by-marte-helgetun","10":"product_tag-lett","11":"product_tag-line","12":"product_tag-marte-helgetun","13":"product_tag-pa-rett-spor-topp","14":"product_tag-strikkeoppskrift","15":"product_tag-topp-dame","16":"product_tag-topp-i-line","18":"first","19":"instock","20":"downloadable","21":"taxable","22":"shipping-taxable","23":"purchasable","24":"product-type-mht_bundle"},"acf":[],"_links":{"self":[{"href":"https:\/\/martehelgetun.no\/en\/wp-json\/wp\/v2\/product\/74231","targetHints":{"allow":["GET"]}}],"collection":[{"href":"https:\/\/martehelgetun.no\/en\/wp-json\/wp\/v2\/product"}],"about":[{"href":"https:\/\/martehelgetun.no\/en\/wp-json\/wp\/v2\/types\/product"}],"wp:featuredmedia":[{"embeddable":true,"href":"https:\/\/martehelgetun.no\/en\/wp-json\/wp\/v2\/media\/74238"}],"wp:attachment":[{"href":"https:\/\/martehelgetun.no\/en\/wp-json\/wp\/v2\/media?parent=74231"}],"wp:term":[{"taxonomy":"product_cat","embeddable":true,"href":"https:\/\/martehelgetun.no\/en\/wp-json\/wp\/v2\/product_cat?post=74231"},{"taxonomy":"product_tag","embeddable":true,"href":"https:\/\/martehelgetun.no\/en\/wp-json\/wp\/v2\/product_tag?post=74231"}],"curies":[{"name":"wp","href":"https:\/\/api.w.org\/{rel}","templated":true}]}}