{"id":73836,"date":"2024-03-26T13:27:37","date_gmt":"2024-03-26T12:27:37","guid":{"rendered":"https:\/\/martehelgetun.no\/?post_type=product&#038;p=73836"},"modified":"2025-06-10T13:09:46","modified_gmt":"2025-06-10T11:09:46","slug":"syrlige-drops-skjerf","status":"publish","type":"product","link":"https:\/\/martehelgetun.no\/en\/product\/syrlige-drops-skjerf\/","title":{"rendered":"Syrlige Drops Skjerf"},"content":{"rendered":"<p><strong>ST\u00d8RRELSER OG M\u00c5L<\/strong><br \/>\nSt\u00f8rrelser: En st\u00f8rrelse<br \/>\nVidde: ca 160 cm<br \/>\nH\u00f8yde: ca 30 cm<\/p>\n<p><strong>GARN OG GARNFORBRUK<br \/>\n<\/strong>LUNT Fargespill by Marte Helgetun<br \/>\n1 n\u00f8ste nr. 14 Syrlige drops<\/p>\n<p><strong>PINNER OG STRIKKEFASTHET<br \/>\n<\/strong>Lang rundpinne nr. 4,5<br \/>\n24 masker glattstrikk p\u00e5 pinne nr. 4,5 = 10 cm i bredden<\/p>\n","protected":false},"excerpt":{"rendered":"<div class=\"page\" title=\"Page 4\">\n<div class=\"section\">\n<div class=\"layoutArea\">\n<div class=\"column\">\n<p>Et fint akkurat passe stort skjerf i friske farger som strikkes med kun ett n\u00f8ste Lunt Fargespill. Du begynner med noen fa\u030a masker i den ene siden og strikker en enkel struktur frem og tilbake. Du velger selv om du vil starte fra innsiden eller utsiden av n\u00f8stet, men start med den fargen du liker best siden du ikke strikker opp riktig hele n\u00f8stet.<\/p>\n<p>&nbsp;<\/p>\n<p>&nbsp;<\/p>\n<p><strong>Norsk og Engelsk oppskrift.<\/strong> Du f\u00e5r tilgang til alle spr\u00e5k som pdf fil ved kj\u00f8p.<\/p>\n<\/div>\n<\/div>\n<\/div>\n<\/div>\n","protected":false},"featured_media":73843,"template":"","meta":{"_acf_changed":false,"_relevanssi_hide_post":"","_relevanssi_hide_content":"","_relevanssi_pin_for_all":"","_relevanssi_pin_keywords":"","_relevanssi_unpin_keywords":"","_relevanssi_related_keywords":"","_relevanssi_related_include_ids":"","_relevanssi_related_exclude_ids":"","_relevanssi_related_no_append":"","_relevanssi_related_not_related":"","_relevanssi_related_posts":"","_relevanssi_noindex_reason":""},"product_brand":[],"product_cat":[86,81,60],"product_tag":[128,26,28,134,138,130,136],"class_list":{"0":"post-73836","1":"product","2":"type-product","3":"status-publish","4":"has-post-thumbnail","6":"product_cat-fargespill","7":"product_cat-skjerf-sjal-hals","8":"product_cat-strikkeoppskrifter","9":"product_tag-design-by-marte-helgetun","10":"product_tag-fargespill","11":"product_tag-lunt-fargespill","12":"product_tag-marte-helgetun","13":"product_tag-pa-rett-spor-sjal","14":"product_tag-sjal","15":"product_tag-strikkeoppskrift","17":"first","18":"instock","19":"downloadable","20":"taxable","21":"shipping-taxable","22":"purchasable","23":"product-type-mht_bundle"},"acf":[],"_links":{"self":[{"href":"https:\/\/martehelgetun.no\/en\/wp-json\/wp\/v2\/product\/73836","targetHints":{"allow":["GET"]}}],"collection":[{"href":"https:\/\/martehelgetun.no\/en\/wp-json\/wp\/v2\/product"}],"about":[{"href":"https:\/\/martehelgetun.no\/en\/wp-json\/wp\/v2\/types\/product"}],"wp:featuredmedia":[{"embeddable":true,"href":"https:\/\/martehelgetun.no\/en\/wp-json\/wp\/v2\/media\/73843"}],"wp:attachment":[{"href":"https:\/\/martehelgetun.no\/en\/wp-json\/wp\/v2\/media?parent=73836"}],"wp:term":[{"taxonomy":"product_brand","embeddable":true,"href":"https:\/\/martehelgetun.no\/en\/wp-json\/wp\/v2\/product_brand?post=73836"},{"taxonomy":"product_cat","embeddable":true,"href":"https:\/\/martehelgetun.no\/en\/wp-json\/wp\/v2\/product_cat?post=73836"},{"taxonomy":"product_tag","embeddable":true,"href":"https:\/\/martehelgetun.no\/en\/wp-json\/wp\/v2\/product_tag?post=73836"}],"curies":[{"name":"wp","href":"https:\/\/api.w.org\/{rel}","templated":true}]}}