{"id":72983,"date":"2024-03-11T18:31:54","date_gmt":"2024-03-11T17:31:54","guid":{"rendered":"http:\/\/martehelgetun.no\/?post_type=product&#038;p=72983"},"modified":"2025-06-10T13:30:11","modified_gmt":"2025-06-10T11:30:11","slug":"tullemors-finjakke-barnehagebarn","status":"publish","type":"product","link":"https:\/\/martehelgetun.no\/en\/produkt\/tullemors-finjakke-barnehagebarn\/","title":{"rendered":"Tullemors Finjakke &#8211; Barnehagebarn"},"content":{"rendered":"<p><strong>ST\u00d8RRELSER OG M\u00c5L<\/strong><br \/>\nSt\u00f8rrelser: 1 (2) 4 (6) \u00e5r<br \/>\nOvervidde: 54 (59) 65 (70) cm<br \/>\nHel lengde: 21 (23) 25 (27) cm<br \/>\nErmelengde: 20 (23) 26 (29) cm<\/p>\n<p>&nbsp;<\/p>\n<p><strong>GARN OG GARNFORBRUK<\/strong><br \/>\n2 x Lett by Marte Helgetun<br \/>\n3 (3) 3 (4) n\u00f8ster nr. 14 Kl\u00f8ver<br \/>\nJakken strikkes med dobbelt garn<\/p>\n<p>&nbsp;<\/p>\n<p><strong>TILBEH\u00d8R<\/strong><br \/>\n3 sm\u00e5 kokosknapper ca 15 mm i diameter<\/p>\n<p>&nbsp;<\/p>\n<p><strong>PINNER OG STRIKKEFASTHET<\/strong><br \/>\nRundpinne 60 cm nr. 4<br \/>\nSettpinner nr. 4 og 3,5<br \/>\n22 masker glattstrikk p\u00e5 pinne nr. 4 med dobbelt garn = 10 cm<\/p>\n","protected":false},"excerpt":{"rendered":"<p>Finjakken som passer perfekt til alle anledninger der sm\u00e5 fr\u00f8kner vil pynte seg litt ekstra. Jakken er strikket i to tr\u00e5der Lett fra toppen og den er kantet med en lekker I-cord som strikkes p\u00e5 til slutt.<\/p>\n<p>&nbsp;<\/p>\n<p>&nbsp;<\/p>\n<p><strong>Norsk og Engelsk oppskrift.<\/strong> Du f\u00e5r tilgang til alle spr\u00e5k som pdf fil ved kj\u00f8p.<\/p>\n","protected":false},"featured_media":71069,"template":"","meta":{"_acf_changed":false,"_relevanssi_hide_post":"","_relevanssi_hide_content":"","_relevanssi_pin_for_all":"","_relevanssi_pin_keywords":"","_relevanssi_unpin_keywords":"","_relevanssi_related_keywords":"","_relevanssi_related_include_ids":"","_relevanssi_related_exclude_ids":"","_relevanssi_related_no_append":"","_relevanssi_related_not_related":"","_relevanssi_related_posts":"","_relevanssi_noindex_reason":""},"product_cat":[60,246,208],"product_tag":[128,386,454,37,136,460,385,732,733],"class_list":{"0":"post-72983","1":"product","2":"type-product","3":"status-publish","4":"has-post-thumbnail","6":"product_cat-strikkeoppskrifter","7":"product_cat-tullemor-lillebror","8":"product_cat-jakke","9":"product_tag-design-by-marte-helgetun","10":"product_tag-finjakke-barn","11":"product_tag-jakke-barn","12":"product_tag-lett","13":"product_tag-strikkeoppskrift","14":"product_tag-tullemor-og-lillebror","15":"product_tag-tullemors-finjakke","16":"product_tag-tullemors-finjakke-barn","17":"product_tag-tullemors-finjakke-barnehage","19":"first","20":"instock","21":"downloadable","22":"taxable","23":"shipping-taxable","24":"purchasable","25":"product-type-mht_bundle"},"acf":[],"_links":{"self":[{"href":"https:\/\/martehelgetun.no\/en\/wp-json\/wp\/v2\/product\/72983","targetHints":{"allow":["GET"]}}],"collection":[{"href":"https:\/\/martehelgetun.no\/en\/wp-json\/wp\/v2\/product"}],"about":[{"href":"https:\/\/martehelgetun.no\/en\/wp-json\/wp\/v2\/types\/product"}],"wp:featuredmedia":[{"embeddable":true,"href":"https:\/\/martehelgetun.no\/en\/wp-json\/wp\/v2\/media\/71069"}],"wp:attachment":[{"href":"https:\/\/martehelgetun.no\/en\/wp-json\/wp\/v2\/media?parent=72983"}],"wp:term":[{"taxonomy":"product_cat","embeddable":true,"href":"https:\/\/martehelgetun.no\/en\/wp-json\/wp\/v2\/product_cat?post=72983"},{"taxonomy":"product_tag","embeddable":true,"href":"https:\/\/martehelgetun.no\/en\/wp-json\/wp\/v2\/product_tag?post=72983"}],"curies":[{"name":"wp","href":"https:\/\/api.w.org\/{rel}","templated":true}]}}