{"id":72971,"date":"2024-03-11T12:40:16","date_gmt":"2024-03-11T11:40:16","guid":{"rendered":"http:\/\/martehelgetun.no\/?post_type=product&#038;p=72971"},"modified":"2025-06-10T13:06:34","modified_gmt":"2025-06-10T11:06:34","slug":"bakgardsbukse","status":"publish","type":"product","link":"https:\/\/martehelgetun.no\/en\/produkt\/bakgardsbukse\/","title":{"rendered":"X-mas Bakg\u00e5rdsbukse"},"content":{"rendered":"<p class=\"p1\"><strong>ST\u00d8RRELSER OG M\u00c5L<\/strong><br \/>\nSt\u00f8rrelse: 1 (2) 4 (6) \u00e5r<br \/>\nLivvidde: 42 (45) 49 (53) cm<br \/>\nHel lengde: 38 (44) 52 (60) cm<\/p>\n<p>&nbsp;<\/p>\n<p class=\"p1\"><strong>GARN OG GARNFORBRUK<\/strong><br \/>\nLunt + Lett by Marte Helgetun<br \/>\n3 (3) 4 (4) n\u00f8ster Lunt nr. 01 Kitt<br \/>\n2 (3) 3 (4) n\u00f8ster Lett nr. 01 Kitt<br \/>\nBuksen strikkes med en tr\u00e5d av hver kvalitet<\/p>\n<p>&nbsp;<\/p>\n<p class=\"p1\"><strong>TILBEH\u00d8R<\/strong><br \/>\nKnapphullstrikk til livet<\/p>\n<p>&nbsp;<\/p>\n<p class=\"p1\"><strong>PINNER OG STRIKKEFASTHET<\/strong><br \/>\nRundpinne 40 og 60 cm lang nr. 4<br \/>\nog settpinner nr. 4<br \/>\n22 masker glattstrikk p\u00e5 pinne nr. 4 med en tr\u00e5d av hver kvalitet = 10 cm<\/p>\n","protected":false},"excerpt":{"rendered":"<p>En deilig, myk og romslig bukse som passer godt til lek i b\u00e5de barnehagen og i bakg\u00e5rden p\u00e5 kaldere dager. Strikkes ovenfra og ned.<\/p>\n<p>&nbsp;<\/p>\n<p>&nbsp;<\/p>\n<p><strong>Norsk og Engelsk oppskrift.<\/strong> Du f\u00e5r tilgang til alle spr\u00e5k som pdf fil ved kj\u00f8p.<\/p>\n","protected":false},"featured_media":83274,"template":"","meta":{"_acf_changed":false,"_relevanssi_hide_post":"","_relevanssi_hide_content":"","_relevanssi_pin_for_all":"","_relevanssi_pin_keywords":"","_relevanssi_unpin_keywords":"","_relevanssi_related_keywords":"","_relevanssi_related_include_ids":"","_relevanssi_related_exclude_ids":"","_relevanssi_related_no_append":"","_relevanssi_related_not_related":"","_relevanssi_related_posts":"","_relevanssi_noindex_reason":""},"product_cat":[60,246,202],"product_tag":[729,128,37,33,134,136,460,730,731],"class_list":{"0":"post-72971","1":"product","2":"type-product","3":"status-publish","4":"has-post-thumbnail","6":"product_cat-strikkeoppskrifter","7":"product_cat-tullemor-lillebror","8":"product_cat-bukser","9":"product_tag-bakgardsbukse","10":"product_tag-design-by-marte-helgetun","11":"product_tag-lett","12":"product_tag-lunt","13":"product_tag-marte-helgetun","14":"product_tag-strikkeoppskrift","15":"product_tag-tullemor-og-lillebror","16":"product_tag-ullbukse","17":"product_tag-ullbukse-barn","19":"first","20":"instock","21":"downloadable","22":"taxable","23":"shipping-taxable","24":"purchasable","25":"product-type-mht_bundle"},"acf":[],"_links":{"self":[{"href":"https:\/\/martehelgetun.no\/en\/wp-json\/wp\/v2\/product\/72971","targetHints":{"allow":["GET"]}}],"collection":[{"href":"https:\/\/martehelgetun.no\/en\/wp-json\/wp\/v2\/product"}],"about":[{"href":"https:\/\/martehelgetun.no\/en\/wp-json\/wp\/v2\/types\/product"}],"wp:featuredmedia":[{"embeddable":true,"href":"https:\/\/martehelgetun.no\/en\/wp-json\/wp\/v2\/media\/83274"}],"wp:attachment":[{"href":"https:\/\/martehelgetun.no\/en\/wp-json\/wp\/v2\/media?parent=72971"}],"wp:term":[{"taxonomy":"product_cat","embeddable":true,"href":"https:\/\/martehelgetun.no\/en\/wp-json\/wp\/v2\/product_cat?post=72971"},{"taxonomy":"product_tag","embeddable":true,"href":"https:\/\/martehelgetun.no\/en\/wp-json\/wp\/v2\/product_tag?post=72971"}],"curies":[{"name":"wp","href":"https:\/\/api.w.org\/{rel}","templated":true}]}}