{"id":72962,"date":"2024-03-11T11:39:20","date_gmt":"2024-03-11T10:39:20","guid":{"rendered":"http:\/\/martehelgetun.no\/?post_type=product&#038;p=72962"},"modified":"2025-06-10T13:06:29","modified_gmt":"2025-06-10T11:06:29","slug":"knappeshorts-barnehagebarn","status":"publish","type":"product","link":"https:\/\/martehelgetun.no\/en\/produkt\/knappeshorts-barnehagebarn\/","title":{"rendered":"Knappeshorts &#8211; Barnehagebarn"},"content":{"rendered":"<p class=\"p1\"><strong>ST\u00d8RRELSER OG M\u00c5L<\/strong><br \/>\nSt\u00f8rrelser: 1 (2) 4 (6) \u00e5r<br \/>\nLivvidde: 43 (48) 51 (55) cm<br \/>\nHel lengde: 24 (26) 28 (30) cm<\/p>\n<p>&nbsp;<\/p>\n<p class=\"p1\"><strong>GARN OG GARNFORBRUK<\/strong><br \/>\nLunt + Lett by Marte Helgetun<br \/>\n2 (3) 3 (4) n\u00f8ster Lunt nr. 05 Leire<br \/>\n2 (2) 3 (3) n\u00f8ster Lett nr. 05 Leire<br \/>\nShortsen strikkes med en tr\u00e5d av hver kvalitet<\/p>\n<p>&nbsp;<\/p>\n<p class=\"p1\"><strong>TILBEH\u00d8R<\/strong><br \/>\n6 antikk s\u00f8lvstjerne knapper 15 mm<br \/>\nKnappehullstrikk til livet<\/p>\n<p>&nbsp;<\/p>\n<p class=\"p1\"><strong>PINNER OG STRIKKEFASTHET<\/strong><br \/>\n40 cm rundpinne nr. 3,5<br \/>\n60 cm rundpinne nr. 3,5 og 4<br \/>\n22 masker strukturstrikk p\u00e5 pinne nr. 4 med en tr\u00e5d av hver kvalitet = 10 cm<\/p>\n","protected":false},"excerpt":{"rendered":"<p class=\"p1\">Denne knappeshortsen har jeg tenkt p\u00e5 i flere \u00e5r, og endelig fikk jeg knekt koden.\u00a0Den er sterkt inspirert av knappeskj\u00f8rtet i boken \u201cStrikketid\u201d.\u00a0Det fine med shortser er at de passer like godt til gutter som til jenter.<\/p>\n<p>&nbsp;<\/p>\n<p>&nbsp;<\/p>\n<p><strong>Norsk og Engelsk oppskrift.<\/strong> Du f\u00e5r tilgang til alle spr\u00e5k som pdf fil ved kj\u00f8p.<\/p>\n","protected":false},"featured_media":72965,"template":"","meta":{"_acf_changed":false,"_relevanssi_hide_post":"","_relevanssi_hide_content":"","_relevanssi_pin_for_all":"","_relevanssi_pin_keywords":"","_relevanssi_unpin_keywords":"","_relevanssi_related_keywords":"","_relevanssi_related_include_ids":"","_relevanssi_related_exclude_ids":"","_relevanssi_related_no_append":"","_relevanssi_related_not_related":"","_relevanssi_related_posts":"","_relevanssi_noindex_reason":""},"product_cat":[60,246,202],"product_tag":[128,726,727,37,33,134,728,136,460],"class_list":{"0":"post-72962","1":"product","2":"type-product","3":"status-publish","4":"has-post-thumbnail","6":"product_cat-strikkeoppskrifter","7":"product_cat-tullemor-lillebror","8":"product_cat-bukser","9":"product_tag-design-by-marte-helgetun","10":"product_tag-knappeshorts","11":"product_tag-knappeshorts-barn","12":"product_tag-lett","13":"product_tag-lunt","14":"product_tag-marte-helgetun","15":"product_tag-shorts-med-knapper","16":"product_tag-strikkeoppskrift","17":"product_tag-tullemor-og-lillebror","19":"first","20":"instock","21":"downloadable","22":"taxable","23":"shipping-taxable","24":"purchasable","25":"product-type-mht_bundle"},"acf":[],"_links":{"self":[{"href":"https:\/\/martehelgetun.no\/en\/wp-json\/wp\/v2\/product\/72962","targetHints":{"allow":["GET"]}}],"collection":[{"href":"https:\/\/martehelgetun.no\/en\/wp-json\/wp\/v2\/product"}],"about":[{"href":"https:\/\/martehelgetun.no\/en\/wp-json\/wp\/v2\/types\/product"}],"wp:featuredmedia":[{"embeddable":true,"href":"https:\/\/martehelgetun.no\/en\/wp-json\/wp\/v2\/media\/72965"}],"wp:attachment":[{"href":"https:\/\/martehelgetun.no\/en\/wp-json\/wp\/v2\/media?parent=72962"}],"wp:term":[{"taxonomy":"product_cat","embeddable":true,"href":"https:\/\/martehelgetun.no\/en\/wp-json\/wp\/v2\/product_cat?post=72962"},{"taxonomy":"product_tag","embeddable":true,"href":"https:\/\/martehelgetun.no\/en\/wp-json\/wp\/v2\/product_tag?post=72962"}],"curies":[{"name":"wp","href":"https:\/\/api.w.org\/{rel}","templated":true}]}}