{"id":72951,"date":"2024-03-11T11:28:09","date_gmt":"2024-03-11T10:28:09","guid":{"rendered":"http:\/\/martehelgetun.no\/?post_type=product&#038;p=72951"},"modified":"2025-06-10T13:32:53","modified_gmt":"2025-06-10T11:32:53","slug":"knappeskjort-barnehagebarn","status":"publish","type":"product","link":"https:\/\/martehelgetun.no\/en\/produkt\/knappeskjort-barnehagebarn\/","title":{"rendered":"Knappeskj\u00f8rt &#8211; Barnehagebarn"},"content":{"rendered":"<p class=\"p1\"><strong>ST\u00d8RRELSER OG M\u00c5L<\/strong><br \/>\nSt\u00f8rrelser: 1 (2) 4 (6) \u00e5r<br \/>\nLivvidde: 43 (48) 51 (55) cm<br \/>\nHel lengde: 24 (26) 28 (30) cm<\/p>\n<p>&nbsp;<\/p>\n<p class=\"p1\"><strong>GARN OG GARNFORBRUK<\/strong><br \/>\nLunt + Lett by Marte Helgetun<br \/>\n2 (3) 3 (4) n\u00f8ster Lunt nr. 20 T\u00e5kerosa<br \/>\n2 (2) 3 (3) n\u00f8ster Lett nr. 20 T\u00e5kerosa<br \/>\nSkj\u00f8rtet strikkes med en tr\u00e5d av hver kvalitet<\/p>\n<p>&nbsp;<\/p>\n<p class=\"p1\"><strong>TILBEH\u00d8R<\/strong><br \/>\n6 antikk s\u00f8lvstjerne knapper 15 mm<br \/>\nKnappehullstrikk til livet<\/p>\n<p>&nbsp;<\/p>\n<p class=\"p1\"><strong>PINNER OG STRIKKEFASTHET<\/strong><br \/>\n40 cm rundpinne nr. 3,5<br \/>\n60 cm rundpinne nr. 3,5 og 4<br \/>\n22 masker strukturstrikk p\u00e5 pinne nr. 4 med en tr\u00e5d av hver kvalitet = 10 cm<\/p>\n","protected":false},"excerpt":{"rendered":"<p>Dette knappeskj\u00f8rtet har jeg tenkt p\u00e5 i flere \u00e5r, og endelig fikk jeg knekt koden. Det\u00a0er en barnevariant av knappeskj\u00f8rtet i boken \u201cStrikketid\u201d, men jeg har gjort noen\u00a0forbedringer slik at det passer godt til lek og moro.\u00a0Skj\u00f8rtet strikkes ovenfra og ned, med en tr\u00e5d av hver kvalitet, og har\u00a0belegg i livet slik at du kan tre i en strikk.<\/p>\n<p>&nbsp;<\/p>\n<p>&nbsp;<\/p>\n<p><strong>Norsk og Engelsk oppskrift.<\/strong> Du f\u00e5r tilgang til alle spr\u00e5k som pdf fil ved kj\u00f8p.<\/p>\n","protected":false},"featured_media":72954,"template":"","meta":{"_acf_changed":false,"_relevanssi_hide_post":"","_relevanssi_hide_content":"","_relevanssi_pin_for_all":"","_relevanssi_pin_keywords":"","_relevanssi_unpin_keywords":"","_relevanssi_related_keywords":"","_relevanssi_related_include_ids":"","_relevanssi_related_exclude_ids":"","_relevanssi_related_no_append":"","_relevanssi_related_not_related":"","_relevanssi_related_posts":"","_relevanssi_noindex_reason":""},"product_cat":[60,246,201],"product_tag":[128,610,725,37,33,134,136,460],"class_list":{"0":"post-72951","1":"product","2":"type-product","3":"status-publish","4":"has-post-thumbnail","6":"product_cat-strikkeoppskrifter","7":"product_cat-tullemor-lillebror","8":"product_cat-kjoler-og-skjort","9":"product_tag-design-by-marte-helgetun","10":"product_tag-knappeskjort","11":"product_tag-knappeskjort-barn","12":"product_tag-lett","13":"product_tag-lunt","14":"product_tag-marte-helgetun","15":"product_tag-strikkeoppskrift","16":"product_tag-tullemor-og-lillebror","18":"first","19":"instock","20":"downloadable","21":"taxable","22":"shipping-taxable","23":"purchasable","24":"product-type-mht_bundle"},"acf":[],"_links":{"self":[{"href":"https:\/\/martehelgetun.no\/en\/wp-json\/wp\/v2\/product\/72951","targetHints":{"allow":["GET"]}}],"collection":[{"href":"https:\/\/martehelgetun.no\/en\/wp-json\/wp\/v2\/product"}],"about":[{"href":"https:\/\/martehelgetun.no\/en\/wp-json\/wp\/v2\/types\/product"}],"wp:featuredmedia":[{"embeddable":true,"href":"https:\/\/martehelgetun.no\/en\/wp-json\/wp\/v2\/media\/72954"}],"wp:attachment":[{"href":"https:\/\/martehelgetun.no\/en\/wp-json\/wp\/v2\/media?parent=72951"}],"wp:term":[{"taxonomy":"product_cat","embeddable":true,"href":"https:\/\/martehelgetun.no\/en\/wp-json\/wp\/v2\/product_cat?post=72951"},{"taxonomy":"product_tag","embeddable":true,"href":"https:\/\/martehelgetun.no\/en\/wp-json\/wp\/v2\/product_tag?post=72951"}],"curies":[{"name":"wp","href":"https:\/\/api.w.org\/{rel}","templated":true}]}}