{"id":72790,"date":"2024-03-08T12:08:30","date_gmt":"2024-03-08T11:08:30","guid":{"rendered":"http:\/\/martehelgetun.no\/?post_type=product&#038;p=72790"},"modified":"2025-03-04T12:31:27","modified_gmt":"2025-03-04T11:31:27","slug":"maskemarkorer-fra-lantern-moon-10-stk","status":"publish","type":"product","link":"https:\/\/martehelgetun.no\/en\/produkt\/maskemarkorer-fra-lantern-moon-10-stk\/","title":{"rendered":"Lantern Moon Maskemark\u00f8rer 10 stk"},"content":{"rendered":"<p>Fargerike maskemark\u00f8rene fra Lantern Moon. De er lett \u00e5 se, med en messingtopp og den romslig ringen passer de fleste pinnest\u00f8rrelser.<\/p>\n<p>Maskemark\u00f8rene kommer i pakker p\u00e5 10 stk.<\/p>\n","protected":false},"excerpt":{"rendered":"<p>Fargerike maskemark\u00f8rene fra Lantern Moon. De er lett \u00e5 se, med en messingtopp og den romslig ringen passer de fleste pinnest\u00f8rrelser. Maskemark\u00f8rene kommer i pakker p\u00e5 10 stk.<\/p>\n","protected":false},"featured_media":72791,"template":"","meta":{"_acf_changed":false,"_relevanssi_hide_post":"","_relevanssi_hide_content":"","_relevanssi_pin_for_all":"","_relevanssi_pin_keywords":"","_relevanssi_unpin_keywords":"","_relevanssi_related_keywords":"","_relevanssi_related_include_ids":"","_relevanssi_related_exclude_ids":"","_relevanssi_related_no_append":"","_relevanssi_related_not_related":"","_relevanssi_related_posts":"","_relevanssi_noindex_reason":""},"product_cat":[87,678],"product_tag":[681,621],"class_list":{"0":"post-72790","1":"product","2":"type-product","3":"status-publish","4":"has-post-thumbnail","6":"product_cat-strikketilbehor","7":"product_cat-maskemarkorer","8":"product_tag-lantern-moon-maskemarkorer","9":"product_tag-maskemarkorer","11":"first","12":"instock","13":"taxable","14":"shipping-taxable","15":"purchasable","16":"product-type-simple"},"acf":[],"_links":{"self":[{"href":"https:\/\/martehelgetun.no\/en\/wp-json\/wp\/v2\/product\/72790","targetHints":{"allow":["GET"]}}],"collection":[{"href":"https:\/\/martehelgetun.no\/en\/wp-json\/wp\/v2\/product"}],"about":[{"href":"https:\/\/martehelgetun.no\/en\/wp-json\/wp\/v2\/types\/product"}],"wp:featuredmedia":[{"embeddable":true,"href":"https:\/\/martehelgetun.no\/en\/wp-json\/wp\/v2\/media\/72791"}],"wp:attachment":[{"href":"https:\/\/martehelgetun.no\/en\/wp-json\/wp\/v2\/media?parent=72790"}],"wp:term":[{"taxonomy":"product_cat","embeddable":true,"href":"https:\/\/martehelgetun.no\/en\/wp-json\/wp\/v2\/product_cat?post=72790"},{"taxonomy":"product_tag","embeddable":true,"href":"https:\/\/martehelgetun.no\/en\/wp-json\/wp\/v2\/product_tag?post=72790"}],"curies":[{"name":"wp","href":"https:\/\/api.w.org\/{rel}","templated":true}]}}