{"id":72746,"date":"2024-03-06T14:12:17","date_gmt":"2024-03-06T13:12:17","guid":{"rendered":"http:\/\/martehelgetun.no\/?post_type=product&#038;p=72746"},"modified":"2025-06-10T13:09:50","modified_gmt":"2025-06-10T11:09:50","slug":"summervibes-sjal","status":"publish","type":"product","link":"https:\/\/martehelgetun.no\/en\/produkt\/summervibes-sjal\/","title":{"rendered":"Summervibes sjal"},"content":{"rendered":"<p><strong>ST\u00d8RRELSER OG M\u00c5L<\/strong><br \/>\nSt\u00f8rrelser: En st\u00f8rrelse<br \/>\nLengde: ca 130 cm<br \/>\nH\u00f8yde: ca 50 cm<\/p>\n<p><strong><br \/>\nGARN OG GARNFORBRUK<\/strong><br \/>\nLunt Fargespill by Marte Helgetun<br \/>\n1 n\u00f8ste nr. 15 Isbre<\/p>\n<p>&nbsp;<\/p>\n<p><strong>PINNER OG STRIKKEFASTHET<\/strong><br \/>\n80 cm rundpinne nr. 4<br \/>\n22 masker strukturstrikk p\u00e5 pinne nr. 4 = 10 cm i bredden<\/p>\n","protected":false},"excerpt":{"rendered":"<p>Et lekkert lite sjal strikket med ett n\u00f8ste Lunt Fargespill.<br \/>\nSjalet strikkes fra spiss til spiss og\u00a0du starter i den enden p\u00e5 n\u00f8stet som du vil det skal syns mest av.<\/p>\n<p>&nbsp;<\/p>\n<p>&nbsp;<\/p>\n<p><strong>Norsk og Engelsk oppskrift.<\/strong> Du f\u00e5r tilgang til alle spr\u00e5k som pdf fil ved kj\u00f8p.<\/p>\n","protected":false},"featured_media":72748,"template":"","meta":{"_acf_changed":false,"_relevanssi_hide_post":"","_relevanssi_hide_content":"","_relevanssi_pin_for_all":"","_relevanssi_pin_keywords":"","_relevanssi_unpin_keywords":"","_relevanssi_related_keywords":"","_relevanssi_related_include_ids":"","_relevanssi_related_exclude_ids":"","_relevanssi_related_no_append":"","_relevanssi_related_not_related":"","_relevanssi_related_posts":"","_relevanssi_noindex_reason":""},"product_cat":[60,86,81],"product_tag":[128,26,28,134,130,669,136,667,84,668],"acf":[],"_links":{"self":[{"href":"https:\/\/martehelgetun.no\/en\/wp-json\/wp\/v2\/product\/72746"}],"collection":[{"href":"https:\/\/martehelgetun.no\/en\/wp-json\/wp\/v2\/product"}],"about":[{"href":"https:\/\/martehelgetun.no\/en\/wp-json\/wp\/v2\/types\/product"}],"wp:featuredmedia":[{"embeddable":true,"href":"https:\/\/martehelgetun.no\/en\/wp-json\/wp\/v2\/media\/72748"}],"wp:attachment":[{"href":"https:\/\/martehelgetun.no\/en\/wp-json\/wp\/v2\/media?parent=72746"}],"wp:term":[{"taxonomy":"product_cat","embeddable":true,"href":"https:\/\/martehelgetun.no\/en\/wp-json\/wp\/v2\/product_cat?post=72746"},{"taxonomy":"product_tag","embeddable":true,"href":"https:\/\/martehelgetun.no\/en\/wp-json\/wp\/v2\/product_tag?post=72746"}],"curies":[{"name":"wp","href":"https:\/\/api.w.org\/{rel}","templated":true}]}}