{"id":72694,"date":"2024-03-06T13:59:37","date_gmt":"2024-03-06T12:59:37","guid":{"rendered":"http:\/\/martehelgetun.no\/?post_type=product&#038;p=72694"},"modified":"2025-06-10T13:43:05","modified_gmt":"2025-06-10T11:43:05","slug":"summervibes-sjal-ensfarget","status":"publish","type":"product","link":"https:\/\/martehelgetun.no\/en\/produkt\/summervibes-sjal-ensfarget\/","title":{"rendered":"Summervibes sjal &#8211; ensfarget"},"content":{"rendered":"<p><strong>ST\u00d8RRELSER OG M\u00c5L<\/strong><br \/>\nSt\u00f8rrelser: En st\u00f8rrelse<br \/>\nLengde: ca 160 cm<br \/>\nH\u00f8yde: ca 55 cm<\/p>\n<p>&nbsp;<\/p>\n<p><strong>GARN OG GARNFORBRUK<\/strong><br \/>\nLunt + Lett by Marte Helgetun<br \/>\n3 n\u00f8ster Lunt nr. 01 Kitt<br \/>\n2 n\u00f8ster Lett nr. 01 Kitt<br \/>\nSjalet strikkes med en tr\u00e5d av hver kvalitet<\/p>\n<p>&nbsp;<\/p>\n<p><strong>PINNER OG STRIKKEFASTHET<\/strong><br \/>\n80 cm rundpinne nr. 4,5<br \/>\n20 masker strukturstrikk p\u00e5 pinne nr. 4,5 med en tr\u00e5d av hver kvalitet = 10 cm i bredden<\/p>\n","protected":false},"excerpt":{"rendered":"<p>Et lekkert sjal strikket i garnkombinasjonen Lunt + Lett. Sjalet strikkes fra spiss til spiss med repeterende struktur. Dette sjalet finnes ogs\u00e5 i en litt mindre variant i det graderte garnet Lunt Fargespill.<\/p>\n<p>&nbsp;<\/p>\n<p>&nbsp;<\/p>\n<p><strong>Norsk og Engelsk oppskrift.<\/strong> Du f\u00e5r tilgang til alle spr\u00e5k som pdf fil ved kj\u00f8p.<\/p>\n","protected":false},"featured_media":75420,"template":"","meta":{"_acf_changed":false,"_relevanssi_hide_post":"","_relevanssi_hide_content":"","_relevanssi_pin_for_all":"","_relevanssi_pin_keywords":"","_relevanssi_unpin_keywords":"","_relevanssi_related_keywords":"","_relevanssi_related_include_ids":"","_relevanssi_related_exclude_ids":"","_relevanssi_related_no_append":"","_relevanssi_related_not_related":"","_relevanssi_related_posts":"","_relevanssi_noindex_reason":""},"product_cat":[60,81],"product_tag":[128,37,33,134,130,136,670,84,668],"acf":[],"_links":{"self":[{"href":"https:\/\/martehelgetun.no\/en\/wp-json\/wp\/v2\/product\/72694"}],"collection":[{"href":"https:\/\/martehelgetun.no\/en\/wp-json\/wp\/v2\/product"}],"about":[{"href":"https:\/\/martehelgetun.no\/en\/wp-json\/wp\/v2\/types\/product"}],"wp:featuredmedia":[{"embeddable":true,"href":"https:\/\/martehelgetun.no\/en\/wp-json\/wp\/v2\/media\/75420"}],"wp:attachment":[{"href":"https:\/\/martehelgetun.no\/en\/wp-json\/wp\/v2\/media?parent=72694"}],"wp:term":[{"taxonomy":"product_cat","embeddable":true,"href":"https:\/\/martehelgetun.no\/en\/wp-json\/wp\/v2\/product_cat?post=72694"},{"taxonomy":"product_tag","embeddable":true,"href":"https:\/\/martehelgetun.no\/en\/wp-json\/wp\/v2\/product_tag?post=72694"}],"curies":[{"name":"wp","href":"https:\/\/api.w.org\/{rel}","templated":true}]}}