{"id":72683,"date":"2024-03-06T13:32:24","date_gmt":"2024-03-06T12:32:24","guid":{"rendered":"http:\/\/martehelgetun.no\/?post_type=product&#038;p=72683"},"modified":"2025-06-10T13:39:18","modified_gmt":"2025-06-10T11:39:18","slug":"panneband-a-la-mormor","status":"publish","type":"product","link":"https:\/\/martehelgetun.no\/en\/produkt\/panneband-a-la-mormor\/","title":{"rendered":"Panneb\u00e5nd a la Mormor"},"content":{"rendered":"<p><strong>ST\u00d8RRELSER OG M\u00c5L<\/strong><br \/>\nEn st\u00f8rrelse<\/p>\n<p>&nbsp;<\/p>\n<p><strong>GARN OG GARNFORBRUK<\/strong><br \/>\n1 n\u00f8ste Lunt nr. 01 Kitt<br \/>\n1 n\u00f8ste Lett nr.01 Kitt<br \/>\n1 n\u00f8ste Lunt nr. 03 Sand<br \/>\n1 n\u00f8ste Lett nr. 17 Sand<\/p>\n<p>Panneb\u00e5ndet strikkes med 1 tr\u00e5d Lunt og 1 tr\u00e5d Lett sammen<\/p>\n<p>&nbsp;<\/p>\n<p><strong>TILBEH\u00d8R<\/strong><br \/>\n1 Skinntagg<\/p>\n<p>&nbsp;<\/p>\n<p><strong>PINNER OG STRIKKEFASTHET<\/strong><br \/>\nRundpinne 40 cm lang nr. 4,5<br \/>\n24 masker m\u00f8nsterstrikk med en tr\u00e5d av hver kvalitet p\u00e5 pinne nr. 4,5 = 10 cm<\/p>\n","protected":false},"excerpt":{"rendered":"<p>Mormorm\u00f8nsteret ble skikkelig fint p\u00e5 et helt enkelt panneb\u00e5nd. En liten vri gj\u00f8r at det ser langt\u00a0mer komplisert ut enn det er. Det finnes et helt sett med dette fine rutem\u00f8nsteret hvor alle delene\u00a0er laget for \u00e5 passe sammen. Hals, lue, panneb\u00e5nd, votter og mormors HappyFeet.<\/p>\n<p>&nbsp;<\/p>\n<p>&nbsp;<\/p>\n<p><strong>Norsk og Engelsk oppskrift.<\/strong> Du f\u00e5r tilgang til alle spr\u00e5k som pdf fil ved kj\u00f8p.<\/p>\n","protected":false},"featured_media":72645,"template":"","meta":{"_acf_changed":false,"_relevanssi_hide_post":"","_relevanssi_hide_content":"","_relevanssi_pin_for_all":"","_relevanssi_pin_keywords":"","_relevanssi_unpin_keywords":"","_relevanssi_related_keywords":"","_relevanssi_related_include_ids":"","_relevanssi_related_exclude_ids":"","_relevanssi_related_no_append":"","_relevanssi_related_not_related":"","_relevanssi_related_posts":"","_relevanssi_noindex_reason":""},"product_cat":[60,401],"product_tag":[128,37,33,134,173,664,84],"class_list":{"0":"post-72683","1":"product","2":"type-product","3":"status-publish","4":"has-post-thumbnail","6":"product_cat-strikkeoppskrifter","7":"product_cat-lue-panneband","8":"product_tag-design-by-marte-helgetun","9":"product_tag-lett","10":"product_tag-lunt","11":"product_tag-marte-helgetun","12":"product_tag-panneband","13":"product_tag-panneband-a-la-mormor","14":"product_tag-tilbehor","16":"first","17":"instock","18":"downloadable","19":"taxable","20":"shipping-taxable","21":"purchasable","22":"product-type-mht_bundle"},"acf":[],"_links":{"self":[{"href":"https:\/\/martehelgetun.no\/en\/wp-json\/wp\/v2\/product\/72683","targetHints":{"allow":["GET"]}}],"collection":[{"href":"https:\/\/martehelgetun.no\/en\/wp-json\/wp\/v2\/product"}],"about":[{"href":"https:\/\/martehelgetun.no\/en\/wp-json\/wp\/v2\/types\/product"}],"wp:featuredmedia":[{"embeddable":true,"href":"https:\/\/martehelgetun.no\/en\/wp-json\/wp\/v2\/media\/72645"}],"wp:attachment":[{"href":"https:\/\/martehelgetun.no\/en\/wp-json\/wp\/v2\/media?parent=72683"}],"wp:term":[{"taxonomy":"product_cat","embeddable":true,"href":"https:\/\/martehelgetun.no\/en\/wp-json\/wp\/v2\/product_cat?post=72683"},{"taxonomy":"product_tag","embeddable":true,"href":"https:\/\/martehelgetun.no\/en\/wp-json\/wp\/v2\/product_tag?post=72683"}],"curies":[{"name":"wp","href":"https:\/\/api.w.org\/{rel}","templated":true}]}}