{"id":72531,"date":"2024-02-21T10:39:15","date_gmt":"2024-02-21T09:39:15","guid":{"rendered":"http:\/\/martehelgetun.no\/?post_type=product&#038;p=72531"},"modified":"2024-03-19T21:56:24","modified_gmt":"2024-03-19T20:56:24","slug":"sett-med-strikketilbehor","status":"publish","type":"product","link":"https:\/\/martehelgetun.no\/en\/product\/sett-med-strikketilbehor\/","title":{"rendered":"Sett med strikketilbeh\u00f8r"},"content":{"rendered":"","protected":false},"excerpt":{"rendered":"<p>Et praktisk sett med strikketilbeh\u00f8r som inneholder: to flettepinner, omgangsteller, to n\u00e5ler og en maskeholder<\/p>\n","protected":false},"featured_media":72532,"template":"","meta":{"_acf_changed":false,"_relevanssi_hide_post":"","_relevanssi_hide_content":"","_relevanssi_pin_for_all":"","_relevanssi_pin_keywords":"","_relevanssi_unpin_keywords":"","_relevanssi_related_keywords":"","_relevanssi_related_include_ids":"","_relevanssi_related_exclude_ids":"","_relevanssi_related_no_append":"","_relevanssi_related_not_related":"","_relevanssi_related_posts":"","_relevanssi_noindex_reason":""},"product_brand":[],"product_cat":[673,87],"product_tag":[662,661,365],"class_list":{"0":"post-72531","1":"product","2":"type-product","3":"status-publish","4":"has-post-thumbnail","6":"product_cat-kjekt-a-ha","7":"product_cat-strikketilbehor","8":"product_tag-flettepinner","9":"product_tag-sett-med-strikketilbehor","10":"product_tag-strikketilbehor","12":"first","13":"instock","14":"taxable","15":"shipping-taxable","16":"purchasable","17":"product-type-simple"},"acf":[],"_links":{"self":[{"href":"https:\/\/martehelgetun.no\/en\/wp-json\/wp\/v2\/product\/72531","targetHints":{"allow":["GET"]}}],"collection":[{"href":"https:\/\/martehelgetun.no\/en\/wp-json\/wp\/v2\/product"}],"about":[{"href":"https:\/\/martehelgetun.no\/en\/wp-json\/wp\/v2\/types\/product"}],"wp:featuredmedia":[{"embeddable":true,"href":"https:\/\/martehelgetun.no\/en\/wp-json\/wp\/v2\/media\/72532"}],"wp:attachment":[{"href":"https:\/\/martehelgetun.no\/en\/wp-json\/wp\/v2\/media?parent=72531"}],"wp:term":[{"taxonomy":"product_brand","embeddable":true,"href":"https:\/\/martehelgetun.no\/en\/wp-json\/wp\/v2\/product_brand?post=72531"},{"taxonomy":"product_cat","embeddable":true,"href":"https:\/\/martehelgetun.no\/en\/wp-json\/wp\/v2\/product_cat?post=72531"},{"taxonomy":"product_tag","embeddable":true,"href":"https:\/\/martehelgetun.no\/en\/wp-json\/wp\/v2\/product_tag?post=72531"}],"curies":[{"name":"wp","href":"https:\/\/api.w.org\/{rel}","templated":true}]}}