{"id":72528,"date":"2024-02-21T10:31:09","date_gmt":"2024-02-21T09:31:09","guid":{"rendered":"http:\/\/martehelgetun.no\/?post_type=product&#038;p=72528"},"modified":"2024-03-19T21:56:44","modified_gmt":"2024-03-19T20:56:44","slug":"strikkefingerboll","status":"publish","type":"product","link":"https:\/\/martehelgetun.no\/en\/produkt\/strikkefingerboll\/","title":{"rendered":"Strikkefingerb\u00f8ll"},"content":{"rendered":"","protected":false},"excerpt":{"rendered":"<p>Denne fingerb\u00f8llen fra Prym kan holde 4 forskjellige garntr\u00e5der om gangen. Man kan ogs\u00e5 bruke strikkefingerb\u00f8llen til en tr\u00e5d.<\/p>\n","protected":false},"featured_media":72529,"template":"","meta":{"_acf_changed":false,"_relevanssi_hide_post":"","_relevanssi_hide_content":"","_relevanssi_pin_for_all":"","_relevanssi_pin_keywords":"","_relevanssi_unpin_keywords":"","_relevanssi_related_keywords":"","_relevanssi_related_include_ids":"","_relevanssi_related_exclude_ids":"","_relevanssi_related_no_append":"","_relevanssi_related_not_related":"","_relevanssi_related_posts":"","_relevanssi_noindex_reason":""},"product_cat":[87,673],"product_tag":[660,659,658],"class_list":{"0":"post-72528","1":"product","2":"type-product","3":"status-publish","4":"has-post-thumbnail","6":"product_cat-strikketilbehor","7":"product_cat-kjekt-a-ha","8":"product_tag-fingerboll","9":"product_tag-prym-strikkefingerboll","10":"product_tag-strikkefingerboll","12":"first","13":"instock","14":"taxable","15":"shipping-taxable","16":"purchasable","17":"product-type-simple"},"acf":[],"_links":{"self":[{"href":"https:\/\/martehelgetun.no\/en\/wp-json\/wp\/v2\/product\/72528","targetHints":{"allow":["GET"]}}],"collection":[{"href":"https:\/\/martehelgetun.no\/en\/wp-json\/wp\/v2\/product"}],"about":[{"href":"https:\/\/martehelgetun.no\/en\/wp-json\/wp\/v2\/types\/product"}],"wp:featuredmedia":[{"embeddable":true,"href":"https:\/\/martehelgetun.no\/en\/wp-json\/wp\/v2\/media\/72529"}],"wp:attachment":[{"href":"https:\/\/martehelgetun.no\/en\/wp-json\/wp\/v2\/media?parent=72528"}],"wp:term":[{"taxonomy":"product_cat","embeddable":true,"href":"https:\/\/martehelgetun.no\/en\/wp-json\/wp\/v2\/product_cat?post=72528"},{"taxonomy":"product_tag","embeddable":true,"href":"https:\/\/martehelgetun.no\/en\/wp-json\/wp\/v2\/product_tag?post=72528"}],"curies":[{"name":"wp","href":"https:\/\/api.w.org\/{rel}","templated":true}]}}