{"id":72521,"date":"2024-02-20T15:37:32","date_gmt":"2024-02-20T14:37:32","guid":{"rendered":"http:\/\/martehelgetun.no\/?post_type=product&#038;p=72521"},"modified":"2024-03-19T21:55:47","modified_gmt":"2024-03-19T20:55:47","slug":"maleband","status":"publish","type":"product","link":"https:\/\/martehelgetun.no\/en\/product\/maleband\/","title":{"rendered":"M\u00e5leb\u00e5nd"},"content":{"rendered":"","protected":false},"excerpt":{"rendered":"<p>Et enkelt m\u00e5leb\u00e5nd p\u00e5 rull med Sandnes Garn logo.<br \/>\nTrykker du p\u00e5 knappen ruller det seg sammen igjen.<\/p>\n","protected":false},"featured_media":72522,"template":"","meta":{"_acf_changed":false,"_relevanssi_hide_post":"","_relevanssi_hide_content":"","_relevanssi_pin_for_all":"","_relevanssi_pin_keywords":"","_relevanssi_unpin_keywords":"","_relevanssi_related_keywords":"","_relevanssi_related_include_ids":"","_relevanssi_related_exclude_ids":"","_relevanssi_related_no_append":"","_relevanssi_related_not_related":"","_relevanssi_related_posts":"","_relevanssi_noindex_reason":""},"product_brand":[],"product_cat":[673,87],"product_tag":[655,365],"class_list":{"0":"post-72521","1":"product","2":"type-product","3":"status-publish","4":"has-post-thumbnail","6":"product_cat-kjekt-a-ha","7":"product_cat-strikketilbehor","8":"product_tag-maleband","9":"product_tag-strikketilbehor","11":"first","12":"instock","13":"taxable","14":"shipping-taxable","15":"purchasable","16":"product-type-simple"},"acf":[],"_links":{"self":[{"href":"https:\/\/martehelgetun.no\/en\/wp-json\/wp\/v2\/product\/72521","targetHints":{"allow":["GET"]}}],"collection":[{"href":"https:\/\/martehelgetun.no\/en\/wp-json\/wp\/v2\/product"}],"about":[{"href":"https:\/\/martehelgetun.no\/en\/wp-json\/wp\/v2\/types\/product"}],"wp:featuredmedia":[{"embeddable":true,"href":"https:\/\/martehelgetun.no\/en\/wp-json\/wp\/v2\/media\/72522"}],"wp:attachment":[{"href":"https:\/\/martehelgetun.no\/en\/wp-json\/wp\/v2\/media?parent=72521"}],"wp:term":[{"taxonomy":"product_brand","embeddable":true,"href":"https:\/\/martehelgetun.no\/en\/wp-json\/wp\/v2\/product_brand?post=72521"},{"taxonomy":"product_cat","embeddable":true,"href":"https:\/\/martehelgetun.no\/en\/wp-json\/wp\/v2\/product_cat?post=72521"},{"taxonomy":"product_tag","embeddable":true,"href":"https:\/\/martehelgetun.no\/en\/wp-json\/wp\/v2\/product_tag?post=72521"}],"curies":[{"name":"wp","href":"https:\/\/api.w.org\/{rel}","templated":true}]}}