{"id":72515,"date":"2024-02-20T15:21:26","date_gmt":"2024-02-20T14:21:26","guid":{"rendered":"http:\/\/martehelgetun.no\/?post_type=product&#038;p=72515"},"modified":"2024-03-19T21:55:47","modified_gmt":"2024-03-19T20:55:47","slug":"maskemarkorer-binders","status":"publish","type":"product","link":"https:\/\/martehelgetun.no\/en\/produkt\/maskemarkorer-binders\/","title":{"rendered":"Maskemark\u00f8rer &#8211; binders"},"content":{"rendered":"","protected":false},"excerpt":{"rendered":"<p>Bindersvarianten av maskemark\u00f8rer gj\u00f8r det enkelt \u00e5 flytte med seg markeringen etter som strikket\u00f8yet vokser. Mark\u00f8rene finnes i tre ulike farger. Slik kan du lett bruke fargekoder, og de er lett synlige uansett hvilken farge du strikker med.<\/p>\n","protected":false},"featured_media":72516,"template":"","meta":{"_acf_changed":false,"_relevanssi_hide_post":"","_relevanssi_hide_content":"","_relevanssi_pin_for_all":"","_relevanssi_pin_keywords":"","_relevanssi_unpin_keywords":"","_relevanssi_related_keywords":"","_relevanssi_related_include_ids":"","_relevanssi_related_exclude_ids":"","_relevanssi_related_no_append":"","_relevanssi_related_not_related":"","_relevanssi_related_posts":"","_relevanssi_noindex_reason":""},"product_cat":[87,678,673],"product_tag":[650,621,651,365],"class_list":{"0":"post-72515","1":"product","2":"type-product","3":"status-publish","4":"has-post-thumbnail","6":"product_cat-strikketilbehor","7":"product_cat-maskemarkorer","8":"product_cat-kjekt-a-ha","9":"product_tag-binders-maskemarkorer","10":"product_tag-maskemarkorer","11":"product_tag-maskemarkorer-i-plastikk","12":"product_tag-strikketilbehor","14":"first","15":"instock","16":"taxable","17":"shipping-taxable","18":"purchasable","19":"product-type-simple"},"acf":[],"_links":{"self":[{"href":"https:\/\/martehelgetun.no\/en\/wp-json\/wp\/v2\/product\/72515","targetHints":{"allow":["GET"]}}],"collection":[{"href":"https:\/\/martehelgetun.no\/en\/wp-json\/wp\/v2\/product"}],"about":[{"href":"https:\/\/martehelgetun.no\/en\/wp-json\/wp\/v2\/types\/product"}],"wp:featuredmedia":[{"embeddable":true,"href":"https:\/\/martehelgetun.no\/en\/wp-json\/wp\/v2\/media\/72516"}],"wp:attachment":[{"href":"https:\/\/martehelgetun.no\/en\/wp-json\/wp\/v2\/media?parent=72515"}],"wp:term":[{"taxonomy":"product_cat","embeddable":true,"href":"https:\/\/martehelgetun.no\/en\/wp-json\/wp\/v2\/product_cat?post=72515"},{"taxonomy":"product_tag","embeddable":true,"href":"https:\/\/martehelgetun.no\/en\/wp-json\/wp\/v2\/product_tag?post=72515"}],"curies":[{"name":"wp","href":"https:\/\/api.w.org\/{rel}","templated":true}]}}