{"id":72509,"date":"2024-02-20T15:11:14","date_gmt":"2024-02-20T14:11:14","guid":{"rendered":"http:\/\/martehelgetun.no\/?post_type=product&#038;p=72509"},"modified":"2024-03-19T21:56:02","modified_gmt":"2024-03-19T20:56:02","slug":"pinnemaler-firkantet","status":"publish","type":"product","link":"https:\/\/martehelgetun.no\/en\/produkt\/pinnemaler-firkantet\/","title":{"rendered":"Pinnem\u00e5ler &#8211; firkantet"},"content":{"rendered":"","protected":false},"excerpt":{"rendered":"<p>Firkantet pinnem\u00e5ler med b\u00e5de hele, halve og kvarte pinnest\u00f8rrelser.<br \/>\nDen har ogs\u00e5 et 5 cm m\u00e5l.<\/p>\n","protected":false},"featured_media":72510,"template":"","meta":{"_acf_changed":false,"_relevanssi_hide_post":"","_relevanssi_hide_content":"","_relevanssi_pin_for_all":"","_relevanssi_pin_keywords":"","_relevanssi_unpin_keywords":"","_relevanssi_related_keywords":"","_relevanssi_related_include_ids":"","_relevanssi_related_exclude_ids":"","_relevanssi_related_no_append":"","_relevanssi_related_not_related":"","_relevanssi_related_posts":"","_relevanssi_noindex_reason":""},"product_cat":[87,673],"product_tag":[647,646,365],"class_list":{"0":"post-72509","1":"product","2":"type-product","3":"status-publish","4":"has-post-thumbnail","6":"product_cat-strikketilbehor","7":"product_cat-kjekt-a-ha","8":"product_tag-firkantet-pinnemaler","9":"product_tag-pinnemaler","10":"product_tag-strikketilbehor","12":"first","13":"instock","14":"taxable","15":"shipping-taxable","16":"purchasable","17":"product-type-simple"},"acf":[],"_links":{"self":[{"href":"https:\/\/martehelgetun.no\/en\/wp-json\/wp\/v2\/product\/72509","targetHints":{"allow":["GET"]}}],"collection":[{"href":"https:\/\/martehelgetun.no\/en\/wp-json\/wp\/v2\/product"}],"about":[{"href":"https:\/\/martehelgetun.no\/en\/wp-json\/wp\/v2\/types\/product"}],"wp:featuredmedia":[{"embeddable":true,"href":"https:\/\/martehelgetun.no\/en\/wp-json\/wp\/v2\/media\/72510"}],"wp:attachment":[{"href":"https:\/\/martehelgetun.no\/en\/wp-json\/wp\/v2\/media?parent=72509"}],"wp:term":[{"taxonomy":"product_cat","embeddable":true,"href":"https:\/\/martehelgetun.no\/en\/wp-json\/wp\/v2\/product_cat?post=72509"},{"taxonomy":"product_tag","embeddable":true,"href":"https:\/\/martehelgetun.no\/en\/wp-json\/wp\/v2\/product_tag?post=72509"}],"curies":[{"name":"wp","href":"https:\/\/api.w.org\/{rel}","templated":true}]}}