{"id":72467,"date":"2024-02-20T14:35:53","date_gmt":"2024-02-20T13:35:53","guid":{"rendered":"http:\/\/martehelgetun.no\/?post_type=product&#038;p=72467"},"modified":"2024-05-24T10:44:28","modified_gmt":"2024-05-24T08:44:28","slug":"mh-pinneskrin-uten-pinner","status":"publish","type":"product","link":"https:\/\/martehelgetun.no\/en\/produkt\/mh-pinneskrin-uten-pinner\/","title":{"rendered":"MH Pinneskrin uten pinner"},"content":{"rendered":"","protected":false},"excerpt":{"rendered":"<p>Skrinet har jeg designet selv etter og ha lett i \u00e5revis etter det perfekte pinneskrinet. Skrinet som er laget av sort kartong, rommer alt man kan \u00f8nske seg av et pinneskrin. M\u00e5lene er ca 22 x 22 x 4,5 cm. P\u00e5 lokket som \u00e5pnes og lukkes med magneter, er logoen min i glanset folie. Pinneskrinet har en rillet overflatestruktur.<\/p>\n<p>&nbsp;<\/p>\n<p>Skrinet kommer helt tomt, og har plass til alt du m\u00e5tte trenge av tupper og str\u00f8mpepinner. I mitt personlige skrin har jeg sikkert 20 ulike vaiere, noen faste rundpinner, 4 penner, alt for f\u00e5 stoppen\u00e5ler, et m\u00e5leb\u00e5nd og en saks. Du kommer til \u00e5 elske det!<\/p>\n<p>&nbsp;<\/p>\n<p>Men husk dette skrinet passer for de som strikker med tupper og vaiere, ikke like godt egnet for tradisjonelle rundpinner.<\/p>\n<p>&nbsp;<\/p>\n<p>Dette m\u00e5 v\u00e6re verdens beste gave til deg selv eller en som er glad i \u00e5 strikke.<\/p>\n","protected":false},"featured_media":73011,"template":"","meta":{"_acf_changed":false,"_relevanssi_hide_post":"","_relevanssi_hide_content":"","_relevanssi_pin_for_all":"","_relevanssi_pin_keywords":"","_relevanssi_unpin_keywords":"","_relevanssi_related_keywords":"","_relevanssi_related_include_ids":"","_relevanssi_related_exclude_ids":"","_relevanssi_related_no_append":"","_relevanssi_related_not_related":"","_relevanssi_related_posts":"","_relevanssi_noindex_reason":""},"product_cat":[671],"product_tag":[629,630,631,365],"class_list":{"0":"post-72467","1":"product","2":"type-product","3":"status-publish","4":"has-post-thumbnail","6":"product_cat-oppbevaring","7":"product_tag-pinneskrin","8":"product_tag-pinneskrin-marte-helgetun","9":"product_tag-skrin-til-strikkepinner","10":"product_tag-strikketilbehor","12":"first","13":"instock","14":"taxable","15":"shipping-taxable","16":"purchasable","17":"product-type-simple"},"acf":[],"_links":{"self":[{"href":"https:\/\/martehelgetun.no\/en\/wp-json\/wp\/v2\/product\/72467","targetHints":{"allow":["GET"]}}],"collection":[{"href":"https:\/\/martehelgetun.no\/en\/wp-json\/wp\/v2\/product"}],"about":[{"href":"https:\/\/martehelgetun.no\/en\/wp-json\/wp\/v2\/types\/product"}],"wp:featuredmedia":[{"embeddable":true,"href":"https:\/\/martehelgetun.no\/en\/wp-json\/wp\/v2\/media\/73011"}],"wp:attachment":[{"href":"https:\/\/martehelgetun.no\/en\/wp-json\/wp\/v2\/media?parent=72467"}],"wp:term":[{"taxonomy":"product_cat","embeddable":true,"href":"https:\/\/martehelgetun.no\/en\/wp-json\/wp\/v2\/product_cat?post=72467"},{"taxonomy":"product_tag","embeddable":true,"href":"https:\/\/martehelgetun.no\/en\/wp-json\/wp\/v2\/product_tag?post=72467"}],"curies":[{"name":"wp","href":"https:\/\/api.w.org\/{rel}","templated":true}]}}