{"id":72425,"date":"2024-02-16T17:19:01","date_gmt":"2024-02-16T16:19:01","guid":{"rendered":"http:\/\/martehelgetun.no\/?post_type=product&#038;p=72425"},"modified":"2025-06-10T13:30:08","modified_gmt":"2025-06-10T11:30:08","slug":"fargespill-jr","status":"publish","type":"product","link":"https:\/\/martehelgetun.no\/en\/produkt\/fargespill-jr\/","title":{"rendered":"Fargespill Jr"},"content":{"rendered":"<p><strong>ST\u00d8RRELSER OG M\u00c5L<\/strong><br \/>\nSt\u00f8rrelser: 6 (8) 10 (12) \u00e5r<br \/>\nHel lengde m\u00e5lt midt bak i nakken<br \/>\nLengde: 30 (33) 36 (39) cm<br \/>\nOvervidde: 74 (79) 85 (90) cm<br \/>\nErmlengde: 30 (33) 36 (39) cm<\/p>\n<p>&nbsp;<\/p>\n<p><strong>GARN OG GARNFORBRUK<\/strong><br \/>\nLuftig x Lett x 2 by Marte Helgetun<br \/>\n2 (2) 2 (3) n\u00f8ster Luftig nr. 16 Svart<br \/>\n2 (2) 2 (3) n\u00f8ster Lett nr. 06\u00a0Skifer<br \/>\n2 (2) 2 (3) n\u00f8ster Lett nr. 06 Skifer<\/p>\n<p>Jakken strikker med 1 tr\u00e5d Luftig og 2 tr\u00e5der Lett sammen<\/p>\n<p>&nbsp;<\/p>\n<p><strong>PINNER OG STRIKKEFASTHET<\/strong><br \/>\n80 og 40 cm rundpinne nr. 7<br \/>\nSettpinner nr. 5 eller en lang rundpinne nr. 5<br \/>\ndersom du bruker magic lopp<br \/>\nHeklen\u00e5l nr. 5<br \/>\n15 masker strukturstrikk p\u00e5 pinne nr. 7 = 10 cm<\/p>\n","protected":false},"excerpt":{"rendered":"<p>Dette er en stor bestselger til dame, s\u00e5 n\u00e5r jenta mi spurte om hun ogs\u00e5 kunne f\u00e5 lik som mamma, kunne jeg jo ikke si nei. Jakken f\u00e5r et helt fantastisk fargespill n\u00e5r man setter sammen Luftig og to tr\u00e5der Lett, og man kan virkelig leke seg med fargesammensetningene.<\/p>\n<p>&nbsp;<\/p>\n<p>&nbsp;<\/p>\n<p><strong>Norsk og Engelsk oppskrift.<\/strong> Du f\u00e5r tilgang til alle spr\u00e5k som pdf fil ved kj\u00f8p.<\/p>\n","protected":false},"featured_media":72428,"template":"","meta":{"_acf_changed":false,"_relevanssi_hide_post":"","_relevanssi_hide_content":"","_relevanssi_pin_for_all":"","_relevanssi_pin_keywords":"","_relevanssi_unpin_keywords":"","_relevanssi_related_keywords":"","_relevanssi_related_include_ids":"","_relevanssi_related_exclude_ids":"","_relevanssi_related_no_append":"","_relevanssi_related_not_related":"","_relevanssi_related_posts":"","_relevanssi_noindex_reason":""},"product_cat":[60,246,208],"product_tag":[128,618,454,620,619,37,36,134,136],"class_list":{"0":"post-72425","1":"product","2":"type-product","3":"status-publish","4":"has-post-thumbnail","6":"product_cat-strikkeoppskrifter","7":"product_cat-tullemor-lillebror","8":"product_cat-jakke","9":"product_tag-design-by-marte-helgetun","10":"product_tag-fargespilljakke-jr","11":"product_tag-jakke-barn","12":"product_tag-jakke-i-luftig-barn","13":"product_tag-jakke-skolebarn","14":"product_tag-lett","15":"product_tag-luftig","16":"product_tag-marte-helgetun","17":"product_tag-strikkeoppskrift","19":"first","20":"instock","21":"downloadable","22":"taxable","23":"shipping-taxable","24":"purchasable","25":"product-type-mht_bundle"},"acf":[],"_links":{"self":[{"href":"https:\/\/martehelgetun.no\/en\/wp-json\/wp\/v2\/product\/72425","targetHints":{"allow":["GET"]}}],"collection":[{"href":"https:\/\/martehelgetun.no\/en\/wp-json\/wp\/v2\/product"}],"about":[{"href":"https:\/\/martehelgetun.no\/en\/wp-json\/wp\/v2\/types\/product"}],"wp:featuredmedia":[{"embeddable":true,"href":"https:\/\/martehelgetun.no\/en\/wp-json\/wp\/v2\/media\/72428"}],"wp:attachment":[{"href":"https:\/\/martehelgetun.no\/en\/wp-json\/wp\/v2\/media?parent=72425"}],"wp:term":[{"taxonomy":"product_cat","embeddable":true,"href":"https:\/\/martehelgetun.no\/en\/wp-json\/wp\/v2\/product_cat?post=72425"},{"taxonomy":"product_tag","embeddable":true,"href":"https:\/\/martehelgetun.no\/en\/wp-json\/wp\/v2\/product_tag?post=72425"}],"curies":[{"name":"wp","href":"https:\/\/api.w.org\/{rel}","templated":true}]}}