{"id":72409,"date":"2024-02-16T17:01:30","date_gmt":"2024-02-16T16:01:30","guid":{"rendered":"http:\/\/martehelgetun.no\/?post_type=product&#038;p=72409"},"modified":"2026-04-22T15:27:53","modified_gmt":"2026-04-22T13:27:53","slug":"strandkjole-i-line","status":"publish","type":"product","link":"https:\/\/martehelgetun.no\/en\/product\/strandkjole-i-line\/","title":{"rendered":"Strandkjole i Line"},"content":{"rendered":"<p><strong>ST\u00d8RRELSER OG M\u00c5L<\/strong><br \/>\nSt\u00f8rrelser: S (M) L (XL)<br \/>\nVidde i livet: 86 (90) 94 (98) cm<br \/>\nVidde nede: 96 (100) 104 (108) cm<br \/>\nHel lengde: 84 (86) 88 (91) cm<br \/>\n(kjolen kan sige litt hvis den strikkes l\u00f8st)<\/p>\n<p>&nbsp;<\/p>\n<p><strong>GARN OG GARNFORBRUK<\/strong><br \/>\nLine fra Sandnes Garn<br \/>\n6 (7) 8 (9) n\u00f8ster Kitt nr. 1015<br \/>\n1 (1) 1(1) n\u00f8ste Skifer nr. 6080<\/p>\n<p>&nbsp;<\/p>\n<p><strong>PINNER OG STRIKKEFASTHET<\/strong><br \/>\nRundpinne 80 cm nr. 4,5 mm<br \/>\n20 masker glattstrikk p\u00e5 pinne nr. 4,5 = 10 cm<\/p>\n","protected":false},"excerpt":{"rendered":"<p>Alltid kledd for strandliv. Sommerens fineste strandkjole.\u00a0Kjolen strikkes nedenfra og opp og avsluttes med en enkel heklekant rundt halsen.\u00a0Oppskriften er ogs\u00e5 i boken &#8220;Strikketid. Tidl\u00f8se hverdagsplagg&#8221;.<\/p>\n<p>&nbsp;<\/p>\n<p><strong>Norsk og Engelsk oppskrift.<\/strong> Du f\u00e5r tilgang til alle spr\u00e5k som pdf fil ved kj\u00f8p.<\/p>\n<hr \/>\n<p data-start=\"0\" data-end=\"265\">Always dressed for beach life. This is summer\u2019s most beautiful beach dress. The dress is worked from the bottom up and finished with a simple crocheted edge around the neckline. The pattern is also included in the book<\/p>\n<p data-start=\"267\" data-end=\"375\" data-is-last-node=\"\" data-is-only-node=\"\"><strong>Norwegian and English pattern included.<\/strong> You will receive access to all languages as PDF files upon purchase.<\/p>\n","protected":false},"featured_media":72410,"template":"","meta":{"_acf_changed":false,"_relevanssi_hide_post":"","_relevanssi_hide_content":"","_relevanssi_pin_for_all":"","_relevanssi_pin_keywords":"","_relevanssi_unpin_keywords":"","_relevanssi_related_keywords":"","_relevanssi_related_include_ids":"","_relevanssi_related_exclude_ids":"","_relevanssi_related_no_append":"","_relevanssi_related_not_related":"","_relevanssi_related_posts":"","_relevanssi_noindex_reason":""},"product_brand":[],"product_cat":[201,734,60],"product_tag":[128,206,584,487,585,43,616,134,617,136],"class_list":{"0":"post-72409","1":"product","2":"type-product","3":"status-publish","4":"has-post-thumbnail","6":"product_cat-kjoler-og-skjort","7":"product_cat-sommerstrikk","8":"product_cat-strikkeoppskrifter","9":"product_tag-design-by-marte-helgetun","10":"product_tag-kjole","11":"product_tag-kjole-dame","12":"product_tag-kjole-i-line","13":"product_tag-kjole-i-line-dame","14":"product_tag-line","15":"product_tag-linkjole","16":"product_tag-marte-helgetun","17":"product_tag-strandkjole-i-line","18":"product_tag-strikkeoppskrift","20":"first","21":"instock","22":"downloadable","23":"taxable","24":"shipping-taxable","25":"purchasable","26":"product-type-mht_bundle"},"acf":[],"_links":{"self":[{"href":"https:\/\/martehelgetun.no\/en\/wp-json\/wp\/v2\/product\/72409","targetHints":{"allow":["GET"]}}],"collection":[{"href":"https:\/\/martehelgetun.no\/en\/wp-json\/wp\/v2\/product"}],"about":[{"href":"https:\/\/martehelgetun.no\/en\/wp-json\/wp\/v2\/types\/product"}],"wp:featuredmedia":[{"embeddable":true,"href":"https:\/\/martehelgetun.no\/en\/wp-json\/wp\/v2\/media\/72410"}],"wp:attachment":[{"href":"https:\/\/martehelgetun.no\/en\/wp-json\/wp\/v2\/media?parent=72409"}],"wp:term":[{"taxonomy":"product_brand","embeddable":true,"href":"https:\/\/martehelgetun.no\/en\/wp-json\/wp\/v2\/product_brand?post=72409"},{"taxonomy":"product_cat","embeddable":true,"href":"https:\/\/martehelgetun.no\/en\/wp-json\/wp\/v2\/product_cat?post=72409"},{"taxonomy":"product_tag","embeddable":true,"href":"https:\/\/martehelgetun.no\/en\/wp-json\/wp\/v2\/product_tag?post=72409"}],"curies":[{"name":"wp","href":"https:\/\/api.w.org\/{rel}","templated":true}]}}