{"id":72402,"date":"2024-02-16T16:55:23","date_gmt":"2024-02-16T15:55:23","guid":{"rendered":"http:\/\/martehelgetun.no\/?post_type=product&#038;p=72402"},"modified":"2025-06-10T13:32:44","modified_gmt":"2025-06-10T11:32:44","slug":"sommerstrand-i-line","status":"publish","type":"product","link":"https:\/\/martehelgetun.no\/en\/produkt\/sommerstrand-i-line\/","title":{"rendered":"Sommerstrand i Line"},"content":{"rendered":"<p><strong>ST\u00d8RRELSEROG M\u00c5L<\/strong><br \/>\nSt\u00f8rrelser: S (M) L (XL)<br \/>\nVidde i livet: 90 (94) 98 (106) cm<br \/>\nVidde nede: 106 (110) 114 (122) cm<br \/>\nHel lengde: 84 (86) 88 (91) cm<br \/>\n(kjolen kan sige litt hvis den strikkes l\u00f8st)<\/p>\n<p>&nbsp;<\/p>\n<p><strong>GARN OG GARNFORBRUK<\/strong><br \/>\nLine fra Sandnes Garn<br \/>\n8 (9) 10 (11) n\u00f8ster Lys Lin nr. 2331<\/p>\n<p>&nbsp;<\/p>\n<p><strong>PINNER OG STRIKKEFASTHET<\/strong><br \/>\nRundpinne 80 cm nr. 4 og nr. 4,5<br \/>\n20 masker glattstrikk p\u00e5 pinne nr. 4,5 = 10 cm<br \/>\n22 masker dobbel perlestrikk p\u00e5 pinne nr. 4 = 10 cm<\/p>\n","protected":false},"excerpt":{"rendered":"<p>Saltvann og sommerstrand. Selvskrevet liten kjole til bedagelig strandliv. Kjolen strikkes nedenfra og opp.\u00a0Oppskriften er ogs\u00e5 i boken &#8220;Strikketid. Tidl\u00f8se hverdagsplagg&#8221;.<\/p>\n<p>&nbsp;<\/p>\n<p>&nbsp;<\/p>\n<p><strong>Norsk og Engelsk oppskrift.<\/strong> Du f\u00e5r tilgang til alle spr\u00e5k som pdf fil ved kj\u00f8p.<\/p>\n","protected":false},"featured_media":72403,"template":"","meta":{"_acf_changed":false,"_relevanssi_hide_post":"","_relevanssi_hide_content":"","_relevanssi_pin_for_all":"","_relevanssi_pin_keywords":"","_relevanssi_unpin_keywords":"","_relevanssi_related_keywords":"","_relevanssi_related_include_ids":"","_relevanssi_related_exclude_ids":"","_relevanssi_related_no_append":"","_relevanssi_related_not_related":"","_relevanssi_related_posts":"","_relevanssi_noindex_reason":""},"product_cat":[60,734,201],"product_tag":[128,206,584,487,585,43,616,134,615,136],"acf":[],"_links":{"self":[{"href":"https:\/\/martehelgetun.no\/en\/wp-json\/wp\/v2\/product\/72402"}],"collection":[{"href":"https:\/\/martehelgetun.no\/en\/wp-json\/wp\/v2\/product"}],"about":[{"href":"https:\/\/martehelgetun.no\/en\/wp-json\/wp\/v2\/types\/product"}],"wp:featuredmedia":[{"embeddable":true,"href":"https:\/\/martehelgetun.no\/en\/wp-json\/wp\/v2\/media\/72403"}],"wp:attachment":[{"href":"https:\/\/martehelgetun.no\/en\/wp-json\/wp\/v2\/media?parent=72402"}],"wp:term":[{"taxonomy":"product_cat","embeddable":true,"href":"https:\/\/martehelgetun.no\/en\/wp-json\/wp\/v2\/product_cat?post=72402"},{"taxonomy":"product_tag","embeddable":true,"href":"https:\/\/martehelgetun.no\/en\/wp-json\/wp\/v2\/product_tag?post=72402"}],"curies":[{"name":"wp","href":"https:\/\/api.w.org\/{rel}","templated":true}]}}