{"id":72392,"date":"2024-02-16T16:49:00","date_gmt":"2024-02-16T15:49:00","guid":{"rendered":"http:\/\/martehelgetun.no\/?post_type=product&#038;p=72392"},"modified":"2026-04-22T15:28:30","modified_gmt":"2026-04-22T13:28:30","slug":"sommernatt-i-line","status":"publish","type":"product","link":"https:\/\/martehelgetun.no\/en\/produkt\/sommernatt-i-line\/","title":{"rendered":"Sommernatt i Line"},"content":{"rendered":"<p><strong>ST\u00d8RRELSER OG M\u00c5L<\/strong><br \/>\nSt\u00f8rrelser: S (M) L (XL)<br \/>\nVidde i livet: 90 (94) 98 (106) cm<br \/>\nVidde nede: 106 (110) 114 (122) cm<br \/>\nHel lengde: 89 (91) 93 (96) cm<br \/>\n(kjolen kan sige litt hvis den strikkes l\u00f8st)<\/p>\n<p>&nbsp;<\/p>\n<p><strong>GARN OG GARNFORBRUK<\/strong><br \/>\nLine fra Sandnes Garn<br \/>\n9 (10) 11 (12) n\u00f8ster Skifer nr. 6080<\/p>\n<p>&nbsp;<\/p>\n<p><strong>PINNER OG STRIKKEFASTHET<\/strong><br \/>\nRundpinne 80 cm nr. 4 og nr. 4, 5 mm<br \/>\n20 masker glattstrikk p\u00e5 pinne nr. 4,5 mm = 10 cm<br \/>\n22 masker dobbel perlestrikk p\u00e5 pinne nr. 4 mm = 10 cm<\/p>\n","protected":false},"excerpt":{"rendered":"<p>Lyse sommernetter p\u00e5 kalkstranda. Det er ingenting som sl\u00e5r det naturlige og klassiske. En lekker kortermet sommerkjole med fint fall. Perfekt til nordiske sommerkvelder. Kjolen strikkes nedenfra og opp. Ermene strikkes i ett med overdelen.<\/p>\n<p>&nbsp;<\/p>\n<p>&nbsp;<\/p>\n<p><strong>Norsk og Engelsk oppskrift.<\/strong> Du f\u00e5r tilgang til alle spr\u00e5k som pdf fil ved kj\u00f8p.<\/p>\n<hr \/>\n<p data-start=\"0\" data-end=\"283\">Bright summer nights on the limestone beach. Nothing beats the natural and classic look. A beautiful short-sleeved summer dress with a lovely drape \u2013 perfect for Nordic summer evenings. The dress is worked from the bottom up, and the sleeves are knitted in one with the upper body.<\/p>\n<p data-start=\"285\" data-end=\"393\" data-is-last-node=\"\" data-is-only-node=\"\"><strong>Norwegian and English pattern included.<\/strong> You will receive access to all languages as PDF files upon purchase.<\/p>\n","protected":false},"featured_media":72394,"template":"","meta":{"_acf_changed":false,"_relevanssi_hide_post":"","_relevanssi_hide_content":"","_relevanssi_pin_for_all":"","_relevanssi_pin_keywords":"","_relevanssi_unpin_keywords":"","_relevanssi_related_keywords":"","_relevanssi_related_include_ids":"","_relevanssi_related_exclude_ids":"","_relevanssi_related_no_append":"","_relevanssi_related_not_related":"","_relevanssi_related_posts":"","_relevanssi_noindex_reason":""},"product_cat":[60,734,201],"product_tag":[128,206,487,585,43,134,439,614,613,136],"class_list":{"0":"post-72392","1":"product","2":"type-product","3":"status-publish","4":"has-post-thumbnail","6":"product_cat-strikkeoppskrifter","7":"product_cat-sommerstrikk","8":"product_cat-kjoler-og-skjort","9":"product_tag-design-by-marte-helgetun","10":"product_tag-kjole","11":"product_tag-kjole-i-line","12":"product_tag-kjole-i-line-dame","13":"product_tag-line","14":"product_tag-marte-helgetun","15":"product_tag-sommerkjole","16":"product_tag-sommerkjole-dame","17":"product_tag-sommernatt-i-line","18":"product_tag-strikkeoppskrift","20":"first","21":"instock","22":"downloadable","23":"taxable","24":"shipping-taxable","25":"purchasable","26":"product-type-mht_bundle"},"acf":[],"_links":{"self":[{"href":"https:\/\/martehelgetun.no\/en\/wp-json\/wp\/v2\/product\/72392","targetHints":{"allow":["GET"]}}],"collection":[{"href":"https:\/\/martehelgetun.no\/en\/wp-json\/wp\/v2\/product"}],"about":[{"href":"https:\/\/martehelgetun.no\/en\/wp-json\/wp\/v2\/types\/product"}],"wp:featuredmedia":[{"embeddable":true,"href":"https:\/\/martehelgetun.no\/en\/wp-json\/wp\/v2\/media\/72394"}],"wp:attachment":[{"href":"https:\/\/martehelgetun.no\/en\/wp-json\/wp\/v2\/media?parent=72392"}],"wp:term":[{"taxonomy":"product_cat","embeddable":true,"href":"https:\/\/martehelgetun.no\/en\/wp-json\/wp\/v2\/product_cat?post=72392"},{"taxonomy":"product_tag","embeddable":true,"href":"https:\/\/martehelgetun.no\/en\/wp-json\/wp\/v2\/product_tag?post=72392"}],"curies":[{"name":"wp","href":"https:\/\/api.w.org\/{rel}","templated":true}]}}