{"id":72383,"date":"2024-02-16T16:36:25","date_gmt":"2024-02-16T15:36:25","guid":{"rendered":"http:\/\/martehelgetun.no\/?post_type=product&#038;p=72383"},"modified":"2025-06-10T13:32:34","modified_gmt":"2025-06-10T11:32:34","slug":"knappeskjort-i-line","status":"publish","type":"product","link":"https:\/\/martehelgetun.no\/en\/produkt\/knappeskjort-i-line\/","title":{"rendered":"Knappeskj\u00f8rt i Line"},"content":{"rendered":"<p><strong>ST\u00d8RRELSER OG M\u00c5L<\/strong><br \/>\nSt\u00f8rrelser: S (M) L (XL)<br \/>\nLivvidde: 86 (88) 90 (94) cm.<br \/>\nM\u00e5let er tatt litt lavt, nesten p\u00e5 hoften. Skj\u00f8rtevidden tilpasses med knapper.<br \/>\nVidde nederst: 104 (112) 116 (128) cm<br \/>\nLengde: 44 (46) 48 (52) cm<\/p>\n<p>&nbsp;<\/p>\n<p><strong>GARN OG GARNFORBRUK<\/strong><br \/>\nLine fra Sandnes Garn<br \/>\n5 (6) 7 (8) n\u00f8ster Skifer nr. 6080<\/p>\n<p>&nbsp;<\/p>\n<p><strong>TILBEH\u00d8R<\/strong><br \/>\n10 sm\u00e5 metallknapper med stjerne, 15 mm i diameter<\/p>\n<p>&nbsp;<\/p>\n<p><strong>PINNER OG STRIKKEFASTHET<\/strong><br \/>\nRundpinne 80 cm nr. 3 og 4 mm<br \/>\n20 masker strukturstrikk p\u00e5 pinne nr. 4 mm = 10 cm<\/p>\n","protected":false},"excerpt":{"rendered":"<p>Sporty Chic med Knappeskj\u00f8rt. Et forfriskende og lekent innslag i garderoben. For \u00e5 v\u00e6re sikker p\u00e5 at skj\u00f8rtet skal sitte godt i livet, strikkes det ovenfra og ned. P\u00e5 denne m\u00e5ten f\u00e5r du tilpasset lengden og pr\u00f8vd skj\u00f8rtet f\u00f8r du feller av.\u00a0Oppskriften er ogs\u00e5 i boken &#8220;Strikketid. Tidl\u00f8se hverdagsplagg&#8221;.<\/p>\n<p>&nbsp;<\/p>\n<p>&nbsp;<\/p>\n<p><strong>Norsk og Engelsk oppskrift.<\/strong> Du f\u00e5r tilgang til alle spr\u00e5k som pdf fil ved kj\u00f8p.<\/p>\n","protected":false},"featured_media":72386,"template":"","meta":{"_acf_changed":false,"_relevanssi_hide_post":"","_relevanssi_hide_content":"","_relevanssi_pin_for_all":"","_relevanssi_pin_keywords":"","_relevanssi_unpin_keywords":"","_relevanssi_related_keywords":"","_relevanssi_related_include_ids":"","_relevanssi_related_exclude_ids":"","_relevanssi_related_no_append":"","_relevanssi_related_not_related":"","_relevanssi_related_posts":"","_relevanssi_noindex_reason":""},"product_cat":[60,734,201],"product_tag":[128,610,611,43,134,572,514,612,136],"class_list":{"0":"post-72383","1":"product","2":"type-product","3":"status-publish","4":"has-post-thumbnail","6":"product_cat-strikkeoppskrifter","7":"product_cat-sommerstrikk","8":"product_cat-kjoler-og-skjort","9":"product_tag-design-by-marte-helgetun","10":"product_tag-knappeskjort","11":"product_tag-knappeskjort-dame","12":"product_tag-line","13":"product_tag-marte-helgetun","14":"product_tag-skjort-dame","15":"product_tag-skjort-i-line","16":"product_tag-skjort-med-knapper","17":"product_tag-strikkeoppskrift","19":"first","20":"instock","21":"downloadable","22":"taxable","23":"shipping-taxable","24":"purchasable","25":"product-type-mht_bundle"},"acf":[],"_links":{"self":[{"href":"https:\/\/martehelgetun.no\/en\/wp-json\/wp\/v2\/product\/72383","targetHints":{"allow":["GET"]}}],"collection":[{"href":"https:\/\/martehelgetun.no\/en\/wp-json\/wp\/v2\/product"}],"about":[{"href":"https:\/\/martehelgetun.no\/en\/wp-json\/wp\/v2\/types\/product"}],"wp:featuredmedia":[{"embeddable":true,"href":"https:\/\/martehelgetun.no\/en\/wp-json\/wp\/v2\/media\/72386"}],"wp:attachment":[{"href":"https:\/\/martehelgetun.no\/en\/wp-json\/wp\/v2\/media?parent=72383"}],"wp:term":[{"taxonomy":"product_cat","embeddable":true,"href":"https:\/\/martehelgetun.no\/en\/wp-json\/wp\/v2\/product_cat?post=72383"},{"taxonomy":"product_tag","embeddable":true,"href":"https:\/\/martehelgetun.no\/en\/wp-json\/wp\/v2\/product_tag?post=72383"}],"curies":[{"name":"wp","href":"https:\/\/api.w.org\/{rel}","templated":true}]}}