{"id":72376,"date":"2024-02-16T16:29:39","date_gmt":"2024-02-16T15:29:39","guid":{"rendered":"http:\/\/martehelgetun.no\/?post_type=product&#038;p=72376"},"modified":"2026-04-09T10:55:47","modified_gmt":"2026-04-09T08:55:47","slug":"vingeslag","status":"publish","type":"product","link":"https:\/\/martehelgetun.no\/en\/produkt\/vingeslag\/","title":{"rendered":"Vingeslag"},"content":{"rendered":"<p><strong>ST\u00d8RRELSER OG M\u00c5L<br \/>\n<\/strong>St\u00f8rrelser: S (M) L (XL) XXL<br \/>\nOvervidde: 91 (100) 109 (118) 127 cm<br \/>\nLengde under ermet: 24 (26) 28 (30) 32 cm<\/p>\n<p>&nbsp;<\/p>\n<p><strong>GARN OG GARNFORBRUK<br \/>\n<\/strong>Line fra Sandnes Garn<br \/>\n5 (6) 7 (8) 9 n\u00f8ster Pudderrosa nr. 3511<\/p>\n<p>&nbsp;<\/p>\n<p><strong>PINNER OG STRIKKEFASTHET<\/strong><br \/>\n80 og 40 cm rundpinne nr. 4 og 3,5<br \/>\n22 masker glattstrikk p\u00e5 pinne nr. 4 = 10 cm i bredden<\/p>\n","protected":false},"excerpt":{"rendered":"<p>Dette er en t-skjorte med en litt annerledes skulderkonstruksjon. Den har samme v-hals foran og bak og faller veldig fint over skuldrene. Du starter i halsen med \u00e5 legge opp til ermene, og s\u00e5 \u00f8ker du ut til bolen etter hvert som du strikker.<\/p>\n<p>&nbsp;<\/p>\n<p>&nbsp;<\/p>\n<p><strong>Norsk og Engelsk oppskrift.<\/strong> Du f\u00e5r tilgang til alle spr\u00e5k som pdf fil ved kj\u00f8p.<\/p>\n","protected":false},"featured_media":74466,"template":"","meta":{"_acf_changed":false,"_relevanssi_hide_post":"","_relevanssi_hide_content":"","_relevanssi_pin_for_all":"","_relevanssi_pin_keywords":"","_relevanssi_unpin_keywords":"","_relevanssi_related_keywords":"","_relevanssi_related_include_ids":"","_relevanssi_related_exclude_ids":"","_relevanssi_related_no_append":"","_relevanssi_related_not_related":"","_relevanssi_related_posts":"","_relevanssi_noindex_reason":""},"product_cat":[60,734,279],"product_tag":[128,43,609,134,136,294,555,306,551,293,605,608],"class_list":{"0":"post-72376","1":"product","2":"type-product","3":"status-publish","4":"has-post-thumbnail","6":"product_cat-strikkeoppskrifter","7":"product_cat-sommerstrikk","8":"product_cat-topp","9":"product_tag-design-by-marte-helgetun","10":"product_tag-line","11":"product_tag-lintopp","12":"product_tag-marte-helgetun","13":"product_tag-strikkeoppskrift","14":"product_tag-tee","15":"product_tag-tee-i-line","16":"product_tag-topp","17":"product_tag-topp-dame","18":"product_tag-topp-i-line","19":"product_tag-topp-i-line-dame","20":"product_tag-vingeslag","22":"first","23":"instock","24":"downloadable","25":"taxable","26":"shipping-taxable","27":"purchasable","28":"product-type-mht_bundle"},"acf":[],"_links":{"self":[{"href":"https:\/\/martehelgetun.no\/en\/wp-json\/wp\/v2\/product\/72376","targetHints":{"allow":["GET"]}}],"collection":[{"href":"https:\/\/martehelgetun.no\/en\/wp-json\/wp\/v2\/product"}],"about":[{"href":"https:\/\/martehelgetun.no\/en\/wp-json\/wp\/v2\/types\/product"}],"wp:featuredmedia":[{"embeddable":true,"href":"https:\/\/martehelgetun.no\/en\/wp-json\/wp\/v2\/media\/74466"}],"wp:attachment":[{"href":"https:\/\/martehelgetun.no\/en\/wp-json\/wp\/v2\/media?parent=72376"}],"wp:term":[{"taxonomy":"product_cat","embeddable":true,"href":"https:\/\/martehelgetun.no\/en\/wp-json\/wp\/v2\/product_cat?post=72376"},{"taxonomy":"product_tag","embeddable":true,"href":"https:\/\/martehelgetun.no\/en\/wp-json\/wp\/v2\/product_tag?post=72376"}],"curies":[{"name":"wp","href":"https:\/\/api.w.org\/{rel}","templated":true}]}}