{"id":72371,"date":"2024-02-16T16:22:57","date_gmt":"2024-02-16T15:22:57","guid":{"rendered":"http:\/\/martehelgetun.no\/?post_type=product&#038;p=72371"},"modified":"2026-04-22T14:15:08","modified_gmt":"2026-04-22T12:15:08","slug":"harringbone-skjort","status":"publish","type":"product","link":"https:\/\/martehelgetun.no\/en\/produkt\/harringbone-skjort\/","title":{"rendered":"Harringbone Skj\u00f8rt"},"content":{"rendered":"<p><strong>ST\u00d8RRELSER OG M\u00c5L<\/strong><br \/>\nSt\u00f8rrelser: S (M) L (XL)<br \/>\nLengde: 37 (40) 43 (46) cm<br \/>\npasser til hoftevidde 90 (95) 100 (110) cm<\/p>\n<p>&nbsp;<\/p>\n<p><strong>GARN OG GARNFORBRUK<\/strong><br \/>\nLine fra Sandnes Garn<br \/>\n5 (6) 7 (8) n\u00f8ster skifer nr. 6080<\/p>\n<p>&nbsp;<\/p>\n<p><strong>TILBEH\u00d8R<\/strong><br \/>\nHullstrikk i livet<\/p>\n<p>&nbsp;<\/p>\n<p><strong>PINNER OG STRIKKEFASTHET<\/strong><br \/>\n80 cm rundpinne nr. 5 mm og 3,5 mm til linning<br \/>\n30 masker strukturstrikk p\u00e5 pinne nr. 5 mm = 10 cm<\/p>\n","protected":false},"excerpt":{"rendered":"<p>Noen plagg vil bare komme inn i garderoben som en klassiker. Harringbonestrukturen ser ut som et vevd stoff og gir et st\u00f8dig og klassisk uttrykk. Dette er et prosjekt som krever at du f\u00f8lger med. \u00a0Strukturen er ikke vanskelig, men den er litt tidkrevende.<\/p>\n<p>&nbsp;<\/p>\n<p>&nbsp;<\/p>\n<p><strong>Norsk og Engelsk oppskrift.<\/strong> Du f\u00e5r tilgang til alle spr\u00e5k som pdf fil ved kj\u00f8p.<\/p>\n<hr \/>\n<p data-start=\"0\" data-end=\"254\">Some pieces naturally become wardrobe classics. The herringbone texture resembles a woven fabric and gives a structured, timeless look. This is a project that requires a bit of attention \u2013 the pattern isn\u2019t difficult, but it is somewhat time-consuming.<\/p>\n<p data-start=\"256\" data-end=\"364\" data-is-last-node=\"\" data-is-only-node=\"\"><strong>Norwegian and English pattern included.<\/strong> You will receive access to all languages as PDF files upon purchase.<\/p>\n","protected":false},"featured_media":72372,"template":"","meta":{"_acf_changed":false,"_relevanssi_hide_post":"","_relevanssi_hide_content":"","_relevanssi_pin_for_all":"","_relevanssi_pin_keywords":"","_relevanssi_unpin_keywords":"","_relevanssi_related_keywords":"","_relevanssi_related_include_ids":"","_relevanssi_related_exclude_ids":"","_relevanssi_related_no_append":"","_relevanssi_related_not_related":"","_relevanssi_related_posts":"","_relevanssi_noindex_reason":""},"product_cat":[60,734,201],"product_tag":[128,607,43,134,498,572,514,587,136],"class_list":{"0":"post-72371","1":"product","2":"type-product","3":"status-publish","4":"has-post-thumbnail","6":"product_cat-strikkeoppskrifter","7":"product_cat-sommerstrikk","8":"product_cat-kjoler-og-skjort","9":"product_tag-design-by-marte-helgetun","10":"product_tag-harringbone-skjort","11":"product_tag-line","12":"product_tag-marte-helgetun","13":"product_tag-skjort","14":"product_tag-skjort-dame","15":"product_tag-skjort-i-line","16":"product_tag-skjort-i-line-dame","17":"product_tag-strikkeoppskrift","19":"first","20":"instock","21":"downloadable","22":"taxable","23":"shipping-taxable","24":"purchasable","25":"product-type-mht_bundle"},"acf":[],"_links":{"self":[{"href":"https:\/\/martehelgetun.no\/en\/wp-json\/wp\/v2\/product\/72371","targetHints":{"allow":["GET"]}}],"collection":[{"href":"https:\/\/martehelgetun.no\/en\/wp-json\/wp\/v2\/product"}],"about":[{"href":"https:\/\/martehelgetun.no\/en\/wp-json\/wp\/v2\/types\/product"}],"wp:featuredmedia":[{"embeddable":true,"href":"https:\/\/martehelgetun.no\/en\/wp-json\/wp\/v2\/media\/72372"}],"wp:attachment":[{"href":"https:\/\/martehelgetun.no\/en\/wp-json\/wp\/v2\/media?parent=72371"}],"wp:term":[{"taxonomy":"product_cat","embeddable":true,"href":"https:\/\/martehelgetun.no\/en\/wp-json\/wp\/v2\/product_cat?post=72371"},{"taxonomy":"product_tag","embeddable":true,"href":"https:\/\/martehelgetun.no\/en\/wp-json\/wp\/v2\/product_tag?post=72371"}],"curies":[{"name":"wp","href":"https:\/\/api.w.org\/{rel}","templated":true}]}}