{"id":72348,"date":"2024-02-16T16:14:21","date_gmt":"2024-02-16T15:14:21","guid":{"rendered":"http:\/\/martehelgetun.no\/?post_type=product&#038;p=72348"},"modified":"2025-06-10T13:47:45","modified_gmt":"2025-06-10T11:47:45","slug":"ferie-tee","status":"publish","type":"product","link":"https:\/\/martehelgetun.no\/en\/produkt\/ferie-tee\/","title":{"rendered":"Ferie Tee"},"content":{"rendered":"<div><strong>ST\u00d8RRELSER OG M\u00c5L<br \/>\n<\/strong>St\u00f8rrelser: S (M) L (XL)<br \/>\nOvervidde: 93 (104) 113 (122) cm<br \/>\nHel lengde: 51 (53) 56 (59) cm<\/div>\n<div>\n<p>&nbsp;<\/p>\n<p><strong>GARN OG GARNFORBRUK<\/strong><br \/>\nLine fra Sandnes Garn<br \/>\n5 (6) 7 (8) n\u00f8ster Pudderrosa nr. 3511<strong><br \/>\n<\/strong><\/p>\n<\/div>\n<div><\/div>\n<div><strong><br \/>\nPINNER OG STRIKKEFASTHET<br \/>\n<\/strong>Rundpinne 80 cm nr. 3 og 4<br \/>\nRundpinne 40 cm lang nr. 3<br \/>\n22 masker glattstrikk p\u00e5 pinne nr. 4 = 10 cm<\/div>\n","protected":false},"excerpt":{"rendered":"<p>Husker dere feriekjolen fra heftet &#8220;Sommerfavoritter 1&#8221;? \u00a0Den m\u00e5tte jo bare komme i t-skjortevariant ogs\u00e5.\u00a0Denne har jeg allerede flyttet inn i.\u00a0Denne T-skjorten strikkes nedenfra og opp og syes sammen p\u00e5 skuldrene.<\/p>\n<p>&nbsp;<\/p>\n<p><strong>Norsk og Engelsk oppskrift.<\/strong> Du f\u00e5r tilgang til alle spr\u00e5k som pdf fil ved kj\u00f8p.<\/p>\n","protected":false},"featured_media":72367,"template":"","meta":{"_acf_changed":false,"_relevanssi_hide_post":"","_relevanssi_hide_content":"","_relevanssi_pin_for_all":"","_relevanssi_pin_keywords":"","_relevanssi_unpin_keywords":"","_relevanssi_related_keywords":"","_relevanssi_related_include_ids":"","_relevanssi_related_exclude_ids":"","_relevanssi_related_no_append":"","_relevanssi_related_not_related":"","_relevanssi_related_posts":"","_relevanssi_noindex_reason":""},"product_cat":[60,734,279],"product_tag":[128,606,43,134,136,474,557,555],"acf":[],"_links":{"self":[{"href":"https:\/\/martehelgetun.no\/en\/wp-json\/wp\/v2\/product\/72348"}],"collection":[{"href":"https:\/\/martehelgetun.no\/en\/wp-json\/wp\/v2\/product"}],"about":[{"href":"https:\/\/martehelgetun.no\/en\/wp-json\/wp\/v2\/types\/product"}],"wp:featuredmedia":[{"embeddable":true,"href":"https:\/\/martehelgetun.no\/en\/wp-json\/wp\/v2\/media\/72367"}],"wp:attachment":[{"href":"https:\/\/martehelgetun.no\/en\/wp-json\/wp\/v2\/media?parent=72348"}],"wp:term":[{"taxonomy":"product_cat","embeddable":true,"href":"https:\/\/martehelgetun.no\/en\/wp-json\/wp\/v2\/product_cat?post=72348"},{"taxonomy":"product_tag","embeddable":true,"href":"https:\/\/martehelgetun.no\/en\/wp-json\/wp\/v2\/product_tag?post=72348"}],"curies":[{"name":"wp","href":"https:\/\/api.w.org\/{rel}","templated":true}]}}