{"id":72339,"date":"2024-02-16T15:45:17","date_gmt":"2024-02-16T14:45:17","guid":{"rendered":"http:\/\/martehelgetun.no\/?post_type=product&#038;p=72339"},"modified":"2025-06-10T13:47:40","modified_gmt":"2025-06-10T11:47:40","slug":"midtsommer-topp","status":"publish","type":"product","link":"https:\/\/martehelgetun.no\/en\/produkt\/midtsommer-topp\/","title":{"rendered":"Midtsommer Topp"},"content":{"rendered":"<div id=\"OuterWrapper\" class=\"product-outer-wrapper\">\n<div class=\"product\">\n<div class=\"productTxtOuter\">\n<div class=\"EditorContentContainer \">\n<p><strong>ST\u00d8RRELSER OG M\u00c5L<\/strong><b><br \/>\n<\/b>St\u00f8rrelser: S (M) L (XL)<br \/>\nOvervidde: 105 (110) 115 (120) cm<br \/>\nHel lengde: 49 (51) 53 (57) cm, m\u00e5lt midt bak<\/p>\n<p>&nbsp;<\/p>\n<p><strong>GARN OG GARNFORBRUK<\/strong><br \/>\nLine fra Sandnes Garn og Lett by Marte Helgetun<br \/>\n5 (6) 6 (7) n\u00f8ster Line, Skifer nr. 6080<br \/>\n3 (3) 3 (4) n\u00f8ster Lett, Skifer nr. 06<br \/>\n3 (3) 3 (4) n\u00f8ster Lett, Skifer nr. 06<\/p>\n<p>Toppen strikkes med 1 tr\u00e5d Line og 2 tr\u00e5der Lett sammen.<\/p>\n<p>&nbsp;<\/p>\n<\/div>\n<div class=\"EditorContentContainer \">\n<p><strong>PINNE OG STRIKKEFASTHET<\/strong><br \/>\n2 pinner p\u00e5 80 cm nr 6 og 5 og en 40 cm nr. 5 til rillene.<br \/>\n16 masker strukturstrikk med tre tr\u00e5der p\u00e5 pinne nr. 6 blir ca 10 cm<\/p>\n<\/div>\n<section class=\"download-pattern-wrapper\"><\/section>\n<\/div>\n<\/div>\n<\/div>\n<section class=\"relatedProducts\">\n<div class=\"inner\"><\/div>\n<\/section>\n","protected":false},"excerpt":{"rendered":"<p>Det er godt med en topp som gir litt ekstra varme n\u00e5 i starten p\u00e5 sommeren, eller hele sommeren hvis jeg tenker meg litt om&#8230;\u00a0Du starter \u00f8verst i nakken og strikker et stykke nedover bakstykket f\u00f8r du strikker forstykkene og videre toppen ovenfra og ned.<\/p>\n<div class=\"moz-signature\">\n<p>&nbsp;<\/p>\n<p>&nbsp;<\/p>\n<p><strong>Norsk og Engelsk oppskrift.<\/strong> Du f\u00e5r tilgang til alle spr\u00e5k som pdf fil ved kj\u00f8p.<\/p>\n<\/div>\n","protected":false},"featured_media":72340,"template":"","meta":{"_acf_changed":false,"_relevanssi_hide_post":"","_relevanssi_hide_content":"","_relevanssi_pin_for_all":"","_relevanssi_pin_keywords":"","_relevanssi_unpin_keywords":"","_relevanssi_related_keywords":"","_relevanssi_related_include_ids":"","_relevanssi_related_exclude_ids":"","_relevanssi_related_no_append":"","_relevanssi_related_not_related":"","_relevanssi_related_posts":"","_relevanssi_noindex_reason":""},"product_cat":[60,734,279],"product_tag":[128,43,134,604,603,136,306,551,293,605],"class_list":{"0":"post-72339","1":"product","2":"type-product","3":"status-publish","4":"has-post-thumbnail","6":"product_cat-strikkeoppskrifter","7":"product_cat-sommerstrikk","8":"product_cat-topp","9":"product_tag-design-by-marte-helgetun","10":"product_tag-line","11":"product_tag-marte-helgetun","12":"product_tag-midtsommer-topp","13":"product_tag-midtsommertopp","14":"product_tag-strikkeoppskrift","15":"product_tag-topp","16":"product_tag-topp-dame","17":"product_tag-topp-i-line","18":"product_tag-topp-i-line-dame","20":"first","21":"instock","22":"downloadable","23":"taxable","24":"shipping-taxable","25":"purchasable","26":"product-type-mht_bundle"},"acf":[],"_links":{"self":[{"href":"https:\/\/martehelgetun.no\/en\/wp-json\/wp\/v2\/product\/72339","targetHints":{"allow":["GET"]}}],"collection":[{"href":"https:\/\/martehelgetun.no\/en\/wp-json\/wp\/v2\/product"}],"about":[{"href":"https:\/\/martehelgetun.no\/en\/wp-json\/wp\/v2\/types\/product"}],"wp:featuredmedia":[{"embeddable":true,"href":"https:\/\/martehelgetun.no\/en\/wp-json\/wp\/v2\/media\/72340"}],"wp:attachment":[{"href":"https:\/\/martehelgetun.no\/en\/wp-json\/wp\/v2\/media?parent=72339"}],"wp:term":[{"taxonomy":"product_cat","embeddable":true,"href":"https:\/\/martehelgetun.no\/en\/wp-json\/wp\/v2\/product_cat?post=72339"},{"taxonomy":"product_tag","embeddable":true,"href":"https:\/\/martehelgetun.no\/en\/wp-json\/wp\/v2\/product_tag?post=72339"}],"curies":[{"name":"wp","href":"https:\/\/api.w.org\/{rel}","templated":true}]}}