{"id":72328,"date":"2024-02-16T15:22:46","date_gmt":"2024-02-16T14:22:46","guid":{"rendered":"http:\/\/martehelgetun.no\/?post_type=product&#038;p=72328"},"modified":"2025-06-10T13:30:05","modified_gmt":"2025-06-10T11:30:05","slug":"midtsommerjakke","status":"publish","type":"product","link":"https:\/\/martehelgetun.no\/en\/produkt\/midtsommerjakke\/","title":{"rendered":"Midtsommerjakke"},"content":{"rendered":"<p><strong>ST\u00d8RRELSER OG M\u00c5L<\/strong><br \/>\nSt\u00f8rrelser: S (M) L (XL)<br \/>\nHel lengde: 41 (43) 45 (47) cm, m\u00e5lt midt bak<br \/>\nOvervidde: 100 (105) 110 (115) cm<br \/>\nErmlengde: 45 (46) 47 (48) cm<\/p>\n<p>&nbsp;<\/p>\n<p><strong>GARN OG GARNFORBRUK<\/strong><br \/>\nLine fra Sandnes Garn og Lett by Marte Helgetun<br \/>\n6 (7) 8 (9) n\u00f8ster Line, Kitt nr. 1015<br \/>\n3 (4) 4 (5) n\u00f8ster Lett, Kitt nr. 01<br \/>\n3 (4) 4 (5) n\u00f8ster Lett, Kitt nr. 01<\/p>\n<p>Jakken strikkers med 1 tr\u00e5d Line og 2 tr\u00e5der Lett sammen.<\/p>\n<p>&nbsp;<\/p>\n<p><strong>PINNE OG STRIKKEFASTHET<\/strong><br \/>\n2 pinner p\u00e5 80 cm og en 40 cm rundpinne nr. 6 og nr. 5 p\u00e5 rillene<br \/>\n16 masker strukturstrikk med tre tr\u00e5der p\u00e5 pinne 6 blir ca 10 cm<\/p>\n","protected":false},"excerpt":{"rendered":"<p>Det er alltid greit med en kort, enkel jakke til sommerkjolen.\u00a0Midtsommerjakken er strikket med en tr\u00e5d Line og to tr\u00e5der Lett sammen. Disse tre tr\u00e5dene gir til sammen et nydelig fargespill.\u00a0Jakken strikkes fra toppen og ned, slik at du enkelt kan tilpasse lengden p\u00e5 jakken og ermene.\u00a0Denne oppskriften finner du ogs\u00e5 i heftet Sommerfavoritter 2.<\/p>\n<p>&nbsp;<\/p>\n<p>&nbsp;<\/p>\n<p><strong>Norsk og Engelsk oppskrift.<\/strong> Du f\u00e5r tilgang til alle spr\u00e5k som pdf fil ved kj\u00f8p.<\/p>\n","protected":false},"featured_media":72329,"template":"","meta":{"_acf_changed":false,"_relevanssi_hide_post":"","_relevanssi_hide_content":"","_relevanssi_pin_for_all":"","_relevanssi_pin_keywords":"","_relevanssi_unpin_keywords":"","_relevanssi_related_keywords":"","_relevanssi_related_include_ids":"","_relevanssi_related_exclude_ids":"","_relevanssi_related_no_append":"","_relevanssi_related_not_related":"","_relevanssi_related_posts":"","_relevanssi_noindex_reason":""},"product_cat":[60,208],"product_tag":[128,211,600,601,602,43,134,599,136],"class_list":{"0":"post-72328","1":"product","2":"type-product","3":"status-publish","4":"has-post-thumbnail","6":"product_cat-strikkeoppskrifter","7":"product_cat-jakke","8":"product_tag-design-by-marte-helgetun","9":"product_tag-jakke","10":"product_tag-jakke-dame","11":"product_tag-jakke-i-line","12":"product_tag-jakke-i-line-dame","13":"product_tag-line","14":"product_tag-marte-helgetun","15":"product_tag-midtsommerjakke","16":"product_tag-strikkeoppskrift","18":"first","19":"instock","20":"downloadable","21":"taxable","22":"shipping-taxable","23":"purchasable","24":"product-type-mht_bundle"},"acf":[],"_links":{"self":[{"href":"https:\/\/martehelgetun.no\/en\/wp-json\/wp\/v2\/product\/72328","targetHints":{"allow":["GET"]}}],"collection":[{"href":"https:\/\/martehelgetun.no\/en\/wp-json\/wp\/v2\/product"}],"about":[{"href":"https:\/\/martehelgetun.no\/en\/wp-json\/wp\/v2\/types\/product"}],"wp:featuredmedia":[{"embeddable":true,"href":"https:\/\/martehelgetun.no\/en\/wp-json\/wp\/v2\/media\/72329"}],"wp:attachment":[{"href":"https:\/\/martehelgetun.no\/en\/wp-json\/wp\/v2\/media?parent=72328"}],"wp:term":[{"taxonomy":"product_cat","embeddable":true,"href":"https:\/\/martehelgetun.no\/en\/wp-json\/wp\/v2\/product_cat?post=72328"},{"taxonomy":"product_tag","embeddable":true,"href":"https:\/\/martehelgetun.no\/en\/wp-json\/wp\/v2\/product_tag?post=72328"}],"curies":[{"name":"wp","href":"https:\/\/api.w.org\/{rel}","templated":true}]}}