{"id":72317,"date":"2024-02-16T15:09:51","date_gmt":"2024-02-16T14:09:51","guid":{"rendered":"http:\/\/martehelgetun.no\/?post_type=product&#038;p=72317"},"modified":"2025-06-10T13:47:31","modified_gmt":"2025-06-10T11:47:31","slug":"midtsommerkjole","status":"publish","type":"product","link":"https:\/\/martehelgetun.no\/en\/produkt\/midtsommerkjole\/","title":{"rendered":"Midtsommerkjole"},"content":{"rendered":"<p><strong>ST\u00d8RRELSER OG M\u00c5L<\/strong><br \/>\nSt\u00f8rrelser: S (M) L (XL)<br \/>\nOvervidde: 95 (103) 110 (118) cm<br \/>\nHel lengde: 82 (86) 90 (94) cm<\/p>\n<p>&nbsp;<\/p>\n<p><strong>GARN OG GARNFORBRUK<\/strong><br \/>\nLine fra Sandnes Garn<br \/>\n11 (12) 13 (15) n\u00f8ster Kitt nr. 1015<\/p>\n<p>&nbsp;<\/p>\n<p><strong>TILBEH\u00d8R<\/strong><br \/>\nEn tynn skinnsnor i livet ca 170-190 cm lang<\/p>\n<p>&nbsp;<\/p>\n<p><strong>PINNER OG STRIKKEFASTHET<\/strong><br \/>\n40 cm rundpinne nr. 3<br \/>\n80 cm rundpinne nr. 3 til kantene, 4 til glattstrikk og 3,5 til strukturen.<br \/>\n22 masker glattstrikk p\u00e5 pinne nr. 4 = 10 cm<br \/>\n22 masker strukturstrikk p\u00e5 pinne nr. 3,5 = 10 cm<\/p>\n","protected":false},"excerpt":{"rendered":"<p>Jeg syns denne kjolen fortjente \u00e5 komme i min st\u00f8rrelse. Hvis noen syns de drar kjensel p\u00e5 den s\u00e5 er ikke det s\u00e5 rart. En av mine aller f\u00f8rste strikkedesign til barn het &#8220;Bamsekjolen&#8221; fra boken &#8220;Strikk i all enkelhet&#8221;. N\u00e5 har oppskriften f\u00e5tt en aldri s\u00e5 liten oppgradering, nye st\u00f8rrelser og den m\u00e5tte nesten f\u00e5 et nytt navn. Kjolen strikkes nedenfra og opp og syes sammen p\u00e5 skuldrene.<\/p>\n<p>&nbsp;<\/p>\n<p>&nbsp;<\/p>\n<p><strong>Norsk og Engelsk oppskrift.<\/strong> Du f\u00e5r tilgang til alle spr\u00e5k som pdf fil ved kj\u00f8p.<\/p>\n","protected":false},"featured_media":72324,"template":"","meta":{"_acf_changed":false,"_relevanssi_hide_post":"","_relevanssi_hide_content":"","_relevanssi_pin_for_all":"","_relevanssi_pin_keywords":"","_relevanssi_unpin_keywords":"","_relevanssi_related_keywords":"","_relevanssi_related_include_ids":"","_relevanssi_related_exclude_ids":"","_relevanssi_related_no_append":"","_relevanssi_related_not_related":"","_relevanssi_related_posts":"","_relevanssi_noindex_reason":""},"product_cat":[60,734,201],"product_tag":[128,487,585,43,134,412,598,136],"acf":[],"_links":{"self":[{"href":"https:\/\/martehelgetun.no\/en\/wp-json\/wp\/v2\/product\/72317"}],"collection":[{"href":"https:\/\/martehelgetun.no\/en\/wp-json\/wp\/v2\/product"}],"about":[{"href":"https:\/\/martehelgetun.no\/en\/wp-json\/wp\/v2\/types\/product"}],"wp:featuredmedia":[{"embeddable":true,"href":"https:\/\/martehelgetun.no\/en\/wp-json\/wp\/v2\/media\/72324"}],"wp:attachment":[{"href":"https:\/\/martehelgetun.no\/en\/wp-json\/wp\/v2\/media?parent=72317"}],"wp:term":[{"taxonomy":"product_cat","embeddable":true,"href":"https:\/\/martehelgetun.no\/en\/wp-json\/wp\/v2\/product_cat?post=72317"},{"taxonomy":"product_tag","embeddable":true,"href":"https:\/\/martehelgetun.no\/en\/wp-json\/wp\/v2\/product_tag?post=72317"}],"curies":[{"name":"wp","href":"https:\/\/api.w.org\/{rel}","templated":true}]}}