{"id":72310,"date":"2024-02-16T14:51:58","date_gmt":"2024-02-16T13:51:58","guid":{"rendered":"http:\/\/martehelgetun.no\/?post_type=product&#038;p=72310"},"modified":"2026-04-09T10:51:24","modified_gmt":"2026-04-09T08:51:24","slug":"rustikk-tee","status":"publish","type":"product","link":"https:\/\/martehelgetun.no\/en\/produkt\/rustikk-tee\/","title":{"rendered":"Rustikk Tee"},"content":{"rendered":"<p><strong>ST\u00d8RRELSER OG M\u00c5L<\/strong><br \/>\nSt\u00f8rrelser: S (M) L (XL)<br \/>\nOvervidde: 92 (100) 107 (114) cm<br \/>\nHel lengde: ca 51 (53) 55 (58) cm<\/p>\n<p>&nbsp;<\/p>\n<p><strong>GARN OG GARNFORBRUK<\/strong><br \/>\nLine fra Sandnes Garn<br \/>\n8 (9) 10 (12) n\u00f8ster Terrakotta nr. 4234 ( Utg\u00e5tt farge, men vi kan anbefale 3542 Rosa sand)<br \/>\nDu strikker med 2 tr\u00e5der Line sammen.<\/p>\n<p>&nbsp;<\/p>\n<p><strong>PINNER OG STRIKKEFASTHET<\/strong><br \/>\nRundpinne 60 eller 80 cm lang nr. 6<br \/>\nHeklen\u00e5l nr 5 til halskanten<br \/>\n11 masker strukturstrikk p\u00e5 pinne nr. 6<br \/>\nmed dobbel tr\u00e5d = 10 cm<\/p>\n","protected":false},"excerpt":{"rendered":"<p>En grovstrikka t-skjorte er aldri feil, og den patentlignende\u00a0strukturen gir den et fint fall og f\u00e5r frem fargespillet i garnet.<br \/>\nAt den strikkes p\u00e5 pinne 6 gj\u00f8r jo heller ikke noe.\u00a0B\u00e5de jeg og Linda har p\u00e5 oss samme t-skjorte i st\u00f8rrelse L.\u00a0Linda bruker st\u00f8rrelse L og jeg bruker M til vanlig, s\u00e5 denne t-skjorten kan godt brukes i en st\u00f8rrelse st\u00f8rre hvis du \u00f8nsker en &#8220;off-shoulder&#8221; look.<\/p>\n<p>&nbsp;<\/p>\n<p>&nbsp;<\/p>\n<p><strong>Norsk og Engelsk oppskrift.<\/strong> Du f\u00e5r tilgang til alle spr\u00e5k som pdf fil ved kj\u00f8p.<\/p>\n<p>&nbsp;<\/p>\n<p><i>Husk \u00e5 velge st\u00f8rrelse. Garnkombinasjonen p\u00e5 bildet ligger klar i denne strikkepakken (obs alternativ til utg\u00e5tt farge), men du kan fint endre til annen \u00f8nsket farge ved \u00e5 klikke p\u00e5 bildet av n\u00f8stene i oversikten under.<\/i><\/p>\n","protected":false},"featured_media":72311,"template":"","meta":{"_acf_changed":false,"_relevanssi_hide_post":"","_relevanssi_hide_content":"","_relevanssi_pin_for_all":"","_relevanssi_pin_keywords":"","_relevanssi_unpin_keywords":"","_relevanssi_related_keywords":"","_relevanssi_related_include_ids":"","_relevanssi_related_exclude_ids":"","_relevanssi_related_no_append":"","_relevanssi_related_not_related":"","_relevanssi_related_posts":"","_relevanssi_noindex_reason":""},"product_cat":[60,734,279],"product_tag":[128,43,134,596,595,136,474,557,597],"class_list":{"0":"post-72310","1":"product","2":"type-product","3":"status-publish","4":"has-post-thumbnail","6":"product_cat-strikkeoppskrifter","7":"product_cat-sommerstrikk","8":"product_cat-topp","9":"product_tag-design-by-marte-helgetun","10":"product_tag-line","11":"product_tag-marte-helgetun","12":"product_tag-rustikk-t-skjorte","13":"product_tag-rustikk-tee","14":"product_tag-strikkeoppskrift","15":"product_tag-t-skjorte-i-line","16":"product_tag-tee-dame","17":"product_tag-tee-i-line-dame","19":"first","20":"instock","21":"downloadable","22":"taxable","23":"shipping-taxable","24":"purchasable","25":"product-type-mht_bundle"},"acf":[],"_links":{"self":[{"href":"https:\/\/martehelgetun.no\/en\/wp-json\/wp\/v2\/product\/72310","targetHints":{"allow":["GET"]}}],"collection":[{"href":"https:\/\/martehelgetun.no\/en\/wp-json\/wp\/v2\/product"}],"about":[{"href":"https:\/\/martehelgetun.no\/en\/wp-json\/wp\/v2\/types\/product"}],"wp:featuredmedia":[{"embeddable":true,"href":"https:\/\/martehelgetun.no\/en\/wp-json\/wp\/v2\/media\/72311"}],"wp:attachment":[{"href":"https:\/\/martehelgetun.no\/en\/wp-json\/wp\/v2\/media?parent=72310"}],"wp:term":[{"taxonomy":"product_cat","embeddable":true,"href":"https:\/\/martehelgetun.no\/en\/wp-json\/wp\/v2\/product_cat?post=72310"},{"taxonomy":"product_tag","embeddable":true,"href":"https:\/\/martehelgetun.no\/en\/wp-json\/wp\/v2\/product_tag?post=72310"}],"curies":[{"name":"wp","href":"https:\/\/api.w.org\/{rel}","templated":true}]}}