{"id":72299,"date":"2024-02-16T14:42:31","date_gmt":"2024-02-16T13:42:31","guid":{"rendered":"http:\/\/martehelgetun.no\/?post_type=product&#038;p=72299"},"modified":"2025-06-10T13:47:24","modified_gmt":"2025-06-10T11:47:24","slug":"rustikk-singlet","status":"publish","type":"product","link":"https:\/\/martehelgetun.no\/en\/produkt\/rustikk-singlet\/","title":{"rendered":"Rustikk Singlet"},"content":{"rendered":"<p><strong>ST\u00d8RRELSER OG M\u00c5L<\/strong><br \/>\nSt\u00f8rrelser: S (M) L (XL)<br \/>\nOvervidde: 92 (100) 107 (114) cm<br \/>\nHel lengde: ca 53 (54) 55 (57) cm<\/p>\n<p>&nbsp;<\/p>\n<p><strong>GARN OG GARNFORBRUK<\/strong><br \/>\nLine fra Sandnes Garn<br \/>\n6 (6) 7 (7) n\u00f8ster Kitt nr. 1015<br \/>\nDu strikker med dobbel tr\u00e5d i Line<\/p>\n<p>&nbsp;<\/p>\n<p><strong>PINNE OG STRIKKEFASTHET<\/strong><br \/>\nRundpinne 60 eller 80 cm lang nr. 6<br \/>\nSettpinne nr 5 til skulderstroppene<br \/>\n11 masker strukturstrikk p\u00e5 pinne nr. 6<br \/>\nmed dobbel tr\u00e5d = 10 cm<\/p>\n","protected":false},"excerpt":{"rendered":"<p>En grovstrikka litt posete singlet passet perfekt til\u00a0sommergarderoben min, og er allerede planlagt i flere farger.\u00a0Den fine patentlignende strukturen f\u00e5r s\u00e5 godt frem fargespillet\u00a0i garnet, og at den strikkes p\u00e5 pinne 6 er jo bare en fordel.<\/p>\n<p>&nbsp;<\/p>\n<p>&nbsp;<\/p>\n<p><strong>Norsk og Engelsk oppskrift.<\/strong> Du f\u00e5r tilgang til alle spr\u00e5k som pdf fil ved kj\u00f8p.<\/p>\n<p>&nbsp;<\/p>\n<p>&nbsp;<\/p>\n<p><em>Husk \u00e5 velge st\u00f8rrelse. Garnkombinasjonen p\u00e5 bildet ligger klar i denne strikkepakken, men du kan fint endre til annen \u00f8nsket farge ved \u00e5 klikke p\u00e5 bildet av n\u00f8stene i oversikten under.<\/em><\/p>\n","protected":false},"featured_media":72300,"template":"","meta":{"_acf_changed":false,"_relevanssi_hide_post":"","_relevanssi_hide_content":"","_relevanssi_pin_for_all":"","_relevanssi_pin_keywords":"","_relevanssi_unpin_keywords":"","_relevanssi_related_keywords":"","_relevanssi_related_include_ids":"","_relevanssi_related_exclude_ids":"","_relevanssi_related_no_append":"","_relevanssi_related_not_related":"","_relevanssi_related_posts":"","_relevanssi_noindex_reason":""},"product_cat":[60,734,279],"product_tag":[128,43,134,594,568,589,569,590,136],"class_list":{"0":"post-72299","1":"product","2":"type-product","3":"status-publish","4":"has-post-thumbnail","6":"product_cat-strikkeoppskrifter","7":"product_cat-sommerstrikk","8":"product_cat-topp","9":"product_tag-design-by-marte-helgetun","10":"product_tag-line","11":"product_tag-marte-helgetun","12":"product_tag-rustikk-singlet","13":"product_tag-singlet","14":"product_tag-singlet-dame","15":"product_tag-singlet-i-line","16":"product_tag-singlet-i-line-dame","17":"product_tag-strikkeoppskrift","19":"first","20":"instock","21":"downloadable","22":"taxable","23":"shipping-taxable","24":"purchasable","25":"product-type-mht_bundle"},"acf":[],"_links":{"self":[{"href":"https:\/\/martehelgetun.no\/en\/wp-json\/wp\/v2\/product\/72299","targetHints":{"allow":["GET"]}}],"collection":[{"href":"https:\/\/martehelgetun.no\/en\/wp-json\/wp\/v2\/product"}],"about":[{"href":"https:\/\/martehelgetun.no\/en\/wp-json\/wp\/v2\/types\/product"}],"wp:featuredmedia":[{"embeddable":true,"href":"https:\/\/martehelgetun.no\/en\/wp-json\/wp\/v2\/media\/72300"}],"wp:attachment":[{"href":"https:\/\/martehelgetun.no\/en\/wp-json\/wp\/v2\/media?parent=72299"}],"wp:term":[{"taxonomy":"product_cat","embeddable":true,"href":"https:\/\/martehelgetun.no\/en\/wp-json\/wp\/v2\/product_cat?post=72299"},{"taxonomy":"product_tag","embeddable":true,"href":"https:\/\/martehelgetun.no\/en\/wp-json\/wp\/v2\/product_tag?post=72299"}],"curies":[{"name":"wp","href":"https:\/\/api.w.org\/{rel}","templated":true}]}}