{"id":72288,"date":"2024-02-16T13:56:04","date_gmt":"2024-02-16T12:56:04","guid":{"rendered":"http:\/\/martehelgetun.no\/?post_type=product&#038;p=72288"},"modified":"2025-06-10T13:32:27","modified_gmt":"2025-06-10T11:32:27","slug":"batliv","status":"publish","type":"product","link":"https:\/\/martehelgetun.no\/en\/produkt\/batliv\/","title":{"rendered":"B\u00e5tliv"},"content":{"rendered":"<p><strong>ST\u00d8RRELSER OG M\u00c5L<\/strong><br \/>\nSt\u00f8rrelser: S (M) L (XL)<br \/>\nOvervidde: 96 (102) 108 (116) cm<br \/>\nLivvidde: 88 (94) 100 (108) cm<br \/>\nHel lengde: 87 (90) 93 (96) cm<\/p>\n<p>&nbsp;<\/p>\n<p><strong>GARN OG GARNFORBRUK<\/strong><br \/>\nLine fra Sandnes Garn<br \/>\n7 (8) 9 (10) n\u00f8ster Skifer nr. 6080<br \/>\n2 (2) 2 (3) n\u00f8ster Kitt nr. 1015<\/p>\n<p>&nbsp;<\/p>\n<p><strong>PINNE OG STRIKKEFASTHET<\/strong><br \/>\nRundpinne 80 cm lang nr. 4,5 mm<br \/>\nHa gjerne en ekstra pinne eller vaier, slik at det blir lettere for deg \u00e5 strikke for- og bakstykkene.<br \/>\n20 masker glattstrikk p\u00e5 pinne nr. 4,5 mm = 10 cm i bredden<\/p>\n","protected":false},"excerpt":{"rendered":"<p>Denne kledelige, maritime kjolen var et av mine bidrag til Gyldendals Strikkedagbok. Den passer perfekt til late sommerdager enten p\u00e5 b\u00e5ten, p\u00e5 sommerhytta eller kanskje like s\u00e5 godt i byen.\u00a0Kjolen strikkes ovenfra og ned.\u00a0Denne oppskriften finner du ogs\u00e5 i heftet Sommerfavoritter.<\/p>\n<p>&nbsp;<\/p>\n<p>&nbsp;<\/p>\n<p><strong>Norsk og Engelsk oppskrift.<\/strong> Du f\u00e5r tilgang til alle spr\u00e5k som pdf fil ved kj\u00f8p.<\/p>\n","protected":false},"featured_media":72289,"template":"","meta":{"_acf_changed":false,"_relevanssi_hide_post":"","_relevanssi_hide_content":"","_relevanssi_pin_for_all":"","_relevanssi_pin_keywords":"","_relevanssi_unpin_keywords":"","_relevanssi_related_keywords":"","_relevanssi_related_include_ids":"","_relevanssi_related_exclude_ids":"","_relevanssi_related_no_append":"","_relevanssi_related_not_related":"","_relevanssi_related_posts":"","_relevanssi_noindex_reason":""},"product_cat":[60,734,201],"product_tag":[591,592,128,206,584,487,585,43,593,134,136],"acf":[],"_links":{"self":[{"href":"https:\/\/martehelgetun.no\/en\/wp-json\/wp\/v2\/product\/72288"}],"collection":[{"href":"https:\/\/martehelgetun.no\/en\/wp-json\/wp\/v2\/product"}],"about":[{"href":"https:\/\/martehelgetun.no\/en\/wp-json\/wp\/v2\/types\/product"}],"wp:featuredmedia":[{"embeddable":true,"href":"https:\/\/martehelgetun.no\/en\/wp-json\/wp\/v2\/media\/72289"}],"wp:attachment":[{"href":"https:\/\/martehelgetun.no\/en\/wp-json\/wp\/v2\/media?parent=72288"}],"wp:term":[{"taxonomy":"product_cat","embeddable":true,"href":"https:\/\/martehelgetun.no\/en\/wp-json\/wp\/v2\/product_cat?post=72288"},{"taxonomy":"product_tag","embeddable":true,"href":"https:\/\/martehelgetun.no\/en\/wp-json\/wp\/v2\/product_tag?post=72288"}],"curies":[{"name":"wp","href":"https:\/\/api.w.org\/{rel}","templated":true}]}}