{"id":72273,"date":"2024-02-16T13:48:15","date_gmt":"2024-02-16T12:48:15","guid":{"rendered":"http:\/\/martehelgetun.no\/?post_type=product&#038;p=72273"},"modified":"2025-06-10T13:47:21","modified_gmt":"2025-06-10T11:47:21","slug":"sommer-sol-singlet","status":"publish","type":"product","link":"https:\/\/martehelgetun.no\/en\/produkt\/sommer-sol-singlet\/","title":{"rendered":"Sommer &#038; Sol Singlet"},"content":{"rendered":"<p><strong>ST\u00d8RRELSER OG M\u00c5L<\/strong><br \/>\nSt\u00f8rrelser: S (M) L (XL)<br \/>\nOvervidde: 84 (90) 96 (106) cm<br \/>\nHel lengde: 51 (53) 55 (59) cm<\/p>\n<p>&nbsp;<\/p>\n<p><strong>GARN OG GARNFORBRUK<\/strong><br \/>\nLine fra Sandnes Garn<br \/>\n4 (5) 6 (8) n\u00f8ster Bringeb\u00e6rkrem nr. 4335<\/p>\n<p>&nbsp;<\/p>\n<p><strong>PINNER OG STRIKKEFASTHET<\/strong><br \/>\nRundpinne 80 cm nr. 4,5<br \/>\nHeklen\u00e5l nr. 4<br \/>\n20 masker glattstrikk p\u00e5 pinne nr. 4,5 = 10 cm<\/p>\n","protected":false},"excerpt":{"rendered":"<p>En basic, glattstrikket singlet h\u00f8rer hjemme i alle sommergarderober, ogs\u00e5\u00a0i min. Denne har en kledelig v-utrigning, og er en smal, tettsittende modell.\u00a0Singleten strikkes nedenfra og opp, og deles i ermehullene slik at for- og bakstykkene strikkes videre hver for seg.<span class=\"Apple-converted-space\">\u00a0<\/span><\/p>\n<p>&nbsp;<\/p>\n<p>&nbsp;<\/p>\n<p><strong>Norsk og Engelsk oppskrift.<\/strong> Du f\u00e5r tilgang til alle spr\u00e5k som pdf fil ved kj\u00f8p.<\/p>\n<p>&nbsp;<\/p>\n<p><em>Husk \u00e5 velge st\u00f8rrelse. Garnkombinasjonen p\u00e5 bildet ligger klar i denne strikkepakken, men du kan fint endre til annen \u00f8nsket farge ved \u00e5 klikke p\u00e5 bildet av n\u00f8stene i oversikten under.<\/em><\/p>\n","protected":false},"featured_media":72284,"template":"","meta":{"_acf_changed":false,"_relevanssi_hide_post":"","_relevanssi_hide_content":"","_relevanssi_pin_for_all":"","_relevanssi_pin_keywords":"","_relevanssi_unpin_keywords":"","_relevanssi_related_keywords":"","_relevanssi_related_include_ids":"","_relevanssi_related_exclude_ids":"","_relevanssi_related_no_append":"","_relevanssi_related_not_related":"","_relevanssi_related_posts":"","_relevanssi_noindex_reason":""},"product_cat":[60,734,279],"product_tag":[128,43,134,568,589,569,590,588,136],"class_list":{"0":"post-72273","1":"product","2":"type-product","3":"status-publish","4":"has-post-thumbnail","6":"product_cat-strikkeoppskrifter","7":"product_cat-sommerstrikk","8":"product_cat-topp","9":"product_tag-design-by-marte-helgetun","10":"product_tag-line","11":"product_tag-marte-helgetun","12":"product_tag-singlet","13":"product_tag-singlet-dame","14":"product_tag-singlet-i-line","15":"product_tag-singlet-i-line-dame","16":"product_tag-sommer-og-sol-singlet","17":"product_tag-strikkeoppskrift","19":"first","20":"instock","21":"downloadable","22":"taxable","23":"shipping-taxable","24":"purchasable","25":"product-type-mht_bundle"},"acf":[],"_links":{"self":[{"href":"https:\/\/martehelgetun.no\/en\/wp-json\/wp\/v2\/product\/72273","targetHints":{"allow":["GET"]}}],"collection":[{"href":"https:\/\/martehelgetun.no\/en\/wp-json\/wp\/v2\/product"}],"about":[{"href":"https:\/\/martehelgetun.no\/en\/wp-json\/wp\/v2\/types\/product"}],"wp:featuredmedia":[{"embeddable":true,"href":"https:\/\/martehelgetun.no\/en\/wp-json\/wp\/v2\/media\/72284"}],"wp:attachment":[{"href":"https:\/\/martehelgetun.no\/en\/wp-json\/wp\/v2\/media?parent=72273"}],"wp:term":[{"taxonomy":"product_cat","embeddable":true,"href":"https:\/\/martehelgetun.no\/en\/wp-json\/wp\/v2\/product_cat?post=72273"},{"taxonomy":"product_tag","embeddable":true,"href":"https:\/\/martehelgetun.no\/en\/wp-json\/wp\/v2\/product_tag?post=72273"}],"curies":[{"name":"wp","href":"https:\/\/api.w.org\/{rel}","templated":true}]}}