{"id":72260,"date":"2024-02-16T13:39:55","date_gmt":"2024-02-16T12:39:55","guid":{"rendered":"http:\/\/martehelgetun.no\/?post_type=product&#038;p=72260"},"modified":"2026-04-22T15:14:43","modified_gmt":"2026-04-22T13:14:43","slug":"basic-a-line-skjort","status":"publish","type":"product","link":"https:\/\/martehelgetun.no\/en\/produkt\/basic-a-line-skjort\/","title":{"rendered":"Basic A-line"},"content":{"rendered":"<p><strong>ST\u00d8RRELSER OG M\u00c5L<\/strong><br \/>\nSt\u00f8rrelser: S (M) L (XL)<br \/>\nLivvidde: 76 (84) 91 (100) cm<br \/>\nStussvidde: 84 (91) 98 (107) cm<br \/>\nHel lengde: 41 (43) 45 (47) cm<\/p>\n<p>&nbsp;<\/p>\n<p><strong>GARN OG GARNFORBRUK<\/strong><br \/>\nLine fra Sandnes Garn<br \/>\n4 (5) 6 (7) n\u00f8ster St\u00f8vet gr\u00f8nn nr. 8561<\/p>\n<p>&nbsp;<\/p>\n<p><strong>TILBEH\u00d8R<br \/>\n<\/strong>Hullstrikk i livet<\/p>\n<p>&nbsp;<\/p>\n<p><strong>PINNER OG STRIKKEFASTHET<\/strong><br \/>\n80 cm rundpinne nr. 3,5 og 4 mm<br \/>\n22 masker glattstrikk p\u00e5 pinne nr. 4 mm = 10 cm<\/p>\n","protected":false},"excerpt":{"rendered":"<p>Et helt klassisk skj\u00f8rt i A-fasong blir aldri feil. Lek deg gjerne med striper og strukturer. Jeg valgte \u00e5 strikke dette skj\u00f8rtet litt kort men det forlenger du enkelt med \u00e5 fortsette \u00f8kingen og strikke skj\u00f8rtet litt lengre.\u00a0Dette er et perfekt plagg \u00e5 begynne med hvis du ikke har strikket s\u00e5 mye f\u00f8r. Denne oppskriften finner du ogs\u00e5 i heftet Sommerfavoritter.<\/p>\n<p>&nbsp;<\/p>\n<p><strong>Norsk og Engelsk oppskrift.<\/strong> Du f\u00e5r tilgang til alle spr\u00e5k som pdf fil ved kj\u00f8p.<\/p>\n<hr \/>\n<p data-start=\"0\" data-end=\"354\">A classic A-line skirt is always a great choice. Feel free to play with stripes and textures. I chose to make this one a bit short, but you can easily lengthen it by continuing the increases and knitting the skirt longer. This is a perfect project to start with if you\u2019re new to knitting. The pattern is also included in the booklet <em data-start=\"333\" data-end=\"351\">Summer Favorites<\/em>.<\/p>\n<p data-start=\"356\" data-end=\"464\" data-is-last-node=\"\" data-is-only-node=\"\"><strong>Norwegian and English pattern included.<\/strong> You will receive access to all languages as PDF files upon purchase.<\/p>\n","protected":false},"featured_media":72261,"template":"","meta":{"_acf_changed":false,"_relevanssi_hide_post":"","_relevanssi_hide_content":"","_relevanssi_pin_for_all":"","_relevanssi_pin_keywords":"","_relevanssi_unpin_keywords":"","_relevanssi_related_keywords":"","_relevanssi_related_include_ids":"","_relevanssi_related_exclude_ids":"","_relevanssi_related_no_append":"","_relevanssi_related_not_related":"","_relevanssi_related_posts":"","_relevanssi_noindex_reason":""},"product_cat":[60,734,201],"product_tag":[586,128,43,134,498,572,514,587,136],"class_list":{"0":"post-72260","1":"product","2":"type-product","3":"status-publish","4":"has-post-thumbnail","6":"product_cat-strikkeoppskrifter","7":"product_cat-sommerstrikk","8":"product_cat-kjoler-og-skjort","9":"product_tag-basic-a-line","10":"product_tag-design-by-marte-helgetun","11":"product_tag-line","12":"product_tag-marte-helgetun","13":"product_tag-skjort","14":"product_tag-skjort-dame","15":"product_tag-skjort-i-line","16":"product_tag-skjort-i-line-dame","17":"product_tag-strikkeoppskrift","19":"first","20":"instock","21":"downloadable","22":"taxable","23":"shipping-taxable","24":"purchasable","25":"product-type-mht_bundle"},"acf":[],"_links":{"self":[{"href":"https:\/\/martehelgetun.no\/en\/wp-json\/wp\/v2\/product\/72260","targetHints":{"allow":["GET"]}}],"collection":[{"href":"https:\/\/martehelgetun.no\/en\/wp-json\/wp\/v2\/product"}],"about":[{"href":"https:\/\/martehelgetun.no\/en\/wp-json\/wp\/v2\/types\/product"}],"wp:featuredmedia":[{"embeddable":true,"href":"https:\/\/martehelgetun.no\/en\/wp-json\/wp\/v2\/media\/72261"}],"wp:attachment":[{"href":"https:\/\/martehelgetun.no\/en\/wp-json\/wp\/v2\/media?parent=72260"}],"wp:term":[{"taxonomy":"product_cat","embeddable":true,"href":"https:\/\/martehelgetun.no\/en\/wp-json\/wp\/v2\/product_cat?post=72260"},{"taxonomy":"product_tag","embeddable":true,"href":"https:\/\/martehelgetun.no\/en\/wp-json\/wp\/v2\/product_tag?post=72260"}],"curies":[{"name":"wp","href":"https:\/\/api.w.org\/{rel}","templated":true}]}}