{"id":72243,"date":"2024-02-16T13:29:55","date_gmt":"2024-02-16T12:29:55","guid":{"rendered":"http:\/\/martehelgetun.no\/?post_type=product&#038;p=72243"},"modified":"2025-06-10T13:32:21","modified_gmt":"2025-06-10T11:32:21","slug":"kaffelatte-kjole","status":"publish","type":"product","link":"https:\/\/martehelgetun.no\/en\/produkt\/kaffelatte-kjole\/","title":{"rendered":"Kaffelatte Kjole"},"content":{"rendered":"<p><strong>ST\u00d8RRELSER OG M\u00c5L<\/strong><br \/>\nSt\u00f8rrelser: S (M) L (XL)<br \/>\nOvervidde: 91 (100) 111 (125) cm<br \/>\nHel lengde: 86 (90) 94 (98)<\/p>\n<p>&nbsp;<\/p>\n<p><strong>GARN OG GARNFORBRUK<\/strong><br \/>\nLine fra Sandnes Garn<br \/>\n8 (8) 9 (10) n\u00f8ster Gyllen brun 2553 (utg\u00e5tt farge men vi anbefaler 3542 Rosa sand)<br \/>\n3 (3) 4 (5) n\u00f8ster Kitt nr. 1015<\/p>\n<p>&nbsp;<\/p>\n<p><strong>PINNER OG STRIKKEFASTHET<\/strong><br \/>\n80 og 40 cm rundpinne nr. 4 og 3,5<br \/>\n22 masker glattstrikk p\u00e5 pinne nr. 4 = 10 cm i bredden<\/p>\n","protected":false},"excerpt":{"rendered":"<p>Denne kjolen har jeg helt forelsket meg i, og jeg elsker at fargeskiftet p\u00e5 overdelen gir den en elegant touch.\u00a0Denne kommer jeg til \u00e5 bruke b\u00e5de til hverdags og til penere anledninger i\u00a0sommer, og jeg ser ikke bort fra at det plutselig kommer flere fargekombinasjoner p\u00e5 pinnene av denne.\u00a0Kjolen strikkes ovenfra og ned med raglan\u00f8kinger.\u00a0Denne oppskriften finnes ogs\u00e5 i heftet Sommerfavoritter.<\/p>\n<p>&nbsp;<\/p>\n<p>&nbsp;<\/p>\n<p><strong>Norsk og Engelsk oppskrift.<\/strong> Du f\u00e5r tilgang til alle spr\u00e5k som pdf fil ved kj\u00f8p.<\/p>\n","protected":false},"featured_media":72244,"template":"","meta":{"_acf_changed":false,"_relevanssi_hide_post":"","_relevanssi_hide_content":"","_relevanssi_pin_for_all":"","_relevanssi_pin_keywords":"","_relevanssi_unpin_keywords":"","_relevanssi_related_keywords":"","_relevanssi_related_include_ids":"","_relevanssi_related_exclude_ids":"","_relevanssi_related_no_append":"","_relevanssi_related_not_related":"","_relevanssi_related_posts":"","_relevanssi_noindex_reason":""},"product_cat":[60,734,201],"product_tag":[128,476,206,584,487,585,43,134,136],"acf":[],"_links":{"self":[{"href":"https:\/\/martehelgetun.no\/en\/wp-json\/wp\/v2\/product\/72243"}],"collection":[{"href":"https:\/\/martehelgetun.no\/en\/wp-json\/wp\/v2\/product"}],"about":[{"href":"https:\/\/martehelgetun.no\/en\/wp-json\/wp\/v2\/types\/product"}],"wp:featuredmedia":[{"embeddable":true,"href":"https:\/\/martehelgetun.no\/en\/wp-json\/wp\/v2\/media\/72244"}],"wp:attachment":[{"href":"https:\/\/martehelgetun.no\/en\/wp-json\/wp\/v2\/media?parent=72243"}],"wp:term":[{"taxonomy":"product_cat","embeddable":true,"href":"https:\/\/martehelgetun.no\/en\/wp-json\/wp\/v2\/product_cat?post=72243"},{"taxonomy":"product_tag","embeddable":true,"href":"https:\/\/martehelgetun.no\/en\/wp-json\/wp\/v2\/product_tag?post=72243"}],"curies":[{"name":"wp","href":"https:\/\/api.w.org\/{rel}","templated":true}]}}