{"id":72230,"date":"2024-02-16T13:12:15","date_gmt":"2024-02-16T12:12:15","guid":{"rendered":"http:\/\/martehelgetun.no\/?post_type=product&#038;p=72230"},"modified":"2025-06-10T13:32:18","modified_gmt":"2025-06-10T11:32:18","slug":"feriekjole","status":"publish","type":"product","link":"https:\/\/martehelgetun.no\/en\/produkt\/feriekjole\/","title":{"rendered":"Feriekjole"},"content":{"rendered":"<div>\n<p>&nbsp;<\/p>\n<p><strong>ST\u00d8RRELSER OG M\u00c5L<\/strong><b><br \/>\n<\/b>St\u00f8rrelser: S (M) L (XL)<br \/>\nOvervidde: 104 (113) 122 (131) cm<br \/>\nHel lengde: 82 (85) 89 (93) cm<\/p>\n<p>&nbsp;<\/p>\n<p><strong>GARN OG GARNFORBRUK<\/strong><b><br \/>\n<\/b>Line fra Sandnes Garn<br \/>\n11 (12) 13 (15) n\u00f8ster bringeb\u00e6rkrem nr. 4335<\/p>\n<p>&nbsp;<\/p>\n<p><strong>PINNER OG STRIKKEFASTHET<br \/>\n<\/strong>40 cm rundpinne nr. 3,5 mm<br \/>\n80 cm rundpinne nr. 3,5 og 4 mm<br \/>\n22 masker glattstrikk p\u00e5 pinne nr. 4 mm = 10 cm<\/p>\n<\/div>\n","protected":false},"excerpt":{"rendered":"<p>Denne t-skjortekjolen kommer jeg til \u00e5 bo i hele sommeren. Den er perfekt \u00e5 slenge p\u00e5 seg om morgenen og tusle ut i hagen for \u00e5 drikke morgenkaffen. Samtidig er den t\u00f8ff nok til at jeg godt kan bruke den ut p\u00e5 butikken og overalt.\u00a0<i><\/i>Denne kjolen har god, vid passform, strikkes nedenfra og opp og syes sammen p\u00e5 skuldrene med maskesting.<\/p>\n<p>&nbsp;<\/p>\n<p>&nbsp;<\/p>\n<p><strong>Norsk og Engelsk oppskrift.<\/strong> Du f\u00e5r tilgang til alle spr\u00e5k som pdf fil ved kj\u00f8p.<\/p>\n","protected":false},"featured_media":72231,"template":"","meta":{"_acf_changed":false,"_relevanssi_hide_post":"","_relevanssi_hide_content":"","_relevanssi_pin_for_all":"","_relevanssi_pin_keywords":"","_relevanssi_unpin_keywords":"","_relevanssi_related_keywords":"","_relevanssi_related_include_ids":"","_relevanssi_related_exclude_ids":"","_relevanssi_related_no_append":"","_relevanssi_related_not_related":"","_relevanssi_related_posts":"","_relevanssi_noindex_reason":""},"product_cat":[60,734,201],"product_tag":[128,583,206,584,487,585,43,134,136],"acf":[],"_links":{"self":[{"href":"https:\/\/martehelgetun.no\/en\/wp-json\/wp\/v2\/product\/72230"}],"collection":[{"href":"https:\/\/martehelgetun.no\/en\/wp-json\/wp\/v2\/product"}],"about":[{"href":"https:\/\/martehelgetun.no\/en\/wp-json\/wp\/v2\/types\/product"}],"wp:featuredmedia":[{"embeddable":true,"href":"https:\/\/martehelgetun.no\/en\/wp-json\/wp\/v2\/media\/72231"}],"wp:attachment":[{"href":"https:\/\/martehelgetun.no\/en\/wp-json\/wp\/v2\/media?parent=72230"}],"wp:term":[{"taxonomy":"product_cat","embeddable":true,"href":"https:\/\/martehelgetun.no\/en\/wp-json\/wp\/v2\/product_cat?post=72230"},{"taxonomy":"product_tag","embeddable":true,"href":"https:\/\/martehelgetun.no\/en\/wp-json\/wp\/v2\/product_tag?post=72230"}],"curies":[{"name":"wp","href":"https:\/\/api.w.org\/{rel}","templated":true}]}}