{"id":72227,"date":"2024-02-16T12:40:17","date_gmt":"2024-02-16T11:40:17","guid":{"rendered":"http:\/\/martehelgetun.no\/?post_type=product&#038;p=72227"},"modified":"2025-06-10T13:39:14","modified_gmt":"2025-06-10T11:39:14","slug":"varlue","status":"publish","type":"product","link":"https:\/\/martehelgetun.no\/en\/produkt\/varlue\/","title":{"rendered":"V\u00e5rlue"},"content":{"rendered":"<p><strong>ST\u00d8RRELSER OG M\u00c5L<\/strong><br \/>\nSt\u00f8rrelser: S\/M (L\/XL)<\/p>\n<p>&nbsp;<\/p>\n<p><strong>GARN OG GARNFORBRUK<\/strong><br \/>\nLunt + Lett by Marte Helgetun<br \/>\n1 n\u00f8ste Lunt nr. 01 Kitt<br \/>\n1 n\u00f8ste Lett nr. 01 Kitt<\/p>\n<p>&nbsp;<\/p>\n<p><strong>PINNER OG STRIKKEFASTHET<\/strong><br \/>\nLiten rundpinne 40 cm 3,5 mm og 4 mm,<br \/>\nog str\u00f8mpepinne 4 mm (eller en 80 cm<br \/>\n4 mm hvis du strikker magic loop)<br \/>\nStrikkefasthet: 24 masker = 10 cm.<\/p>\n","protected":false},"excerpt":{"rendered":"<p>Sola har begynt \u00e5 varme, men enda venter dager hvor du trenger en lun og god lue. Her har vi benyttet<br \/>\ngarnkvalitetene Lunt + Lett og lua strikkes nedenfra og opp. Du starter med en enkel vrangbord s\u00e5 f\u00e5r den en mer romslig fasong med symmetriske fellinger opp mot bakhodet. Den ligner litt p\u00e5 en Beret i fasongen.<\/p>\n<p>&nbsp;<\/p>\n<p><strong>Norsk og Engelsk oppskrift.<\/strong> Du f\u00e5r tilgang til alle spr\u00e5k som pdf fil ved kj\u00f8p.<\/p>\n","protected":false},"featured_media":72028,"template":"","meta":{"_acf_changed":false,"_relevanssi_hide_post":"","_relevanssi_hide_content":"","_relevanssi_pin_for_all":"","_relevanssi_pin_keywords":"","_relevanssi_unpin_keywords":"","_relevanssi_related_keywords":"","_relevanssi_related_include_ids":"","_relevanssi_related_exclude_ids":"","_relevanssi_related_no_append":"","_relevanssi_related_not_related":"","_relevanssi_related_posts":"","_relevanssi_noindex_reason":""},"product_cat":[60,401],"product_tag":[329,330,128,37,171,582,33,134,136,581],"class_list":{"0":"post-72227","1":"product","2":"type-product","3":"status-publish","4":"has-post-thumbnail","6":"product_cat-strikkeoppskrifter","7":"product_cat-lue-panneband","8":"product_tag-alpelue","9":"product_tag-beret","10":"product_tag-design-by-marte-helgetun","11":"product_tag-lett","12":"product_tag-lue","13":"product_tag-lue-i-lunt-og-lett","14":"product_tag-lunt","15":"product_tag-marte-helgetun","16":"product_tag-strikkeoppskrift","17":"product_tag-varlue","19":"first","20":"instock","21":"downloadable","22":"taxable","23":"shipping-taxable","24":"purchasable","25":"product-type-mht_bundle"},"acf":[],"_links":{"self":[{"href":"https:\/\/martehelgetun.no\/en\/wp-json\/wp\/v2\/product\/72227","targetHints":{"allow":["GET"]}}],"collection":[{"href":"https:\/\/martehelgetun.no\/en\/wp-json\/wp\/v2\/product"}],"about":[{"href":"https:\/\/martehelgetun.no\/en\/wp-json\/wp\/v2\/types\/product"}],"wp:featuredmedia":[{"embeddable":true,"href":"https:\/\/martehelgetun.no\/en\/wp-json\/wp\/v2\/media\/72028"}],"wp:attachment":[{"href":"https:\/\/martehelgetun.no\/en\/wp-json\/wp\/v2\/media?parent=72227"}],"wp:term":[{"taxonomy":"product_cat","embeddable":true,"href":"https:\/\/martehelgetun.no\/en\/wp-json\/wp\/v2\/product_cat?post=72227"},{"taxonomy":"product_tag","embeddable":true,"href":"https:\/\/martehelgetun.no\/en\/wp-json\/wp\/v2\/product_tag?post=72227"}],"curies":[{"name":"wp","href":"https:\/\/api.w.org\/{rel}","templated":true}]}}