{"id":72215,"date":"2024-02-16T12:11:12","date_gmt":"2024-02-16T11:11:12","guid":{"rendered":"http:\/\/martehelgetun.no\/?post_type=product&#038;p=72215"},"modified":"2025-06-10T13:23:08","modified_gmt":"2025-06-10T11:23:08","slug":"luftig-perlegenser-2","status":"publish","type":"product","link":"https:\/\/martehelgetun.no\/en\/produkt\/luftig-perlegenser-2\/","title":{"rendered":"Luftig Perlegenser"},"content":{"rendered":"<div id=\"OuterWrapper\" class=\"product-outer-wrapper\">\n<div class=\"product\">\n<div class=\"productTxtOuter\">\n<div><\/div>\n<div class=\"EditorContentContainer \">\n<p><strong>ST\u00d8RRELSER OG M\u00c5L:<\/strong><b><br \/>\n<\/b>St\u00f8rrelser: (XS) S (M) L (XL) XXL<br \/>\nLengde: (47) 48 (49) 50 (51) 52 cm<br \/>\nHel lengde m\u00e5lt fra oppleggskanten midt bak i nakken.<br \/>\nOvervidde: (104) 108 (114) 119 (130) 140 cm<br \/>\nErmlengde: (42) 43 (44) 45 (46) 47 cm<\/p>\n<p>&nbsp;<\/p>\n<p><strong>GARN OG GARNFORBRUK<\/strong><br \/>\nLuftig + 2 x Lett by Marte Helgetun<br \/>\n(3) 4 (4) 5 (5) 6 n\u00f8ster Luftig nr. 01 Kitt<br \/>\n(3) 4 (4) 5 (5) 6 n\u00f8ster Lett nr. 01 Kitt<br \/>\n(3) 4 (4) 5 (5) 6 n\u00f8ster Lett nr. 17 Sand<br \/>\nTa med ett n\u00f8stesett ekstra hvis du \u00f8nsker \u00e5 strikke genseren litt lengre.<\/p>\n<p>&nbsp;<\/p>\n<p><strong>PINNER OG STRIKKEFASTHET<br \/>\n<\/strong>80 og 40 cm rundpinne nr. 7<br \/>\nStr\u00f8mpepinner nr. 7 eller en lang rundpinne nr. 7<br \/>\ndersom du bruker magic loop til ermer<br \/>\nStr\u00f8mpepinne 5,5 til I-cordfelling<br \/>\n15 masker strukturstrikk p\u00e5 pinne nr. 7 = 10 cm<\/p>\n<\/div>\n<\/div>\n<\/div>\n<\/div>\n","protected":false},"excerpt":{"rendered":"<p>Det er p\u00e5 h\u00f8y tid \u00e5 relansere en av bestselgerene v\u00e5re \u201cFargespillgenseren\u201d i flere st\u00f8rrelser, samt gi den\u00a0et lite l\u00f8ft n\u00e5r det gjelder konstruksjonen. Denne genseren f\u00e5r et helt fantastisk fargespill n\u00e5r man setter\u00a0sammen 1 tr\u00e5d Luftig og 2 tr\u00e5der Lett i ulike farger. Navnet denne genseren fikk var opphavet til navnet vi\u00a0i etterkant gav garnet v\u00e5rt \u201cLunt Fargespill\u201d, og siden genseren ikke er strikket i dette garnet s\u00e5 f\u00f8ltes det\u00a0riktig \u00e5 gi den et nytt navn; Luftig Perlegenser.<\/p>\n<p>&nbsp;<\/p>\n<p>&nbsp;<\/p>\n<p><strong>Norsk og Engelsk oppskrift.<\/strong> Du f\u00e5r tilgang til alle spr\u00e5k som pdf fil ved kj\u00f8p.<\/p>\n","protected":false},"featured_media":74208,"template":"","meta":{"_acf_changed":false,"_relevanssi_hide_post":"","_relevanssi_hide_content":"","_relevanssi_pin_for_all":"","_relevanssi_pin_keywords":"","_relevanssi_unpin_keywords":"","_relevanssi_related_keywords":"","_relevanssi_related_include_ids":"","_relevanssi_related_exclude_ids":"","_relevanssi_related_no_append":"","_relevanssi_related_not_related":"","_relevanssi_related_posts":"","_relevanssi_noindex_reason":""},"product_cat":[60,76],"product_tag":[128,577,77,377,37,36,207,134,576,136],"class_list":{"0":"post-72215","1":"product","2":"type-product","3":"status-publish","4":"has-post-thumbnail","6":"product_cat-strikkeoppskrifter","7":"product_cat-genser","8":"product_tag-design-by-marte-helgetun","9":"product_tag-fargespillgenser","10":"product_tag-genser","11":"product_tag-genser-i-luftig-og-lett","12":"product_tag-lett","13":"product_tag-luftig","14":"product_tag-luftig-perlegenser","15":"product_tag-marte-helgetun","16":"product_tag-perlegenser","17":"product_tag-strikkeoppskrift","19":"first","20":"instock","21":"downloadable","22":"taxable","23":"shipping-taxable","24":"purchasable","25":"product-type-mht_bundle"},"acf":[],"_links":{"self":[{"href":"https:\/\/martehelgetun.no\/en\/wp-json\/wp\/v2\/product\/72215","targetHints":{"allow":["GET"]}}],"collection":[{"href":"https:\/\/martehelgetun.no\/en\/wp-json\/wp\/v2\/product"}],"about":[{"href":"https:\/\/martehelgetun.no\/en\/wp-json\/wp\/v2\/types\/product"}],"wp:featuredmedia":[{"embeddable":true,"href":"https:\/\/martehelgetun.no\/en\/wp-json\/wp\/v2\/media\/74208"}],"wp:attachment":[{"href":"https:\/\/martehelgetun.no\/en\/wp-json\/wp\/v2\/media?parent=72215"}],"wp:term":[{"taxonomy":"product_cat","embeddable":true,"href":"https:\/\/martehelgetun.no\/en\/wp-json\/wp\/v2\/product_cat?post=72215"},{"taxonomy":"product_tag","embeddable":true,"href":"https:\/\/martehelgetun.no\/en\/wp-json\/wp\/v2\/product_tag?post=72215"}],"curies":[{"name":"wp","href":"https:\/\/api.w.org\/{rel}","templated":true}]}}