{"id":72206,"date":"2024-02-16T11:54:11","date_gmt":"2024-02-16T10:54:11","guid":{"rendered":"http:\/\/martehelgetun.no\/?post_type=product&#038;p=72206"},"modified":"2025-06-10T13:23:12","modified_gmt":"2025-06-10T11:23:12","slug":"arwens-vargenser","status":"publish","type":"product","link":"https:\/\/martehelgetun.no\/en\/produkt\/arwens-vargenser\/","title":{"rendered":"Arwens v\u00e5rgenser"},"content":{"rendered":"<p><strong>ST\u00d8RRELSER OG M\u00c5L<\/strong><br \/>\nSt\u00f8rrelser: (XS) S (M) L (XL) XXL<br \/>\nOvervidde: (100) 105 (112) 118 (130) 142 cm<br \/>\nHel lengde: (46) 48 (50) 52 (54) 56 cm<br \/>\n(m\u00e5lt midt bak)<br \/>\nErmer: (44) 45 (46) 47 (48) 49 cm<\/p>\n<p>&nbsp;<\/p>\n<p><strong>GARN OG GARNFORBRUK<\/strong><br \/>\nLuftig + Lett by Marte Helgetun<br \/>\n(4) 4 (5) 5 (6) 7 n\u00f8ster Luftig nr. 01 Kitt<br \/>\n(4) 4 (5) 5 (6) 7 n\u00f8ster Lett nr. 01 Kitt<br \/>\nGenseren strikkers med en tr\u00e5d av hver kvalitet sammen.<\/p>\n<p>&nbsp;<\/p>\n<p><strong>PINNER OG STRIKKEFASTHET<\/strong><br \/>\n80 og 40 cm rundpinne nr. 5 og 6<br \/>\nSettpinner nr. 5 dersom du ikke bruker magic loop<br \/>\n17 masker glattstrikk p\u00e5 pinne nr. 6 = 10 cm i bredden<\/p>\n","protected":false},"excerpt":{"rendered":"<p>Jeg har f\u00e5tt meg en ny hverdagsfavoritt. Arwens v\u00e5rgenser har den enkle hullstrukturen hele veien rundt skuldrene. Genseren strikkes ovenfra og ned og garnkvalitetene som benyttes sammen, Luftig og Lett, beskriver ogs\u00e5 f\u00f8lelsen du f\u00e5r n\u00e5r du tar p\u00e5 dette myke plagget.<\/p>\n<p>&nbsp;<\/p>\n<p>&nbsp;<\/p>\n<p><strong>Norsk og Engelsk oppskrift.<\/strong> Du f\u00e5r tilgang til alle spr\u00e5k som pdf fil ved kj\u00f8p.<\/p>\n","protected":false},"featured_media":72211,"template":"","meta":{"_acf_changed":false,"_relevanssi_hide_post":"","_relevanssi_hide_content":"","_relevanssi_pin_for_all":"","_relevanssi_pin_keywords":"","_relevanssi_unpin_keywords":"","_relevanssi_related_keywords":"","_relevanssi_related_include_ids":"","_relevanssi_related_exclude_ids":"","_relevanssi_related_no_append":"","_relevanssi_related_not_related":"","_relevanssi_related_posts":"","_relevanssi_noindex_reason":""},"product_cat":[60,76],"product_tag":[574,573,128,77,377,575,37,36,134,136],"class_list":{"0":"post-72206","1":"product","2":"type-product","3":"status-publish","4":"has-post-thumbnail","6":"product_cat-strikkeoppskrifter","7":"product_cat-genser","8":"product_tag-arwens","9":"product_tag-arwens-vargenser","10":"product_tag-design-by-marte-helgetun","11":"product_tag-genser","12":"product_tag-genser-i-luftig-og-lett","13":"product_tag-genser-med-hullmonster","14":"product_tag-lett","15":"product_tag-luftig","16":"product_tag-marte-helgetun","17":"product_tag-strikkeoppskrift","19":"first","20":"instock","21":"downloadable","22":"taxable","23":"shipping-taxable","24":"purchasable","25":"product-type-mht_bundle"},"acf":[],"_links":{"self":[{"href":"https:\/\/martehelgetun.no\/en\/wp-json\/wp\/v2\/product\/72206","targetHints":{"allow":["GET"]}}],"collection":[{"href":"https:\/\/martehelgetun.no\/en\/wp-json\/wp\/v2\/product"}],"about":[{"href":"https:\/\/martehelgetun.no\/en\/wp-json\/wp\/v2\/types\/product"}],"wp:featuredmedia":[{"embeddable":true,"href":"https:\/\/martehelgetun.no\/en\/wp-json\/wp\/v2\/media\/72211"}],"wp:attachment":[{"href":"https:\/\/martehelgetun.no\/en\/wp-json\/wp\/v2\/media?parent=72206"}],"wp:term":[{"taxonomy":"product_cat","embeddable":true,"href":"https:\/\/martehelgetun.no\/en\/wp-json\/wp\/v2\/product_cat?post=72206"},{"taxonomy":"product_tag","embeddable":true,"href":"https:\/\/martehelgetun.no\/en\/wp-json\/wp\/v2\/product_tag?post=72206"}],"curies":[{"name":"wp","href":"https:\/\/api.w.org\/{rel}","templated":true}]}}