{"id":72193,"date":"2024-02-15T15:52:39","date_gmt":"2024-02-15T14:52:39","guid":{"rendered":"http:\/\/martehelgetun.no\/?post_type=product&#038;p=72193"},"modified":"2026-04-22T14:56:08","modified_gmt":"2026-04-22T12:56:08","slug":"enkelt-ferieskjort","status":"publish","type":"product","link":"https:\/\/martehelgetun.no\/en\/produkt\/enkelt-ferieskjort\/","title":{"rendered":"Enkelt ferieskj\u00f8rt"},"content":{"rendered":"<div>\n<div><\/div>\n<div><strong>ST\u00d8RRELSER OG M\u00c5L<\/strong><b><br \/>\n<\/b>St\u00f8rrelser: S (M) L (XL)<br \/>\nVidde: 84 (91) 98 (105) cm<br \/>\nHel lengde: 53 (55) 57 (59) cm<\/div>\n<\/div>\n<div>\n<p>&nbsp;<\/p>\n<p><strong>GARN OG GARNFORBRUK<\/strong><br \/>\nLine fra Sandnes Garn<br \/>\n5 (6) 7 (8) n\u00f8ster Kitt nr. 1015<br \/>\n1 (1) 1 (1) n\u00f8ste Skifer nr. 6080<\/p>\n<p>&nbsp;<\/p>\n<\/div>\n<div>\n<p><strong>PINNE OG STRIKKEFASTHET<\/strong><br \/>\nRundpinne 80 cm nr. 4 mm<br \/>\n22 masker glattstrikk p\u00e5 pinne nr. 4 mm = 10 cm<\/p>\n<\/div>\n","protected":false},"excerpt":{"rendered":"<p>Dette skj\u00f8rtet ble til for noen \u00e5r siden etter at jeg ble inspirert av noe s\u00e5 enkelt som et kj\u00f8kkenh\u00e5ndkle. Det \u00e5 leke seg med striper synes jeg er en flott m\u00e5te \u00e5 skape liv i et plagg p\u00e5. Dette skj\u00f8rtet er det perfekte sleng-p\u00e5-skj\u00f8rtet b\u00e5de p\u00e5 stranden og til rolige sommerdager i hagen.<\/p>\n<p>&nbsp;<\/p>\n<p>&nbsp;<\/p>\n<p><strong>Norsk og Engelsk oppskrift.<\/strong> Du f\u00e5r tilgang til alle spr\u00e5k som pdf fil ved kj\u00f8p.<\/p>\n<hr \/>\n<p data-start=\"0\" data-end=\"290\">This skirt came to life a few years ago after I was inspired by something as simple as a kitchen towel. Playing with stripes is a wonderful way to bring a garment to life. This skirt is the perfect throw-on piece, whether you\u2019re at the beach or enjoying relaxed summer days in the garden.<\/p>\n<p data-start=\"292\" data-end=\"400\" data-is-last-node=\"\" data-is-only-node=\"\"><strong>Norwegian and English pattern included.<\/strong> You will receive access to all languages as PDF files upon purchase.<\/p>\n","protected":false},"featured_media":72194,"template":"","meta":{"_acf_changed":false,"_relevanssi_hide_post":"","_relevanssi_hide_content":"","_relevanssi_pin_for_all":"","_relevanssi_pin_keywords":"","_relevanssi_unpin_keywords":"","_relevanssi_related_keywords":"","_relevanssi_related_include_ids":"","_relevanssi_related_exclude_ids":"","_relevanssi_related_no_append":"","_relevanssi_related_not_related":"","_relevanssi_related_posts":"","_relevanssi_noindex_reason":""},"product_cat":[60,734,201],"product_tag":[128,570,571,43,134,498,572,514,136],"class_list":{"0":"post-72193","1":"product","2":"type-product","3":"status-publish","4":"has-post-thumbnail","6":"product_cat-strikkeoppskrifter","7":"product_cat-sommerstrikk","8":"product_cat-kjoler-og-skjort","9":"product_tag-design-by-marte-helgetun","10":"product_tag-enkelt-ferieskjort","11":"product_tag-enkelt-skjort","12":"product_tag-line","13":"product_tag-marte-helgetun","14":"product_tag-skjort","15":"product_tag-skjort-dame","16":"product_tag-skjort-i-line","17":"product_tag-strikkeoppskrift","19":"first","20":"instock","21":"downloadable","22":"taxable","23":"shipping-taxable","24":"purchasable","25":"product-type-mht_bundle"},"acf":[],"_links":{"self":[{"href":"https:\/\/martehelgetun.no\/en\/wp-json\/wp\/v2\/product\/72193","targetHints":{"allow":["GET"]}}],"collection":[{"href":"https:\/\/martehelgetun.no\/en\/wp-json\/wp\/v2\/product"}],"about":[{"href":"https:\/\/martehelgetun.no\/en\/wp-json\/wp\/v2\/types\/product"}],"wp:featuredmedia":[{"embeddable":true,"href":"https:\/\/martehelgetun.no\/en\/wp-json\/wp\/v2\/media\/72194"}],"wp:attachment":[{"href":"https:\/\/martehelgetun.no\/en\/wp-json\/wp\/v2\/media?parent=72193"}],"wp:term":[{"taxonomy":"product_cat","embeddable":true,"href":"https:\/\/martehelgetun.no\/en\/wp-json\/wp\/v2\/product_cat?post=72193"},{"taxonomy":"product_tag","embeddable":true,"href":"https:\/\/martehelgetun.no\/en\/wp-json\/wp\/v2\/product_tag?post=72193"}],"curies":[{"name":"wp","href":"https:\/\/api.w.org\/{rel}","templated":true}]}}