{"id":72174,"date":"2024-02-15T15:40:10","date_gmt":"2024-02-15T14:40:10","guid":{"rendered":"http:\/\/martehelgetun.no\/?post_type=product&#038;p=72174"},"modified":"2026-04-22T14:54:03","modified_gmt":"2026-04-22T12:54:03","slug":"grovstrikka-singlet","status":"publish","type":"product","link":"https:\/\/martehelgetun.no\/en\/produkt\/grovstrikka-singlet\/","title":{"rendered":"Grovstrikka Singlet"},"content":{"rendered":"<div><strong>ST\u00d8RRELSER OG M\u00c5L<br \/>\n<\/strong>St\u00f8rrelser: S (M) L (XL)<br \/>\nOvervidde: 85 (91) 97 (109) cm<br \/>\nHel lengde: 52 (54) 56 (60) cm<\/div>\n<div>\n<p>&nbsp;<\/p>\n<p><strong>GARN OG GARNFORBRUK<\/strong><br \/>\nLine fra Sandnes Garn<br \/>\n5 (6) 7 (9) n\u00f8ster Skifer nr. 6080<strong><br \/>\n<\/strong><\/p>\n<\/div>\n<div><\/div>\n<div><strong><br \/>\nPINNER OG STRIKKEFASTHET<\/strong><br \/>\nRundpinne 80 cm lang nr. 7<br \/>\nHa gjerne en ekstra pinne eller vaier, slik at det blir lettere for deg \u00e5 strikke for- og bakstykkene.<br \/>\n14 masker strukturstrikk p\u00e5 pinne nr. 7 med dobbel tr\u00e5d = 10 cm i bredden<br \/>\nEtter damping og strekking er strikkefastheten 13 masker. Det er dette m\u00e5lene tar utgangspunkt i.<\/div>\n","protected":false},"excerpt":{"rendered":"<p>Denne t\u00f8ffe, grovstrikka singleten passer perfekt inn i skapet mitt, og den funker s\u00e5 bra b\u00e5de sammen med et lett sommerskj\u00f8rt og sammen med jeans til hverdags. Strukturen f\u00e5r frem fargespillet i Linegarnet s\u00e5 fint, og at den strikkes p\u00e5 pinne 7 gj\u00f8r den til et kjappstrikka prosjekt.\u00a0Singleten strikkes nedenfra og opp, og stroppene strikkes hver for seg til slutt.<\/p>\n<p>&nbsp;<\/p>\n<p>&nbsp;<\/p>\n<p><strong>Norsk og Engelsk oppskrift.<\/strong> Du f\u00e5r tilgang til alle spr\u00e5k som pdf fil ved kj\u00f8p.<\/p>\n<hr \/>\n<p data-start=\"0\" data-end=\"376\">This cool, chunky-knit tank top fits perfectly into my wardrobe and works just as well with a light summer skirt as it does with jeans for everyday wear. The texture beautifully highlights the color play in the Line yarn, and being knitted on 7 mm needles makes it a quick project. The tank top is worked from the bottom up, and the straps are knitted separately at the end.<\/p>\n<p data-start=\"378\" data-end=\"486\" data-is-last-node=\"\" data-is-only-node=\"\"><strong>Norwegian and English pattern included.<\/strong> You will receive access to all languages as PDF files upon purchase.<\/p>\n","protected":false},"featured_media":76265,"template":"","meta":{"_acf_changed":false,"_relevanssi_hide_post":"","_relevanssi_hide_content":"","_relevanssi_pin_for_all":"","_relevanssi_pin_keywords":"","_relevanssi_unpin_keywords":"","_relevanssi_related_keywords":"","_relevanssi_related_include_ids":"","_relevanssi_related_exclude_ids":"","_relevanssi_related_no_append":"","_relevanssi_related_not_related":"","_relevanssi_related_posts":"","_relevanssi_noindex_reason":""},"product_cat":[60,734,279],"product_tag":[128,567,43,134,568,569,136,293],"class_list":{"0":"post-72174","1":"product","2":"type-product","3":"status-publish","4":"has-post-thumbnail","6":"product_cat-strikkeoppskrifter","7":"product_cat-sommerstrikk","8":"product_cat-topp","9":"product_tag-design-by-marte-helgetun","10":"product_tag-grovstrikka-singlet","11":"product_tag-line","12":"product_tag-marte-helgetun","13":"product_tag-singlet","14":"product_tag-singlet-i-line","15":"product_tag-strikkeoppskrift","16":"product_tag-topp-i-line","18":"first","19":"instock","20":"downloadable","21":"taxable","22":"shipping-taxable","23":"purchasable","24":"product-type-mht_bundle"},"acf":[],"_links":{"self":[{"href":"https:\/\/martehelgetun.no\/en\/wp-json\/wp\/v2\/product\/72174","targetHints":{"allow":["GET"]}}],"collection":[{"href":"https:\/\/martehelgetun.no\/en\/wp-json\/wp\/v2\/product"}],"about":[{"href":"https:\/\/martehelgetun.no\/en\/wp-json\/wp\/v2\/types\/product"}],"wp:featuredmedia":[{"embeddable":true,"href":"https:\/\/martehelgetun.no\/en\/wp-json\/wp\/v2\/media\/76265"}],"wp:attachment":[{"href":"https:\/\/martehelgetun.no\/en\/wp-json\/wp\/v2\/media?parent=72174"}],"wp:term":[{"taxonomy":"product_cat","embeddable":true,"href":"https:\/\/martehelgetun.no\/en\/wp-json\/wp\/v2\/product_cat?post=72174"},{"taxonomy":"product_tag","embeddable":true,"href":"https:\/\/martehelgetun.no\/en\/wp-json\/wp\/v2\/product_tag?post=72174"}],"curies":[{"name":"wp","href":"https:\/\/api.w.org\/{rel}","templated":true}]}}