{"id":72169,"date":"2024-02-15T15:32:08","date_gmt":"2024-02-15T14:32:08","guid":{"rendered":"http:\/\/martehelgetun.no\/?post_type=product&#038;p=72169"},"modified":"2025-06-10T13:23:15","modified_gmt":"2025-06-10T11:23:15","slug":"enkel-rullegenser","status":"publish","type":"product","link":"https:\/\/martehelgetun.no\/en\/produkt\/enkel-rullegenser\/","title":{"rendered":"Enkel Rullegenser"},"content":{"rendered":"<p><strong>ST\u00d8RRELSER OG M\u00c5L<\/strong><br \/>\nSt\u00f8rrelser: (XS) S (M) L (XL) XXL<br \/>\nOvervidde: (94) 101 (108) 114 (120) 130 cm<br \/>\nHel lengde: ca (56) 60 (64) 68 (72) 74 cm<br \/>\nErmelengde: (38) 40 (42) 44 (45) 46 cm<\/p>\n<p>&nbsp;<\/p>\n<p><strong>GARN OG GARNFORBRUK<\/strong><br \/>\nLunt og Lett by Marte Helgetun<br \/>\n(5) 5 (6) 7 (8) 9 n\u00f8ster (a 50g) Lunt nr. 06 Skifer<br \/>\n(4) 4 (5) 6 (7) 8 n\u00f8ster (a 25g) Lett nr 07 Lys Skifer<br \/>\nGenseren strikkes med en tr\u00e5d av hver kvalitet<\/p>\n<p>&nbsp;<\/p>\n<p><strong>PINNER OG STRIKKEFASTHET<\/strong><br \/>\n80 og 40 cm rundpinne nr. 5 og settpinner nr. 5<br \/>\n20 masker glattstrikk med en tr\u00e5d av hver kvalitet<br \/>\np\u00e5 pinne nr. 5 = 10 cm i bredden<\/p>\n","protected":false},"excerpt":{"rendered":"<p>Jeg liker n\u00e5r kantene ruller seg opp slik de gj\u00f8r p\u00e5 denne genseren. Det fine med det er at det blir slik av seg selv n\u00e5r en ikke strikker vrangborder p\u00e5 kantene. Denne genseren har v\u00e6rt med oss en stund\u00a0og fortjente \u00e5 komme opp i st\u00f8rrelser. En enkel basisoppskrift strikket fra halsen og nedover, og som du lett kan tilpasse akkurat slik du vil ha den.<\/p>\n<p>&nbsp;<\/p>\n<p>&nbsp;<\/p>\n<p><strong>Norsk og Engelsk oppskrift.<\/strong> Du f\u00e5r tilgang til alle spr\u00e5k som pdf fil ved kj\u00f8p.<\/p>\n","protected":false},"featured_media":72170,"template":"","meta":{"_acf_changed":false,"_relevanssi_hide_post":"","_relevanssi_hide_content":"","_relevanssi_pin_for_all":"","_relevanssi_pin_keywords":"","_relevanssi_unpin_keywords":"","_relevanssi_related_keywords":"","_relevanssi_related_include_ids":"","_relevanssi_related_exclude_ids":"","_relevanssi_related_no_append":"","_relevanssi_related_not_related":"","_relevanssi_related_posts":"","_relevanssi_noindex_reason":""},"product_cat":[60,76],"product_tag":[128,564,77,566,37,33,134,565,136],"acf":[],"_links":{"self":[{"href":"https:\/\/martehelgetun.no\/en\/wp-json\/wp\/v2\/product\/72169"}],"collection":[{"href":"https:\/\/martehelgetun.no\/en\/wp-json\/wp\/v2\/product"}],"about":[{"href":"https:\/\/martehelgetun.no\/en\/wp-json\/wp\/v2\/types\/product"}],"wp:featuredmedia":[{"embeddable":true,"href":"https:\/\/martehelgetun.no\/en\/wp-json\/wp\/v2\/media\/72170"}],"wp:attachment":[{"href":"https:\/\/martehelgetun.no\/en\/wp-json\/wp\/v2\/media?parent=72169"}],"wp:term":[{"taxonomy":"product_cat","embeddable":true,"href":"https:\/\/martehelgetun.no\/en\/wp-json\/wp\/v2\/product_cat?post=72169"},{"taxonomy":"product_tag","embeddable":true,"href":"https:\/\/martehelgetun.no\/en\/wp-json\/wp\/v2\/product_tag?post=72169"}],"curies":[{"name":"wp","href":"https:\/\/api.w.org\/{rel}","templated":true}]}}